{"id":9573,"date":"2025-03-31T10:04:23","date_gmt":"2025-03-31T10:04:23","guid":{"rendered":"https:\/\/kairosvalley.com\/?page_id=9573"},"modified":"2026-02-01T08:06:34","modified_gmt":"2026-02-01T08:06:34","slug":"gastronomi-yolculugu","status":"publish","type":"page","link":"https:\/\/kairosvalley.com\/tr\/gastronomi-yolculugu\/","title":{"rendered":"Gastronomi Yolculu\u011fu"},"content":{"rendered":"<div class=\"wpb-content-wrapper\"><p>[vc_row full_width=&#8221;stretch_row_content&#8221; content_placement=&#8221;middle&#8221; css=&#8221;.vc_custom_1743532793507{padding-top: 100px !important;padding-right: 15px !important;padding-left: 15px !important;}&#8221; woodmart_css_id=&#8221;67ec32f2121d1&#8243; responsive_spacing=&#8221;eyJwYXJhbV90eXBlIjoid29vZG1hcnRfcmVzcG9uc2l2ZV9zcGFjaW5nIiwic2VsZWN0b3JfaWQiOiI2N2VjMzJmMjEyMWQxIiwic2hvcnRjb2RlIjoidmNfcm93IiwiZGF0YSI6eyJ0YWJsZXQiOnt9LCJtb2JpbGUiOnt9fX0=&#8221; mobile_bg_img_hidden=&#8221;no&#8221; tablet_bg_img_hidden=&#8221;no&#8221; woodmart_parallax=&#8221;0&#8243; woodmart_gradient_switch=&#8221;no&#8221; row_reverse_mobile=&#8221;0&#8243; row_reverse_tablet=&#8221;0&#8243; woodmart_disable_overflow=&#8221;0&#8243; woodmart_box_shadow=&#8221;no&#8221; wd_z_index=&#8221;no&#8221;][vc_column scroll_x=&#8221;0&#8243; scroll_y=&#8221;20&#8243; scroll_z=&#8221;0&#8243; parallax_scroll=&#8221;yes&#8221; css=&#8221;.vc_custom_1744747716445{margin-right: 80px !important;padding-top: 40px !important;padding-bottom: 25px !important;background-color: #A8BAA7 !important;}&#8221; offset=&#8221;vc_col-lg-6 vc_col-md-6&#8243; woodmart_css_id=&#8221;67febcc020b84&#8243; responsive_spacing=&#8221;eyJwYXJhbV90eXBlIjoid29vZG1hcnRfcmVzcG9uc2l2ZV9zcGFjaW5nIiwic2VsZWN0b3JfaWQiOiI2N2ZlYmNjMDIwYjg0Iiwic2hvcnRjb2RlIjoidmNfY29sdW1uIiwiZGF0YSI6eyJ0YWJsZXQiOnsicGFkZGluZy1ib3R0b20iOiI1NXB4In0sIm1vYmlsZSI6eyJwYWRkaW5nLWJvdHRvbSI6IjBweCIsInBhZGRpbmctbGVmdCI6IjIwcHgifX19&#8243; mobile_bg_img_hidden=&#8221;no&#8221; tablet_bg_img_hidden=&#8221;no&#8221; woodmart_parallax=&#8221;0&#8243; woodmart_sticky_column=&#8221;false&#8221; mobile_reset_margin=&#8221;yes&#8221; tablet_reset_margin=&#8221;yes&#8221; wd_z_index=&#8221;no&#8221; wd_collapsible_content_switcher=&#8221;no&#8221; wd_column_role_offcanvas_desktop=&#8221;no&#8221; wd_column_role_offcanvas_tablet=&#8221;no&#8221; wd_column_role_offcanvas_mobile=&#8221;no&#8221; wd_column_role_content_desktop=&#8221;no&#8221; wd_column_role_content_tablet=&#8221;no&#8221; wd_column_role_content_mobile=&#8221;no&#8221; woodmart_box_shadow=&#8221;no&#8221;]\t\t<div id=\"wd-67febc9466c23\" data-parallax='{\"y\":\"-30\",\"smoothness\":\"30\"}' class=\"wd-image wd-wpb wd-rs-67febc9466c23 text-right vc_custom_1744747686148\">\n\t\t\t\n\t\t\t<img loading=\"lazy\" decoding=\"async\" width=\"775\" height=\"350\" src=\"https:\/\/kairosvalley.com\/wp-content\/uploads\/2025\/04\/7-2.jpg\" class=\"attachment-full size-full\" alt=\"\" srcset=\"https:\/\/kairosvalley.com\/wp-content\/uploads\/2025\/04\/7-2.jpg 775w, https:\/\/kairosvalley.com\/wp-content\/uploads\/2025\/04\/7-2-400x181.jpg 400w, https:\/\/kairosvalley.com\/wp-content\/uploads\/2025\/04\/7-2-768x347.jpg 768w\" sizes=\"auto, (max-width: 775px) 100vw, 775px\" \/>\n\t\t\t\t\t<\/div>\n\t\t[\/vc_column][vc_column scroll_x=&#8221;0&#8243; scroll_y=&#8221;20&#8243; scroll_z=&#8221;0&#8243; parallax_scroll=&#8221;yes&#8221; css=&#8221;.vc_custom_1628667942709{margin-left: 65px !important;padding-top: 40px !important;padding-bottom: 30px !important;}&#8221; offset=&#8221;vc_col-lg-5 vc_col-md-6&#8243; woodmart_css_id=&#8221;6113801f21d49&#8243; responsive_spacing=&#8221;eyJwYXJhbV90eXBlIjoid29vZG1hcnRfcmVzcG9uc2l2ZV9zcGFjaW5nIiwic2VsZWN0b3JfaWQiOiI2MTEzODAxZjIxZDQ5Iiwic2hvcnRjb2RlIjoidmNfY29sdW1uIiwiZGF0YSI6eyJ0YWJsZXQiOnt9LCJtb2JpbGUiOnt9fX0=&#8221; mobile_bg_img_hidden=&#8221;no&#8221; tablet_bg_img_hidden=&#8221;no&#8221; woodmart_parallax=&#8221;0&#8243; woodmart_sticky_column=&#8221;false&#8221; mobile_reset_margin=&#8221;yes&#8221; tablet_reset_margin=&#8221;yes&#8221;]\n\t\t<div id=\"wd-697f092a74a6a\" class=\"title-wrapper wd-wpb wd-set-mb reset-last-child  wd-rs-697f092a74a6a wd-title-color-default wd-title-style-default text-left  wd-width-custom wd-underline-colored\">\n\t\t\t\n\t\t\t<div class=\"liner-continer\">\n\t\t\t\t<h4 class=\"woodmart-title-container title  wd-font-weight-400 wd-fontsize-l\" >Ka\u0131Lotus<br \/>\n\u00c0 la Carte<br \/>\nRestaurant<\/h4>\n\t\t\t\t\t\t\t<\/div>\n\t\t\t\n\t\t\t\n\t\t\t\n\t\t<\/div>\n\t\t\n\t\t\t\t<div id=\"wd-67f5496471a79\" class=\"wd-text-block wd-wpb reset-last-child wd-rs-67f5496471a79 text-left wd-fontsize-s \">\n\t\t\t<p style=\"text-align: justify;\">KaiLotus, <strong>\u00e7iftlikten sofraya<\/strong> konseptiyle haz\u0131rlanan, otantik Akdeniz mutfa\u011f\u0131n\u0131 sizlerle bulu\u015fturuyor. Taze ve mevsiminde malzemelerle haz\u0131rlanan yemekler, s\u0131cak ve samimi bir atmosferde servis edilir. Hem kapal\u0131 hem de a\u00e7\u0131k alan se\u00e7enekleriyle keyifli bir gastronomi deneyimi sunar.<\/p>\n<p style=\"text-align: justify;\">G\u00fcler y\u00fczl\u00fc ekibimiz ve g\u00fcn boyu s\u00fcren \u00f6zel men\u00fcm\u00fczle, sabah\u0131n ilk \u0131\u015f\u0131klar\u0131ndan geceye kadar lezzet dolu anlar ya\u015faman\u0131z i\u00e7in buraday\u0131z.<\/p>\n\t\t<\/div>\n\t\t<div id=\"wd-680dd3e7bae78\" class=\" wd-rs-680dd3e7bae78  wd-button-wrapper text-center inline-element\"><a href=\"https:\/\/kairosvalley.com\/tr\/iletisim-rezervasyon\/\" title=\"\u0130leti\u015fim &amp; Rezervasyon\" class=\"btn btn-color-primary btn-style-bordered btn-shape-semi-round btn-size-default\">\u015eimdi Rezervasyon YAPINIZ<\/a><\/div>[\/vc_column][\/vc_row][vc_row full_width=&#8221;stretch_row_content&#8221; content_placement=&#8221;middle&#8221; responsive_tabs_advanced=&#8221;mobile&#8221; row_reverse_mobile=&#8221;1&#8243; row_reverse_tablet=&#8221;0&#8243; css=&#8221;.vc_custom_1743703931482{margin-top: 60px !important;padding-right: 15px !important;padding-left: 15px !important;}&#8221; woodmart_css_id=&#8221;67eecf6f5590f&#8221; responsive_spacing=&#8221;eyJwYXJhbV90eXBlIjoid29vZG1hcnRfcmVzcG9uc2l2ZV9zcGFjaW5nIiwic2VsZWN0b3JfaWQiOiI2N2VlY2Y2ZjU1OTBmIiwic2hvcnRjb2RlIjoidmNfcm93IiwiZGF0YSI6eyJ0YWJsZXQiOnt9LCJtb2JpbGUiOnsibWFyZ2luLXRvcCI6IjMwcHgifX19&#8243; mobile_bg_img_hidden=&#8221;no&#8221; tablet_bg_img_hidden=&#8221;no&#8221; woodmart_parallax=&#8221;0&#8243; woodmart_gradient_switch=&#8221;no&#8221; woodmart_disable_overflow=&#8221;0&#8243; woodmart_box_shadow=&#8221;no&#8221; wd_z_index=&#8221;no&#8221;][vc_column scroll_x=&#8221;0&#8243; scroll_y=&#8221;20&#8243; scroll_z=&#8221;0&#8243; woodmart_text_align=&#8221;right&#8221; parallax_scroll=&#8221;yes&#8221; css=&#8221;.vc_custom_1628667933262{margin-right: 65px !important;padding-top: 40px !important;padding-bottom: 30px !important;}&#8221; offset=&#8221;vc_col-lg-offset-1 vc_col-lg-5 vc_col-md-6&#8243; woodmart_css_id=&#8221;61138017208ff&#8221; responsive_spacing=&#8221;eyJwYXJhbV90eXBlIjoid29vZG1hcnRfcmVzcG9uc2l2ZV9zcGFjaW5nIiwic2VsZWN0b3JfaWQiOiI2MTEzODAxNzIwOGZmIiwic2hvcnRjb2RlIjoidmNfY29sdW1uIiwiZGF0YSI6eyJ0YWJsZXQiOnt9LCJtb2JpbGUiOnt9fX0=&#8221; mobile_bg_img_hidden=&#8221;no&#8221; tablet_bg_img_hidden=&#8221;no&#8221; woodmart_parallax=&#8221;0&#8243; woodmart_sticky_column=&#8221;false&#8221; mobile_reset_margin=&#8221;yes&#8221; tablet_reset_margin=&#8221;yes&#8221;]\n\t\t<div id=\"wd-67ec42468b7b5\" class=\"title-wrapper wd-wpb wd-set-mb reset-last-child  wd-rs-67ec42468b7b5 wd-title-color-default wd-title-style-default text-right  wd-width-custom wd-underline-colored\">\n\t\t\t\n\t\t\t<div class=\"liner-continer\">\n\t\t\t\t<h4 class=\"woodmart-title-container title  wd-font-weight-400 wd-fontsize-l\" >\u00c7iftlikten Sofraya Felsefesi<\/h4>\n\t\t\t\t\t\t\t<\/div>\n\t\t\t\n\t\t\t\n\t\t\t\n\t\t<\/div>\n\t\t\n\t\t\t\t<div id=\"wd-67f54976496ea\" class=\"wd-text-block wd-wpb reset-last-child wd-rs-67f54976496ea text-right wd-fontsize-s \">\n\t\t\t<p style=\"text-align: justify;\"><strong>\u00c7iftlikten sofraya anlay\u0131\u015f\u0131m\u0131z<\/strong>, do\u011faya sayg\u0131l\u0131 ve s\u00fcrd\u00fcr\u00fclebilir tar\u0131m\u0131 destekleyen bir yakla\u015f\u0131md\u0131r. Pestisit i\u00e7ermeyen, organik malzemelerle haz\u0131rlanan yemeklerimiz, g\u00fcnl\u00fck olarak hasat edilen taze ve mevsimsel \u00fcr\u00fcnlerle sofran\u0131za ula\u015f\u0131r.<\/p>\n<p style=\"text-align: justify;\">Her tohum, gelece\u011fin bereketli hasatlar\u0131n\u0131 beslemek i\u00e7in sevgiyle yeti\u015ftirilir ve \u00f6zenle sunulur. Burada do\u011fall\u0131\u011f\u0131n ve saf lezzetin keyfini \u00e7\u0131karabilirsiniz.<\/p>\n\t\t<\/div>\n\t\t<div id=\"wd-680dd3f0371d1\" class=\" wd-rs-680dd3f0371d1  wd-button-wrapper text-center inline-element\"><a href=\"https:\/\/kairosvalley.com\/tr\/iletisim-rezervasyon\/\" title=\"\u0130leti\u015fim &amp; Rezervasyon\" class=\"btn btn-color-primary btn-style-bordered btn-shape-semi-round btn-size-default\">\u015eimdi Rezervasyon YAPINIZ<\/a><\/div>[\/vc_column][vc_column scroll_x=&#8221;0&#8243; scroll_y=&#8221;20&#8243; scroll_z=&#8221;0&#8243; parallax_scroll=&#8221;yes&#8221; css=&#8221;.vc_custom_1743531586377{margin-left: 80px !important;padding-top: 0px !important;background-color: #A8BAA7 !important;}&#8221; offset=&#8221;vc_col-lg-6 vc_col-md-6&#8243; woodmart_parallax=&#8221;0&#8243; woodmart_sticky_column=&#8221;false&#8221; woodmart_css_id=&#8221;67ec2e379ba7c&#8221; responsive_spacing=&#8221;eyJwYXJhbV90eXBlIjoid29vZG1hcnRfcmVzcG9uc2l2ZV9zcGFjaW5nIiwic2VsZWN0b3JfaWQiOiI2N2VjMmUzNzliYTdjIiwic2hvcnRjb2RlIjoidmNfY29sdW1uIiwiZGF0YSI6eyJ0YWJsZXQiOnsicGFkZGluZy1ib3R0b20iOiIzMHB4In0sIm1vYmlsZSI6e319fQ==&#8221; mobile_bg_img_hidden=&#8221;no&#8221; tablet_bg_img_hidden=&#8221;no&#8221; mobile_reset_margin=&#8221;yes&#8221; tablet_reset_margin=&#8221;yes&#8221; wd_collapsible_content_switcher=&#8221;no&#8221; wd_column_role_offcanvas_desktop=&#8221;no&#8221; wd_column_role_offcanvas_tablet=&#8221;no&#8221; wd_column_role_offcanvas_mobile=&#8221;no&#8221; wd_column_role_content_desktop=&#8221;no&#8221; wd_column_role_content_tablet=&#8221;no&#8221; wd_column_role_content_mobile=&#8221;no&#8221; woodmart_box_shadow=&#8221;no&#8221; wd_z_index=&#8221;no&#8221;]\t\t<div id=\"wd-67febced5aa76\" data-parallax='{\"y\":\"-30\",\"smoothness\":\"30\"}' class=\"wd-image wd-wpb wd-rs-67febced5aa76 text-left vc_custom_1744747768221\">\n\t\t\t\n\t\t\t<img loading=\"lazy\" decoding=\"async\" width=\"775\" height=\"350\" src=\"https:\/\/kairosvalley.com\/wp-content\/uploads\/2025\/04\/1-11.jpg\" class=\"attachment-full size-full\" alt=\"\" srcset=\"https:\/\/kairosvalley.com\/wp-content\/uploads\/2025\/04\/1-11.jpg 775w, https:\/\/kairosvalley.com\/wp-content\/uploads\/2025\/04\/1-11-400x181.jpg 400w, https:\/\/kairosvalley.com\/wp-content\/uploads\/2025\/04\/1-11-768x347.jpg 768w\" sizes=\"auto, (max-width: 775px) 100vw, 775px\" \/>\n\t\t\t\t\t<\/div>\n\t\t[\/vc_column][\/vc_row]<\/p>\n<\/div>","protected":false},"excerpt":{"rendered":"<p>[vc_row full_width=&#8221;stretch_row_content&#8221; content_placement=&#8221;middle&#8221; css=&#8221;.vc_custom_1743532793507{padding-top: 100px !important;padding-right: 15px !important;padding-left: 15px !important;}&#8221; woodmart_css_id=&#8221;67ec32f2121d1&#8243; responsive_spacing=&#8221;eyJwYXJhbV90eXBlIjoid29vZG1hcnRfcmVzcG9uc2l2ZV9zcGFjaW5nIiwic2VsZWN0b3JfaWQiOiI2N2VjMzJmMjEyMWQxIiwic2hvcnRjb2RlIjoidmNfcm93IiwiZGF0YSI6eyJ0YWJsZXQiOnt9LCJtb2JpbGUiOnt9fX0=&#8221; mobile_bg_img_hidden=&#8221;no&#8221; tablet_bg_img_hidden=&#8221;no&#8221; woodmart_parallax=&#8221;0&#8243; woodmart_gradient_switch=&#8221;no&#8221; row_reverse_mobile=&#8221;0&#8243; row_reverse_tablet=&#8221;0&#8243; woodmart_disable_overflow=&#8221;0&#8243; woodmart_box_shadow=&#8221;no&#8221;<\/p>\n","protected":false},"author":1,"featured_media":0,"parent":0,"menu_order":0,"comment_status":"closed","ping_status":"closed","template":"","meta":{"footnotes":""},"class_list":["post-9573","page","type-page","status-publish","hentry"],"_links":{"self":[{"href":"https:\/\/kairosvalley.com\/tr\/wp-json\/wp\/v2\/pages\/9573","targetHints":{"allow":["GET"]}}],"collection":[{"href":"https:\/\/kairosvalley.com\/tr\/wp-json\/wp\/v2\/pages"}],"about":[{"href":"https:\/\/kairosvalley.com\/tr\/wp-json\/wp\/v2\/types\/page"}],"author":[{"embeddable":true,"href":"https:\/\/kairosvalley.com\/tr\/wp-json\/wp\/v2\/users\/1"}],"replies":[{"embeddable":true,"href":"https:\/\/kairosvalley.com\/tr\/wp-json\/wp\/v2\/comments?post=9573"}],"version-history":[{"count":17,"href":"https:\/\/kairosvalley.com\/tr\/wp-json\/wp\/v2\/pages\/9573\/revisions"}],"predecessor-version":[{"id":11042,"href":"https:\/\/kairosvalley.com\/tr\/wp-json\/wp\/v2\/pages\/9573\/revisions\/11042"}],"wp:attachment":[{"href":"https:\/\/kairosvalley.com\/tr\/wp-json\/wp\/v2\/media?parent=9573"}],"curies":[{"name":"wp","href":"https:\/\/api.w.org\/{rel}","templated":true}]}}