{"id":9570,"date":"2025-03-31T10:03:32","date_gmt":"2025-03-31T10:03:32","guid":{"rendered":"https:\/\/kairosvalley.com\/?page_id=9570"},"modified":"2025-05-03T15:40:11","modified_gmt":"2025-05-03T15:40:11","slug":"toplanti-etkinlik-mekanlari","status":"publish","type":"page","link":"https:\/\/kairosvalley.com\/tr\/toplanti-etkinlik-mekanlari\/","title":{"rendered":"Toplant\u0131 &#038; Etkinlik Mek\u00e2nlar\u0131"},"content":{"rendered":"<div class=\"wpb-content-wrapper\"><p>[vc_row full_width=&#8221;stretch_row_content&#8221; content_placement=&#8221;middle&#8221; css=&#8221;.vc_custom_1746286541107{padding-top: 100px !important;padding-right: 15px !important;padding-left: 15px !important;}&#8221; woodmart_css_id=&#8221;681637c66b4fe&#8221; responsive_spacing=&#8221;eyJwYXJhbV90eXBlIjoid29vZG1hcnRfcmVzcG9uc2l2ZV9zcGFjaW5nIiwic2VsZWN0b3JfaWQiOiI2ODE2MzdjNjZiNGZlIiwic2hvcnRjb2RlIjoidmNfcm93IiwiZGF0YSI6eyJ0YWJsZXQiOnt9LCJtb2JpbGUiOnsicGFkZGluZy10b3AiOiIxMzBweCJ9fX0=&#8221; mobile_bg_img_hidden=&#8221;no&#8221; tablet_bg_img_hidden=&#8221;no&#8221; woodmart_parallax=&#8221;0&#8243; woodmart_gradient_switch=&#8221;no&#8221; row_reverse_mobile=&#8221;0&#8243; row_reverse_tablet=&#8221;0&#8243; woodmart_disable_overflow=&#8221;0&#8243; woodmart_box_shadow=&#8221;no&#8221; wd_z_index=&#8221;no&#8221;][vc_column scroll_x=&#8221;0&#8243; scroll_y=&#8221;20&#8243; scroll_z=&#8221;0&#8243; parallax_scroll=&#8221;yes&#8221; css=&#8221;.vc_custom_1743534218560{margin-right: 80px !important;padding-top: 40px !important;padding-bottom: 25px !important;padding-left: 120px !important;background-color: #A8BAA7 !important;}&#8221; offset=&#8221;vc_col-lg-6 vc_col-md-6&#8243; woodmart_css_id=&#8221;67ec386d7e3bf&#8221; responsive_spacing=&#8221;eyJwYXJhbV90eXBlIjoid29vZG1hcnRfcmVzcG9uc2l2ZV9zcGFjaW5nIiwic2VsZWN0b3JfaWQiOiI2N2VjMzg2ZDdlM2JmIiwic2hvcnRjb2RlIjoidmNfY29sdW1uIiwiZGF0YSI6eyJ0YWJsZXQiOnsicGFkZGluZy1ib3R0b20iOiI1NXB4In0sIm1vYmlsZSI6eyJwYWRkaW5nLWJvdHRvbSI6IjAiLCJwYWRkaW5nLWxlZnQiOiIyMHB4In19fQ==&#8221; mobile_bg_img_hidden=&#8221;no&#8221; tablet_bg_img_hidden=&#8221;no&#8221; woodmart_parallax=&#8221;0&#8243; woodmart_sticky_column=&#8221;false&#8221; mobile_reset_margin=&#8221;yes&#8221; tablet_reset_margin=&#8221;yes&#8221; wd_z_index=&#8221;no&#8221; wd_collapsible_content_switcher=&#8221;no&#8221; wd_column_role_offcanvas_desktop=&#8221;no&#8221; wd_column_role_offcanvas_tablet=&#8221;no&#8221; wd_column_role_offcanvas_mobile=&#8221;no&#8221; wd_column_role_content_desktop=&#8221;no&#8221; wd_column_role_content_tablet=&#8221;no&#8221; wd_column_role_content_mobile=&#8221;no&#8221; woodmart_box_shadow=&#8221;no&#8221;][vc_gallery type=&#8221;nivo&#8221; interval=&#8221;5&#8243; images=&#8221;9749,9751,9750,9752,9753,9754&#8243; img_size=&#8221;full&#8221; onclick=&#8221;&#8221; css=&#8221;.vc_custom_1744748986114{margin-right: -120px !important;margin-bottom: -80px !important;}&#8221;][\/vc_column][vc_column scroll_x=&#8221;0&#8243; scroll_y=&#8221;20&#8243; scroll_z=&#8221;0&#8243; parallax_scroll=&#8221;yes&#8221; css=&#8221;.vc_custom_1746286752627{margin-left: 65px !important;padding-top: 40px !important;padding-bottom: 30px !important;}&#8221; offset=&#8221;vc_col-lg-5 vc_col-md-6&#8243; woodmart_css_id=&#8221;681638995809f&#8221; responsive_spacing=&#8221;eyJwYXJhbV90eXBlIjoid29vZG1hcnRfcmVzcG9uc2l2ZV9zcGFjaW5nIiwic2VsZWN0b3JfaWQiOiI2ODE2Mzg5OTU4MDlmIiwic2hvcnRjb2RlIjoidmNfY29sdW1uIiwiZGF0YSI6eyJ0YWJsZXQiOnt9LCJtb2JpbGUiOnsibWFyZ2luLXRvcCI6IjYwcHgifX19&#8243; mobile_bg_img_hidden=&#8221;no&#8221; tablet_bg_img_hidden=&#8221;no&#8221; woodmart_parallax=&#8221;0&#8243; woodmart_sticky_column=&#8221;false&#8221; mobile_reset_margin=&#8221;yes&#8221; tablet_reset_margin=&#8221;yes&#8221; wd_collapsible_content_switcher=&#8221;no&#8221; wd_column_role_offcanvas_desktop=&#8221;no&#8221; wd_column_role_offcanvas_tablet=&#8221;no&#8221; wd_column_role_offcanvas_mobile=&#8221;no&#8221; wd_column_role_content_desktop=&#8221;no&#8221; wd_column_role_content_tablet=&#8221;no&#8221; wd_column_role_content_mobile=&#8221;no&#8221; woodmart_box_shadow=&#8221;no&#8221; wd_z_index=&#8221;no&#8221;]\n\t\t<div id=\"wd-67ec419c6e140\" class=\"title-wrapper wd-wpb wd-set-mb reset-last-child  wd-rs-67ec419c6e140 wd-title-color-default wd-title-style-default text-left  wd-width-custom wd-underline-colored\">\n\t\t\t\n\t\t\t<div class=\"liner-continer\">\n\t\t\t\t<h4 class=\"woodmart-title-container title  wd-font-weight-400 wd-fontsize-l\" >Althea Event Hall<\/h4>\n\t\t\t\t\t\t\t<\/div>\n\t\t\t\n\t\t\t\n\t\t\t\n\t\t<\/div>\n\t\t\n\t\t\t\t<div id=\"wd-67ec41a06e9cf\" class=\"wd-text-block wd-wpb reset-last-child wd-rs-67ec41a06e9cf text-left wd-fontsize-s \">\n\t\t\t<p>Kurumsal etkinlikler ve inzivalar i\u00e7in tasarlanan <strong>Althea Etkinlik Salonu<\/strong>, \u00e7ok y\u00f6nl\u00fc kullan\u0131m imk\u00e2n\u0131 sunan modern ve konforlu bir mek\u00e2nd\u0131r. Son teknoloji ses ve g\u00f6r\u00fcnt\u00fc sistemleri sayesinde y\u00fcksek kaliteli sunumlar ve kesintisiz ileti\u015fim imk\u00e2n\u0131 sa\u011flar.<\/p>\n<p>Narenciye a\u011fa\u00e7lar\u0131n\u0131n ferahlat\u0131c\u0131 kokusuyla \u00e7evrili bu huzurlu alan, yarat\u0131c\u0131l\u0131\u011f\u0131 te\u015fvik ederken profesyonel bir atmosfer sunar. Konuklar, do\u011frudan bah\u00e7eye ve fuaye alan\u0131na eri\u015ferek hem dinlenebilir hem de a\u011f kurma f\u0131rsat\u0131 yakalayabilir.<br \/>\n\u0130ster at\u00f6lye \u00e7al\u0131\u015fmalar\u0131, ister toplant\u0131lar ya da ekip motivasyon etkinlikleri d\u00fczenleyin; Althea Event Hall, ihtiya\u00e7lar\u0131n\u0131za tam olarak uyum sa\u011flayan ilham verici bir ortam sunuyor.<\/p>\n\t\t<\/div>\n\t\t<div id=\"wd-680dd55dc225a\" class=\" wd-rs-680dd55dc225a  wd-button-wrapper text-center inline-element\"><a href=\"https:\/\/kairosvalley.com\/tr\/iletisim-rezervasyon\/\" title=\"\u0130leti\u015fim &amp; Rezervasyon\" class=\"btn btn-color-primary btn-style-bordered btn-shape-semi-round btn-size-default\">\u015eimdi Rezervasyon YAPINIZ<\/a><\/div>[\/vc_column][\/vc_row][vc_row full_width=&#8221;stretch_row_content&#8221; content_placement=&#8221;middle&#8221; css=&#8221;.vc_custom_1743703957333{margin-top: 60px !important;padding-right: 15px !important;padding-left: 15px !important;}&#8221; woodmart_css_id=&#8221;67eecf7f7663b&#8221; responsive_spacing=&#8221;eyJwYXJhbV90eXBlIjoid29vZG1hcnRfcmVzcG9uc2l2ZV9zcGFjaW5nIiwic2VsZWN0b3JfaWQiOiI2N2VlY2Y3Zjc2NjNiIiwic2hvcnRjb2RlIjoidmNfcm93IiwiZGF0YSI6eyJ0YWJsZXQiOnt9LCJtb2JpbGUiOnsibWFyZ2luLXRvcCI6IjMwcHgifX19&#8243; mobile_bg_img_hidden=&#8221;no&#8221; tablet_bg_img_hidden=&#8221;no&#8221; woodmart_parallax=&#8221;0&#8243; woodmart_gradient_switch=&#8221;no&#8221; row_reverse_mobile=&#8221;1&#8243; row_reverse_tablet=&#8221;0&#8243; woodmart_disable_overflow=&#8221;0&#8243; woodmart_box_shadow=&#8221;no&#8221; wd_z_index=&#8221;no&#8221;][vc_column scroll_x=&#8221;0&#8243; scroll_y=&#8221;20&#8243; scroll_z=&#8221;0&#8243; woodmart_text_align=&#8221;right&#8221; parallax_scroll=&#8221;yes&#8221; css=&#8221;.vc_custom_1746286777708{margin-left: 65px !important;padding-top: 40px !important;padding-bottom: 30px !important;}&#8221; offset=&#8221;vc_col-lg-5 vc_col-md-6&#8243; woodmart_css_id=&#8221;681638b248263&#8243; responsive_spacing=&#8221;eyJwYXJhbV90eXBlIjoid29vZG1hcnRfcmVzcG9uc2l2ZV9zcGFjaW5nIiwic2VsZWN0b3JfaWQiOiI2ODE2MzhiMjQ4MjYzIiwic2hvcnRjb2RlIjoidmNfY29sdW1uIiwiZGF0YSI6eyJ0YWJsZXQiOnt9LCJtb2JpbGUiOnsibWFyZ2luLXRvcCI6IjYwIn19fQ==&#8221; mobile_bg_img_hidden=&#8221;no&#8221; tablet_bg_img_hidden=&#8221;no&#8221; woodmart_parallax=&#8221;0&#8243; woodmart_sticky_column=&#8221;false&#8221; mobile_reset_margin=&#8221;yes&#8221; tablet_reset_margin=&#8221;yes&#8221; wd_collapsible_content_switcher=&#8221;no&#8221; wd_column_role_offcanvas_desktop=&#8221;no&#8221; wd_column_role_offcanvas_tablet=&#8221;no&#8221; wd_column_role_offcanvas_mobile=&#8221;no&#8221; wd_column_role_content_desktop=&#8221;no&#8221; wd_column_role_content_tablet=&#8221;no&#8221; wd_column_role_content_mobile=&#8221;no&#8221; woodmart_box_shadow=&#8221;no&#8221; wd_z_index=&#8221;no&#8221;]\n\t\t<div id=\"wd-67f6bdbeebbfc\" class=\"title-wrapper wd-wpb wd-set-mb reset-last-child  wd-rs-67f6bdbeebbfc wd-title-color-default wd-title-style-default text-right  wd-width-custom wd-underline-colored\">\n\t\t\t\n\t\t\t<div class=\"liner-continer\">\n\t\t\t\t<h4 class=\"woodmart-title-container title  wd-font-weight-400 wd-fontsize-l\" >The Yoga Shala<\/h4>\n\t\t\t\t\t\t\t<\/div>\n\t\t\t\n\t\t\t\n\t\t\t\n\t\t<\/div>\n\t\t\n\t\t\t\t<div id=\"wd-67ec41bdce8ed\" class=\"wd-text-block wd-wpb reset-last-child wd-rs-67ec41bdce8ed text-right wd-fontsize-s \">\n\t\t\t<p>Vadinin zirvesinde, etkileyici g\u00fcn bat\u0131m\u0131 manzaralar\u0131 e\u015fli\u011finde y\u00fckselen <strong>Spirit Dome<\/strong>, unutulmaz bir etkinlik deneyimi sunuyor. Do\u011fal malzemeler ve bambu mimarisiyle \u00f6zenle tasarlanan bu geleneksel \u00e7ad\u0131r, 250 m\u00b2 geni\u015fli\u011finde ah\u015fap zeminli alan\u0131yla farkl\u0131 etkinlikler i\u00e7in ideal bir atmosfer yarat\u0131yor.<\/p>\n<p>80 ki\u015fiye kadar kapasiteye sahip olan <strong>Spirit Dome<\/strong>, \u00f6zellikle yoga seanslar\u0131, ruhsal inzivalar ve meditasyon \u00e7al\u0131\u015fmalar\u0131 i\u00e7in m\u00fckemmel bir alan sa\u011fl\u0131yor. Modern ses sistemiyle donat\u0131lm\u0131\u015f bu e\u015fsiz mek\u00e2nda, do\u011fayla uyum i\u00e7inde derin bir i\u00e7sel ke\u015fif ve dinginlik deneyimi ya\u015fayabilirsiniz.<\/p>\n<p>Do\u011fuya d\u00f6nerek g\u00fcne\u015fi selamlayabilir, bat\u0131ya veda ederek g\u00fcn\u00fc tamamlayabilirsiniz. D\u0131\u015f d\u00fcnyan\u0131n dikkat da\u011f\u0131t\u0131c\u0131 unsurlar\u0131ndan uzak, tamamen odaklanabilece\u011finiz bu alan, i\u00e7 huzur ve spirit\u00fcel d\u00f6n\u00fc\u015f\u00fcm arayanlar i\u00e7in adeta bir tap\u0131nak gibi tasarland\u0131.<\/p>\n\t\t<\/div>\n\t\t<div id=\"wd-680dd565c7a89\" class=\" wd-rs-680dd565c7a89  wd-button-wrapper text-center inline-element\"><a href=\"https:\/\/kairosvalley.com\/tr\/iletisim-rezervasyon\/\" title=\"\u0130leti\u015fim &amp; Rezervasyon\" class=\"btn btn-color-primary btn-style-bordered btn-shape-semi-round btn-size-default\">\u015eimdi Rezervasyon Yap\u0131n\u0131z<\/a><\/div>[\/vc_column][vc_column scroll_x=&#8221;0&#8243; scroll_y=&#8221;20&#8243; scroll_z=&#8221;0&#8243; parallax_scroll=&#8221;yes&#8221; css=&#8221;.vc_custom_1743534218560{margin-right: 80px !important;padding-top: 40px !important;padding-bottom: 25px !important;padding-left: 120px !important;background-color: #A8BAA7 !important;}&#8221; offset=&#8221;vc_col-lg-6 vc_col-md-6&#8243; woodmart_css_id=&#8221;67ec386d7e3bf&#8221; responsive_spacing=&#8221;eyJwYXJhbV90eXBlIjoid29vZG1hcnRfcmVzcG9uc2l2ZV9zcGFjaW5nIiwic2VsZWN0b3JfaWQiOiI2N2VjMzg2ZDdlM2JmIiwic2hvcnRjb2RlIjoidmNfY29sdW1uIiwiZGF0YSI6eyJ0YWJsZXQiOnsicGFkZGluZy1ib3R0b20iOiI1NXB4In0sIm1vYmlsZSI6eyJwYWRkaW5nLWJvdHRvbSI6IjAiLCJwYWRkaW5nLWxlZnQiOiIyMHB4In19fQ==&#8221; mobile_bg_img_hidden=&#8221;no&#8221; tablet_bg_img_hidden=&#8221;no&#8221; woodmart_parallax=&#8221;0&#8243; woodmart_sticky_column=&#8221;false&#8221; mobile_reset_margin=&#8221;yes&#8221; tablet_reset_margin=&#8221;yes&#8221; wd_z_index=&#8221;no&#8221; wd_collapsible_content_switcher=&#8221;no&#8221; wd_column_role_offcanvas_desktop=&#8221;no&#8221; wd_column_role_offcanvas_tablet=&#8221;no&#8221; wd_column_role_offcanvas_mobile=&#8221;no&#8221; wd_column_role_content_desktop=&#8221;no&#8221; wd_column_role_content_tablet=&#8221;no&#8221; wd_column_role_content_mobile=&#8221;no&#8221; woodmart_box_shadow=&#8221;no&#8221;][vc_gallery type=&#8221;nivo&#8221; interval=&#8221;5&#8243; images=&#8221;9756,9761,9760,9758,9759,9757,9762,9763,9755&#8243; img_size=&#8221;full&#8221; onclick=&#8221;&#8221; css=&#8221;.vc_custom_1744748995266{margin-right: -120px !important;margin-bottom: -80px !important;}&#8221;][\/vc_column][\/vc_row]<\/p>\n<\/div>","protected":false},"excerpt":{"rendered":"<p>[vc_row full_width=&#8221;stretch_row_content&#8221; content_placement=&#8221;middle&#8221; css=&#8221;.vc_custom_1746286541107{padding-top: 100px !important;padding-right: 15px !important;padding-left: 15px !important;}&#8221; woodmart_css_id=&#8221;681637c66b4fe&#8221; responsive_spacing=&#8221;eyJwYXJhbV90eXBlIjoid29vZG1hcnRfcmVzcG9uc2l2ZV9zcGFjaW5nIiwic2VsZWN0b3JfaWQiOiI2ODE2MzdjNjZiNGZlIiwic2hvcnRjb2RlIjoidmNfcm93IiwiZGF0YSI6eyJ0YWJsZXQiOnt9LCJtb2JpbGUiOnsicGFkZGluZy10b3AiOiIxMzBweCJ9fX0=&#8221; mobile_bg_img_hidden=&#8221;no&#8221; tablet_bg_img_hidden=&#8221;no&#8221; woodmart_parallax=&#8221;0&#8243; woodmart_gradient_switch=&#8221;no&#8221; row_reverse_mobile=&#8221;0&#8243; row_reverse_tablet=&#8221;0&#8243; woodmart_disable_overflow=&#8221;0&#8243; woodmart_box_shadow=&#8221;no&#8221;<\/p>\n","protected":false},"author":1,"featured_media":0,"parent":0,"menu_order":0,"comment_status":"closed","ping_status":"closed","template":"","meta":{"footnotes":""},"class_list":["post-9570","page","type-page","status-publish","hentry"],"_links":{"self":[{"href":"https:\/\/kairosvalley.com\/tr\/wp-json\/wp\/v2\/pages\/9570","targetHints":{"allow":["GET"]}}],"collection":[{"href":"https:\/\/kairosvalley.com\/tr\/wp-json\/wp\/v2\/pages"}],"about":[{"href":"https:\/\/kairosvalley.com\/tr\/wp-json\/wp\/v2\/types\/page"}],"author":[{"embeddable":true,"href":"https:\/\/kairosvalley.com\/tr\/wp-json\/wp\/v2\/users\/1"}],"replies":[{"embeddable":true,"href":"https:\/\/kairosvalley.com\/tr\/wp-json\/wp\/v2\/comments?post=9570"}],"version-history":[{"count":14,"href":"https:\/\/kairosvalley.com\/tr\/wp-json\/wp\/v2\/pages\/9570\/revisions"}],"predecessor-version":[{"id":10894,"href":"https:\/\/kairosvalley.com\/tr\/wp-json\/wp\/v2\/pages\/9570\/revisions\/10894"}],"wp:attachment":[{"href":"https:\/\/kairosvalley.com\/tr\/wp-json\/wp\/v2\/media?parent=9570"}],"curies":[{"name":"wp","href":"https:\/\/api.w.org\/{rel}","templated":true}]}}