{"id":9547,"date":"2025-03-31T09:59:41","date_gmt":"2025-03-31T09:59:41","guid":{"rendered":"https:\/\/kairosvalley.com\/?page_id=9547"},"modified":"2025-04-27T06:49:16","modified_gmt":"2025-04-27T06:49:16","slug":"aromaterapi-bahcesi","status":"publish","type":"page","link":"https:\/\/kairosvalley.com\/tr\/aromaterapi-bahcesi\/","title":{"rendered":"Aromaterapi Bah\u00e7esi"},"content":{"rendered":"<div class=\"wpb-content-wrapper\"><p>[vc_section full_width=&#8221;stretch_row&#8221; full_height=&#8221;yes&#8221; content_placement=&#8221;middle&#8221; woodmart_stretch_content=&#8221;section-stretch&#8221; woodmart_bg_position=&#8221;center-center&#8221; woodmart_css_id=&#8221;67fac2da581b0&#8243; responsive_spacing=&#8221;eyJwYXJhbV90eXBlIjoid29vZG1hcnRfcmVzcG9uc2l2ZV9zcGFjaW5nIiwic2VsZWN0b3JfaWQiOiI2N2ZhYzJkYTU4MWIwIiwic2hvcnRjb2RlIjoidmNfc2VjdGlvbiIsImRhdGEiOnsidGFibGV0Ijp7fSwibW9iaWxlIjp7InBhZGRpbmctcmlnaHQiOiIyMHB4IiwicGFkZGluZy1sZWZ0IjoiMjBweCJ9fX0=&#8221; mobile_bg_img_hidden=&#8221;no&#8221; tablet_bg_img_hidden=&#8221;no&#8221; woodmart_parallax=&#8221;1&#8243; woodmart_gradient_switch=&#8221;yes&#8221; woodmart_box_shadow=&#8221;no&#8221; wd_z_index=&#8221;no&#8221; woodmart_disable_overflow=&#8221;0&#8243; css=&#8221;.vc_custom_1744487198185{background-image: url(http:\/\/kairosvalley.com\/wp-content\/uploads\/2025\/04\/ar-kapak.jpg?id=9819) !important;}&#8221; woodmart_color_gradient=&#8221;rgba(0, 0, 0, 0.27)-0\/rgba(0, 0, 0, 0.27)-100\/|linear-gradient(left , rgba(0, 0, 0, 0.27) , rgba(0, 0, 0, 0.27) 100%)|linear|left&#8221;][vc_row content_placement=&#8221;middle&#8221; css_animation=&#8221;fadeInUp&#8221; woodmart_css_id=&#8221;67fac2cda50a0&#8243; responsive_spacing=&#8221;eyJwYXJhbV90eXBlIjoid29vZG1hcnRfcmVzcG9uc2l2ZV9zcGFjaW5nIiwic2VsZWN0b3JfaWQiOiI2N2ZhYzJjZGE1MGEwIiwic2hvcnRjb2RlIjoidmNfcm93IiwiZGF0YSI6eyJ0YWJsZXQiOnt9LCJtb2JpbGUiOnt9fX0=&#8221; mobile_bg_img_hidden=&#8221;no&#8221; tablet_bg_img_hidden=&#8221;no&#8221; woodmart_parallax=&#8221;0&#8243; woodmart_gradient_switch=&#8221;no&#8221; woodmart_box_shadow=&#8221;no&#8221; wd_z_index=&#8221;no&#8221; woodmart_disable_overflow=&#8221;0&#8243; row_reverse_mobile=&#8221;0&#8243; row_reverse_tablet=&#8221;0&#8243; css=&#8221;.vc_custom_1744487130319{background-color: #FFFFFFC2 !important;border-radius: 10px !important;}&#8221;][vc_column woodmart_css_id=&#8221;67e86127d6397&#8243; parallax_scroll=&#8221;no&#8221; woodmart_sticky_column=&#8221;false&#8221; wd_collapsible_content_switcher=&#8221;no&#8221; wd_column_role_offcanvas_desktop=&#8221;no&#8221; wd_column_role_offcanvas_tablet=&#8221;no&#8221; wd_column_role_offcanvas_mobile=&#8221;no&#8221; wd_column_role_content_desktop=&#8221;no&#8221; wd_column_role_content_tablet=&#8221;no&#8221; wd_column_role_content_mobile=&#8221;no&#8221; mobile_bg_img_hidden=&#8221;no&#8221; tablet_bg_img_hidden=&#8221;no&#8221; woodmart_parallax=&#8221;0&#8243; woodmart_box_shadow=&#8221;no&#8221; responsive_spacing=&#8221;eyJwYXJhbV90eXBlIjoid29vZG1hcnRfcmVzcG9uc2l2ZV9zcGFjaW5nIiwic2VsZWN0b3JfaWQiOiI2N2U4NjEyN2Q2Mzk3Iiwic2hvcnRjb2RlIjoidmNfY29sdW1uIiwiZGF0YSI6eyJ0YWJsZXQiOnt9LCJtb2JpbGUiOnt9fX0=&#8221; mobile_reset_margin=&#8221;no&#8221; tablet_reset_margin=&#8221;no&#8221; wd_z_index=&#8221;no&#8221;]\n\t\t<div id=\"wd-67eb845f086ad\" class=\"title-wrapper wd-wpb wd-set-mb reset-last-child  wd-rs-67eb845f086ad wd-title-color-white wd-title-style-underlined text-center \">\n\t\t\t\n\t\t\t<div class=\"liner-continer\">\n\t\t\t\t<h4 class=\"woodmart-title-container title  wd-font-weight- wd-fontsize-xxxl\" >Aromaterapi Bah\u00e7esi<\/h4>\n\t\t\t\t\t\t\t<\/div>\n\t\t\t\n\t\t\t\n\t\t\t\n\t\t<\/div>\n\t\t\n\t\t\t\t<div id=\"wd-67eb8464932ca\" class=\"wd-text-block wd-wpb reset-last-child wd-rs-67eb8464932ca text-center wd-fontsize-custom \">\n\t\t\t<p>\u015eifa ve huzurun bir araya geldi\u011fi <strong>aromaterapi bah\u00e7emiz<\/strong>, do\u011fan\u0131n iyile\u015ftirici g\u00fcc\u00fcn\u00fc ke\u015ffetmeniz i\u00e7in \u00f6zenle tasarland\u0131. T\u0131bbi nane, limon otu, sardunya, kadife \u00e7i\u00e7e\u011fi ve ekinezya gibi \u015fifal\u0131 bitkiler, sa\u011fl\u0131\u011f\u0131 ve rahatlamay\u0131 destekleyen do\u011fal \u00fcr\u00fcnlere d\u00f6n\u00fc\u015ft\u00fcr\u00fcl\u00fcyor.<\/p>\n<p>Bu de\u011ferli bitkiler; <strong>rahatlat\u0131c\u0131 \u00e7aylar, u\u00e7ucu ya\u011flar, masaj ya\u011flar\u0131, do\u011fal takviyeler<\/strong> ve taze g\u0131da i\u00e7eriklerinde kullan\u0131larak hem bedeninizi hem de ruhunuzu besleyen benzersiz bir deneyim sunuyor.<\/p>\n\t\t<\/div>\n\t\t[vc_row_inner css=&#8221;.vc_custom_1743283866119{padding-bottom: 20px !important;}&#8221; woodmart_css_id=&#8221;67e8668df295a&#8221; responsive_spacing=&#8221;eyJwYXJhbV90eXBlIjoid29vZG1hcnRfcmVzcG9uc2l2ZV9zcGFjaW5nIiwic2VsZWN0b3JfaWQiOiI2N2U4NjY4ZGYyOTVhIiwic2hvcnRjb2RlIjoidmNfcm93X2lubmVyIiwiZGF0YSI6eyJ0YWJsZXQiOnt9LCJtb2JpbGUiOnt9fX0=&#8221; mobile_bg_img_hidden=&#8221;no&#8221; tablet_bg_img_hidden=&#8221;no&#8221; woodmart_parallax=&#8221;0&#8243; woodmart_gradient_switch=&#8221;no&#8221; woodmart_box_shadow=&#8221;no&#8221; wd_z_index=&#8221;no&#8221; woodmart_disable_overflow=&#8221;0&#8243; row_reverse_mobile=&#8221;0&#8243; row_reverse_tablet=&#8221;0&#8243;][vc_column_inner woodmart_sticky_column_offset=&#8221;150&#8243; woodmart_text_align=&#8221;center&#8221; vertical_alignment=&#8221;eyJkZXZpY2VzIjp7ImRlc2t0b3AiOnsidmFsdWUiOiJjZW50ZXIifSwidGFibGV0Ijp7InZhbHVlIjoiIn0sIm1vYmlsZSI6eyJ2YWx1ZSI6IiJ9fX0=&#8221; horizontal_alignment=&#8221;eyJkZXZpY2VzIjp7ImRlc2t0b3AiOnsidmFsdWUiOiJjZW50ZXIifSwidGFibGV0Ijp7InZhbHVlIjoiIn0sIm1vYmlsZSI6eyJ2YWx1ZSI6IiJ9fX0=&#8221; woodmart_css_id=&#8221;67e85c381b255&#8243; parallax_scroll=&#8221;no&#8221; woodmart_sticky_column=&#8221;true&#8221; wd_collapsible_content_switcher=&#8221;no&#8221; wd_column_role_offcanvas_desktop=&#8221;no&#8221; wd_column_role_offcanvas_tablet=&#8221;no&#8221; wd_column_role_offcanvas_mobile=&#8221;no&#8221; wd_column_role_content_desktop=&#8221;no&#8221; wd_column_role_content_tablet=&#8221;no&#8221; wd_column_role_content_mobile=&#8221;no&#8221; mobile_bg_img_hidden=&#8221;no&#8221; tablet_bg_img_hidden=&#8221;no&#8221; woodmart_parallax=&#8221;0&#8243; woodmart_box_shadow=&#8221;no&#8221; responsive_spacing=&#8221;eyJwYXJhbV90eXBlIjoid29vZG1hcnRfcmVzcG9uc2l2ZV9zcGFjaW5nIiwic2VsZWN0b3JfaWQiOiI2N2U4NWMzODFiMjU1Iiwic2hvcnRjb2RlIjoidmNfY29sdW1uX2lubmVyIiwiZGF0YSI6eyJ0YWJsZXQiOnt9LCJtb2JpbGUiOnt9fX0=&#8221; wd_z_index=&#8221;no&#8221;]<div id=\"wd-680dd365514cf\" class=\" wd-rs-680dd365514cf  wd-button-wrapper text-center inline-element\"><a href=\"https:\/\/kairosvalley.com\/tr\/iletisim-rezervasyon\/\" title=\"\" class=\"btn btn-color-alt btn-style-bordered btn-shape-semi-round btn-size-default\">\u015e\u0130MD\u0130 REZERVASYON Yap\u0131n\u0131z<\/a><\/div>[\/vc_column_inner][\/vc_row_inner][\/vc_column][\/vc_row][\/vc_section][vc_row full_width=&#8221;stretch_row_content&#8221; woodmart_stretch_content=&#8221;section-stretch-content&#8221; woodmart_disable_overflow=&#8221;1&#8243; woodmart_css_id=&#8221;67e86670e552a&#8221; responsive_spacing=&#8221;eyJwYXJhbV90eXBlIjoid29vZG1hcnRfcmVzcG9uc2l2ZV9zcGFjaW5nIiwic2VsZWN0b3JfaWQiOiI2N2U4NjY3MGU1NTJhIiwic2hvcnRjb2RlIjoidmNfcm93IiwiZGF0YSI6eyJ0YWJsZXQiOnt9LCJtb2JpbGUiOnsibWFyZ2luLWJvdHRvbSI6Ii01MHB4In19fQ==&#8221; mobile_bg_img_hidden=&#8221;no&#8221; tablet_bg_img_hidden=&#8221;no&#8221; woodmart_parallax=&#8221;0&#8243; woodmart_gradient_switch=&#8221;no&#8221; row_reverse_mobile=&#8221;0&#8243; row_reverse_tablet=&#8221;0&#8243; woodmart_box_shadow=&#8221;no&#8221; wd_z_index=&#8221;no&#8221; css=&#8221;.vc_custom_1743283836693{margin-top: 20px !important;margin-bottom: 20px !important;}&#8221;][vc_column woodmart_css_id=&#8221;60f82d56d6526&#8243; responsive_spacing=&#8221;eyJwYXJhbV90eXBlIjoid29vZG1hcnRfcmVzcG9uc2l2ZV9zcGFjaW5nIiwic2VsZWN0b3JfaWQiOiI2MGY4MmQ1NmQ2NTI2Iiwic2hvcnRjb2RlIjoidmNfY29sdW1uIiwiZGF0YSI6eyJ0YWJsZXQiOnsibWFyZ2luLWJvdHRvbSI6IjAifSwibW9iaWxlIjp7fX19&#8243; parallax_scroll=&#8221;no&#8221; mobile_bg_img_hidden=&#8221;no&#8221; tablet_bg_img_hidden=&#8221;no&#8221; woodmart_parallax=&#8221;0&#8243; woodmart_sticky_column=&#8221;false&#8221; mobile_reset_margin=&#8221;no&#8221; tablet_reset_margin=&#8221;no&#8221; css=&#8221;.vc_custom_1626877274491{margin-bottom: -70px !important;}&#8221;]\t\t<div id=\"gallery_816\" class=\"wd-images-gallery wd-wpb wd-rs-67e8648f5f90b photoswipe-images wd-carousel-container wd-wpb\" style=\"--wd-justify-content:center;--wd-align-items:center;\">\n\t\t\t\t\t\t\t<div class=\"wd-carousel-inner\">\n\t\t\t\n\t\t\t<div class=\" wd-carousel wd-grid\"data-speed=\"5000\" data-wrap=\"yes\" data-autoplay=\"yes\" data-scroll_per_page=\"yes\" style=\"--wd-col-lg:6;--wd-col-md:4;--wd-col-sm:2;--wd-gap-lg:20px;--wd-gap-sm:10px;--wd-carousel-overflow: visible\">\n\t\t\t\t\t\t\t\t\t<div class=\"wd-carousel-wrap\">\n\t\t\t\t\n\t\t\t\t\t\t\t\t\t\t\t\t\t\t\t<div class=\"wd-gallery-item wd-carousel-item\">\n\t\t\t\t\t\t\t\t\t\t\t\t\t\t<a href=\"https:\/\/kairosvalley.com\/wp-content\/uploads\/2025\/03\/kairosvalley-1.jpg\" data-elementor-open-lightbox=\"no\" data-index=\"1\" data-width=\"1200\" data-height=\"900\" \n\t\t\t\t\t\t\t\t\t\t\t\t >\n\t\t\t\t\t\t\t\t\n\t\t\t\t\t\t\t\t<img loading=\"lazy\" decoding=\"async\" width=\"1200\" height=\"900\" src=\"https:\/\/kairosvalley.com\/wp-content\/uploads\/2025\/03\/kairosvalley-1.jpg\" class=\"wd-gallery-image image-1\" alt=\"kairos valley\" srcset=\"https:\/\/kairosvalley.com\/wp-content\/uploads\/2025\/03\/kairosvalley-1.jpg 1200w, https:\/\/kairosvalley.com\/wp-content\/uploads\/2025\/03\/kairosvalley-1-400x300.jpg 400w, https:\/\/kairosvalley.com\/wp-content\/uploads\/2025\/03\/kairosvalley-1-1067x800.jpg 1067w, https:\/\/kairosvalley.com\/wp-content\/uploads\/2025\/03\/kairosvalley-1-768x576.jpg 768w\" sizes=\"auto, (max-width: 1200px) 100vw, 1200px\" \/>\n\t\t\t\t\t\t\t\t\t\t\t\t\t\t\t<\/a>\n\t\t\t\t\t\t\t\t\t\t\t\t<\/div>\n\t\t\t\t\t\t\t\t\t\t\t<div class=\"wd-gallery-item wd-carousel-item\">\n\t\t\t\t\t\t\t\t\t\t\t\t\t\t<a href=\"https:\/\/kairosvalley.com\/wp-content\/uploads\/2025\/03\/kairosvalley-2.jpg\" data-elementor-open-lightbox=\"no\" data-index=\"2\" data-width=\"1200\" data-height=\"900\" \n\t\t\t\t\t\t\t\t\t\t\t\t >\n\t\t\t\t\t\t\t\t\n\t\t\t\t\t\t\t\t<img loading=\"lazy\" decoding=\"async\" width=\"1200\" height=\"900\" src=\"https:\/\/kairosvalley.com\/wp-content\/uploads\/2025\/03\/kairosvalley-2.jpg\" class=\"wd-gallery-image image-2\" alt=\"kairos valley\" srcset=\"https:\/\/kairosvalley.com\/wp-content\/uploads\/2025\/03\/kairosvalley-2.jpg 1200w, https:\/\/kairosvalley.com\/wp-content\/uploads\/2025\/03\/kairosvalley-2-400x300.jpg 400w, https:\/\/kairosvalley.com\/wp-content\/uploads\/2025\/03\/kairosvalley-2-1067x800.jpg 1067w, https:\/\/kairosvalley.com\/wp-content\/uploads\/2025\/03\/kairosvalley-2-768x576.jpg 768w\" sizes=\"auto, (max-width: 1200px) 100vw, 1200px\" \/>\n\t\t\t\t\t\t\t\t\t\t\t\t\t\t\t<\/a>\n\t\t\t\t\t\t\t\t\t\t\t\t<\/div>\n\t\t\t\t\t\t\t\t\t\t\t<div class=\"wd-gallery-item wd-carousel-item\">\n\t\t\t\t\t\t\t\t\t\t\t\t\t\t<a href=\"https:\/\/kairosvalley.com\/wp-content\/uploads\/2025\/03\/kairosvalley-3.jpg\" data-elementor-open-lightbox=\"no\" data-index=\"3\" data-width=\"1200\" data-height=\"900\" \n\t\t\t\t\t\t\t\t\t\t\t\t >\n\t\t\t\t\t\t\t\t\n\t\t\t\t\t\t\t\t<img loading=\"lazy\" decoding=\"async\" width=\"1200\" height=\"900\" src=\"https:\/\/kairosvalley.com\/wp-content\/uploads\/2025\/03\/kairosvalley-3.jpg\" class=\"wd-gallery-image image-3\" alt=\"kairos valley\" srcset=\"https:\/\/kairosvalley.com\/wp-content\/uploads\/2025\/03\/kairosvalley-3.jpg 1200w, https:\/\/kairosvalley.com\/wp-content\/uploads\/2025\/03\/kairosvalley-3-400x300.jpg 400w, https:\/\/kairosvalley.com\/wp-content\/uploads\/2025\/03\/kairosvalley-3-1067x800.jpg 1067w, https:\/\/kairosvalley.com\/wp-content\/uploads\/2025\/03\/kairosvalley-3-768x576.jpg 768w\" sizes=\"auto, (max-width: 1200px) 100vw, 1200px\" \/>\n\t\t\t\t\t\t\t\t\t\t\t\t\t\t\t<\/a>\n\t\t\t\t\t\t\t\t\t\t\t\t<\/div>\n\t\t\t\t\t\t\t\t\t\t\t<div class=\"wd-gallery-item wd-carousel-item\">\n\t\t\t\t\t\t\t\t\t\t\t\t\t\t<a href=\"https:\/\/kairosvalley.com\/wp-content\/uploads\/2025\/03\/kairosvalley-4.jpg\" data-elementor-open-lightbox=\"no\" data-index=\"4\" data-width=\"1200\" data-height=\"900\" \n\t\t\t\t\t\t\t\t\t\t\t\t >\n\t\t\t\t\t\t\t\t\n\t\t\t\t\t\t\t\t<img loading=\"lazy\" decoding=\"async\" width=\"1200\" height=\"900\" src=\"https:\/\/kairosvalley.com\/wp-content\/uploads\/2025\/03\/kairosvalley-4.jpg\" class=\"wd-gallery-image image-4\" alt=\"kairos valley\" srcset=\"https:\/\/kairosvalley.com\/wp-content\/uploads\/2025\/03\/kairosvalley-4.jpg 1200w, https:\/\/kairosvalley.com\/wp-content\/uploads\/2025\/03\/kairosvalley-4-400x300.jpg 400w, https:\/\/kairosvalley.com\/wp-content\/uploads\/2025\/03\/kairosvalley-4-1067x800.jpg 1067w, https:\/\/kairosvalley.com\/wp-content\/uploads\/2025\/03\/kairosvalley-4-768x576.jpg 768w\" sizes=\"auto, (max-width: 1200px) 100vw, 1200px\" \/>\n\t\t\t\t\t\t\t\t\t\t\t\t\t\t\t<\/a>\n\t\t\t\t\t\t\t\t\t\t\t\t<\/div>\n\t\t\t\t\t\t\t\t\t\t\t<div class=\"wd-gallery-item wd-carousel-item\">\n\t\t\t\t\t\t\t\t\t\t\t\t\t\t<a href=\"https:\/\/kairosvalley.com\/wp-content\/uploads\/2025\/03\/kairosvalley-5.jpg\" data-elementor-open-lightbox=\"no\" data-index=\"5\" data-width=\"1200\" data-height=\"900\" \n\t\t\t\t\t\t\t\t\t\t\t\t >\n\t\t\t\t\t\t\t\t\n\t\t\t\t\t\t\t\t<img loading=\"lazy\" decoding=\"async\" width=\"1200\" height=\"900\" src=\"https:\/\/kairosvalley.com\/wp-content\/uploads\/2025\/03\/kairosvalley-5.jpg\" class=\"wd-gallery-image image-5\" alt=\"kairos valley\" srcset=\"https:\/\/kairosvalley.com\/wp-content\/uploads\/2025\/03\/kairosvalley-5.jpg 1200w, https:\/\/kairosvalley.com\/wp-content\/uploads\/2025\/03\/kairosvalley-5-400x300.jpg 400w, https:\/\/kairosvalley.com\/wp-content\/uploads\/2025\/03\/kairosvalley-5-1067x800.jpg 1067w, https:\/\/kairosvalley.com\/wp-content\/uploads\/2025\/03\/kairosvalley-5-768x576.jpg 768w\" sizes=\"auto, (max-width: 1200px) 100vw, 1200px\" \/>\n\t\t\t\t\t\t\t\t\t\t\t\t\t\t\t<\/a>\n\t\t\t\t\t\t\t\t\t\t\t\t<\/div>\n\t\t\t\t\t\t\t\t\t\t\t<div class=\"wd-gallery-item wd-carousel-item\">\n\t\t\t\t\t\t\t\t\t\t\t\t\t\t<a href=\"https:\/\/kairosvalley.com\/wp-content\/uploads\/2025\/03\/kairosvalley-11.jpg\" data-elementor-open-lightbox=\"no\" data-index=\"6\" data-width=\"1200\" data-height=\"900\" \n\t\t\t\t\t\t\t\t\t\t\t\t >\n\t\t\t\t\t\t\t\t\n\t\t\t\t\t\t\t\t<img loading=\"lazy\" decoding=\"async\" width=\"1200\" height=\"900\" src=\"https:\/\/kairosvalley.com\/wp-content\/uploads\/2025\/03\/kairosvalley-11.jpg\" class=\"wd-gallery-image image-6\" alt=\"kairos valley\" srcset=\"https:\/\/kairosvalley.com\/wp-content\/uploads\/2025\/03\/kairosvalley-11.jpg 1200w, https:\/\/kairosvalley.com\/wp-content\/uploads\/2025\/03\/kairosvalley-11-400x300.jpg 400w, https:\/\/kairosvalley.com\/wp-content\/uploads\/2025\/03\/kairosvalley-11-1067x800.jpg 1067w, https:\/\/kairosvalley.com\/wp-content\/uploads\/2025\/03\/kairosvalley-11-768x576.jpg 768w\" sizes=\"auto, (max-width: 1200px) 100vw, 1200px\" \/>\n\t\t\t\t\t\t\t\t\t\t\t\t\t\t\t<\/a>\n\t\t\t\t\t\t\t\t\t\t\t\t<\/div>\n\t\t\t\t\t\t\t\t\t\t\t<div class=\"wd-gallery-item wd-carousel-item\">\n\t\t\t\t\t\t\t\t\t\t\t\t\t\t<a href=\"https:\/\/kairosvalley.com\/wp-content\/uploads\/2025\/03\/kairosvalley-7.jpg\" data-elementor-open-lightbox=\"no\" data-index=\"7\" data-width=\"1200\" data-height=\"900\" \n\t\t\t\t\t\t\t\t\t\t\t\t >\n\t\t\t\t\t\t\t\t\n\t\t\t\t\t\t\t\t<img loading=\"lazy\" decoding=\"async\" width=\"1200\" height=\"900\" src=\"https:\/\/kairosvalley.com\/wp-content\/uploads\/2025\/03\/kairosvalley-7.jpg\" class=\"wd-gallery-image image-7\" alt=\"kairos valley\" srcset=\"https:\/\/kairosvalley.com\/wp-content\/uploads\/2025\/03\/kairosvalley-7.jpg 1200w, https:\/\/kairosvalley.com\/wp-content\/uploads\/2025\/03\/kairosvalley-7-400x300.jpg 400w, https:\/\/kairosvalley.com\/wp-content\/uploads\/2025\/03\/kairosvalley-7-1067x800.jpg 1067w, https:\/\/kairosvalley.com\/wp-content\/uploads\/2025\/03\/kairosvalley-7-768x576.jpg 768w\" sizes=\"auto, (max-width: 1200px) 100vw, 1200px\" \/>\n\t\t\t\t\t\t\t\t\t\t\t\t\t\t\t<\/a>\n\t\t\t\t\t\t\t\t\t\t\t\t<\/div>\n\t\t\t\t\t\t\t\t\t\t\t<div class=\"wd-gallery-item wd-carousel-item\">\n\t\t\t\t\t\t\t\t\t\t\t\t\t\t<a href=\"https:\/\/kairosvalley.com\/wp-content\/uploads\/2025\/03\/kairosvalley-6.jpg\" data-elementor-open-lightbox=\"no\" data-index=\"8\" data-width=\"1200\" data-height=\"900\" \n\t\t\t\t\t\t\t\t\t\t\t\t >\n\t\t\t\t\t\t\t\t\n\t\t\t\t\t\t\t\t<img loading=\"lazy\" decoding=\"async\" width=\"1200\" height=\"900\" src=\"https:\/\/kairosvalley.com\/wp-content\/uploads\/2025\/03\/kairosvalley-6.jpg\" class=\"wd-gallery-image image-8\" alt=\"kairos valley\" srcset=\"https:\/\/kairosvalley.com\/wp-content\/uploads\/2025\/03\/kairosvalley-6.jpg 1200w, https:\/\/kairosvalley.com\/wp-content\/uploads\/2025\/03\/kairosvalley-6-400x300.jpg 400w, https:\/\/kairosvalley.com\/wp-content\/uploads\/2025\/03\/kairosvalley-6-1067x800.jpg 1067w, https:\/\/kairosvalley.com\/wp-content\/uploads\/2025\/03\/kairosvalley-6-768x576.jpg 768w\" sizes=\"auto, (max-width: 1200px) 100vw, 1200px\" \/>\n\t\t\t\t\t\t\t\t\t\t\t\t\t\t\t<\/a>\n\t\t\t\t\t\t\t\t\t\t\t\t<\/div>\n\t\t\t\t\t\t\t\t\t\t\t<div class=\"wd-gallery-item wd-carousel-item\">\n\t\t\t\t\t\t\t\t\t\t\t\t\t\t<a href=\"https:\/\/kairosvalley.com\/wp-content\/uploads\/2025\/03\/kairosvalley-8.jpg\" data-elementor-open-lightbox=\"no\" data-index=\"9\" data-width=\"1200\" data-height=\"900\" \n\t\t\t\t\t\t\t\t\t\t\t\t >\n\t\t\t\t\t\t\t\t\n\t\t\t\t\t\t\t\t<img loading=\"lazy\" decoding=\"async\" width=\"1200\" height=\"900\" src=\"https:\/\/kairosvalley.com\/wp-content\/uploads\/2025\/03\/kairosvalley-8.jpg\" class=\"wd-gallery-image image-9\" alt=\"kairos valley\" srcset=\"https:\/\/kairosvalley.com\/wp-content\/uploads\/2025\/03\/kairosvalley-8.jpg 1200w, https:\/\/kairosvalley.com\/wp-content\/uploads\/2025\/03\/kairosvalley-8-400x300.jpg 400w, https:\/\/kairosvalley.com\/wp-content\/uploads\/2025\/03\/kairosvalley-8-1067x800.jpg 1067w, https:\/\/kairosvalley.com\/wp-content\/uploads\/2025\/03\/kairosvalley-8-768x576.jpg 768w\" sizes=\"auto, (max-width: 1200px) 100vw, 1200px\" \/>\n\t\t\t\t\t\t\t\t\t\t\t\t\t\t\t<\/a>\n\t\t\t\t\t\t\t\t\t\t\t\t<\/div>\n\t\t\t\t\t\t\t\t\t\t\t<div class=\"wd-gallery-item wd-carousel-item\">\n\t\t\t\t\t\t\t\t\t\t\t\t\t\t<a href=\"https:\/\/kairosvalley.com\/wp-content\/uploads\/2025\/03\/kairosvalley-9a.jpg\" data-elementor-open-lightbox=\"no\" data-index=\"10\" data-width=\"1200\" data-height=\"900\" \n\t\t\t\t\t\t\t\t\t\t\t\t >\n\t\t\t\t\t\t\t\t\n\t\t\t\t\t\t\t\t<img loading=\"lazy\" decoding=\"async\" width=\"1200\" height=\"900\" src=\"https:\/\/kairosvalley.com\/wp-content\/uploads\/2025\/03\/kairosvalley-9a.jpg\" class=\"wd-gallery-image image-10\" alt=\"kairos valley\" srcset=\"https:\/\/kairosvalley.com\/wp-content\/uploads\/2025\/03\/kairosvalley-9a.jpg 1200w, https:\/\/kairosvalley.com\/wp-content\/uploads\/2025\/03\/kairosvalley-9a-400x300.jpg 400w, https:\/\/kairosvalley.com\/wp-content\/uploads\/2025\/03\/kairosvalley-9a-1067x800.jpg 1067w, https:\/\/kairosvalley.com\/wp-content\/uploads\/2025\/03\/kairosvalley-9a-768x576.jpg 768w\" sizes=\"auto, (max-width: 1200px) 100vw, 1200px\" \/>\n\t\t\t\t\t\t\t\t\t\t\t\t\t\t\t<\/a>\n\t\t\t\t\t\t\t\t\t\t\t\t<\/div>\n\t\t\t\t\t\t\t\t\t\t\t<div class=\"wd-gallery-item wd-carousel-item\">\n\t\t\t\t\t\t\t\t\t\t\t\t\t\t<a href=\"https:\/\/kairosvalley.com\/wp-content\/uploads\/2025\/03\/kairosvalley-10.jpg\" data-elementor-open-lightbox=\"no\" data-index=\"11\" data-width=\"1200\" data-height=\"900\" \n\t\t\t\t\t\t\t\t\t\t\t\t >\n\t\t\t\t\t\t\t\t\n\t\t\t\t\t\t\t\t<img loading=\"lazy\" decoding=\"async\" width=\"1200\" height=\"900\" src=\"https:\/\/kairosvalley.com\/wp-content\/uploads\/2025\/03\/kairosvalley-10.jpg\" class=\"wd-gallery-image image-11\" alt=\"kairos valley\" srcset=\"https:\/\/kairosvalley.com\/wp-content\/uploads\/2025\/03\/kairosvalley-10.jpg 1200w, https:\/\/kairosvalley.com\/wp-content\/uploads\/2025\/03\/kairosvalley-10-400x300.jpg 400w, https:\/\/kairosvalley.com\/wp-content\/uploads\/2025\/03\/kairosvalley-10-1067x800.jpg 1067w, https:\/\/kairosvalley.com\/wp-content\/uploads\/2025\/03\/kairosvalley-10-768x576.jpg 768w\" sizes=\"auto, (max-width: 1200px) 100vw, 1200px\" \/>\n\t\t\t\t\t\t\t\t\t\t\t\t\t\t\t<\/a>\n\t\t\t\t\t\t\t\t\t\t\t\t<\/div>\n\t\t\t\t\t\t\t\t\t\t\t<div class=\"wd-gallery-item wd-carousel-item\">\n\t\t\t\t\t\t\t\t\t\t\t\t\t\t<a href=\"https:\/\/kairosvalley.com\/wp-content\/uploads\/2025\/03\/kairosvalley-12.jpg\" data-elementor-open-lightbox=\"no\" data-index=\"12\" data-width=\"1200\" data-height=\"900\" \n\t\t\t\t\t\t\t\t\t\t\t\t >\n\t\t\t\t\t\t\t\t\n\t\t\t\t\t\t\t\t<img loading=\"lazy\" decoding=\"async\" width=\"1200\" height=\"900\" src=\"https:\/\/kairosvalley.com\/wp-content\/uploads\/2025\/03\/kairosvalley-12.jpg\" class=\"wd-gallery-image image-12\" alt=\"kairos valley\" srcset=\"https:\/\/kairosvalley.com\/wp-content\/uploads\/2025\/03\/kairosvalley-12.jpg 1200w, https:\/\/kairosvalley.com\/wp-content\/uploads\/2025\/03\/kairosvalley-12-400x300.jpg 400w, https:\/\/kairosvalley.com\/wp-content\/uploads\/2025\/03\/kairosvalley-12-1067x800.jpg 1067w, https:\/\/kairosvalley.com\/wp-content\/uploads\/2025\/03\/kairosvalley-12-768x576.jpg 768w\" sizes=\"auto, (max-width: 1200px) 100vw, 1200px\" \/>\n\t\t\t\t\t\t\t\t\t\t\t\t\t\t\t<\/a>\n\t\t\t\t\t\t\t\t\t\t\t\t<\/div>\n\t\t\t\t\t\t\t\t\t\n\t\t\t\t\t\t\t\t\t<\/div>\n\t\t\t\t\t\t\t<\/div>\n\n\t\t\t\t\t\t\t\t\t\t\t\t\t\t<div class=\"wd-nav-arrows wd-pos-sep wd-hover-1 wd-icon-1\">\n\t\t\t<div class=\"wd-btn-arrow wd-prev wd-disabled\">\n\t\t\t\t<div class=\"wd-arrow-inner\"><\/div>\n\t\t\t<\/div>\n\t\t\t<div class=\"wd-btn-arrow wd-next\">\n\t\t\t\t<div class=\"wd-arrow-inner\"><\/div>\n\t\t\t<\/div>\n\t\t<\/div>\n\t\t\t\t\t\t\n\t\t\t\t<\/div>\n\n\t\t\t\t\t\t\t\t\t\t\t\t\t<\/div>\n\t\t[\/vc_column][\/vc_row]<\/p>\n<\/div>","protected":false},"excerpt":{"rendered":"<p>[vc_section full_width=&#8221;stretch_row&#8221; full_height=&#8221;yes&#8221; content_placement=&#8221;middle&#8221; woodmart_stretch_content=&#8221;section-stretch&#8221; woodmart_bg_position=&#8221;center-center&#8221; woodmart_css_id=&#8221;67fac2da581b0&#8243; responsive_spacing=&#8221;eyJwYXJhbV90eXBlIjoid29vZG1hcnRfcmVzcG9uc2l2ZV9zcGFjaW5nIiwic2VsZWN0b3JfaWQiOiI2N2ZhYzJkYTU4MWIwIiwic2hvcnRjb2RlIjoidmNfc2VjdGlvbiIsImRhdGEiOnsidGFibGV0Ijp7fSwibW9iaWxlIjp7InBhZGRpbmctcmlnaHQiOiIyMHB4IiwicGFkZGluZy1sZWZ0IjoiMjBweCJ9fX0=&#8221; mobile_bg_img_hidden=&#8221;no&#8221; tablet_bg_img_hidden=&#8221;no&#8221; woodmart_parallax=&#8221;1&#8243; woodmart_gradient_switch=&#8221;yes&#8221; woodmart_box_shadow=&#8221;no&#8221; wd_z_index=&#8221;no&#8221; woodmart_disable_overflow=&#8221;0&#8243; css=&#8221;.vc_custom_1744487198185{background-image: url(http:\/\/kairosvalley.com\/wp-content\/uploads\/2025\/04\/ar-kapak.jpg?id=9819) !important;}&#8221; woodmart_color_gradient=&#8221;rgba(0, 0,<\/p>\n","protected":false},"author":1,"featured_media":0,"parent":0,"menu_order":0,"comment_status":"closed","ping_status":"closed","template":"","meta":{"footnotes":""},"class_list":["post-9547","page","type-page","status-publish","hentry"],"_links":{"self":[{"href":"https:\/\/kairosvalley.com\/tr\/wp-json\/wp\/v2\/pages\/9547","targetHints":{"allow":["GET"]}}],"collection":[{"href":"https:\/\/kairosvalley.com\/tr\/wp-json\/wp\/v2\/pages"}],"about":[{"href":"https:\/\/kairosvalley.com\/tr\/wp-json\/wp\/v2\/types\/page"}],"author":[{"embeddable":true,"href":"https:\/\/kairosvalley.com\/tr\/wp-json\/wp\/v2\/users\/1"}],"replies":[{"embeddable":true,"href":"https:\/\/kairosvalley.com\/tr\/wp-json\/wp\/v2\/comments?post=9547"}],"version-history":[{"count":9,"href":"https:\/\/kairosvalley.com\/tr\/wp-json\/wp\/v2\/pages\/9547\/revisions"}],"predecessor-version":[{"id":10855,"href":"https:\/\/kairosvalley.com\/tr\/wp-json\/wp\/v2\/pages\/9547\/revisions\/10855"}],"wp:attachment":[{"href":"https:\/\/kairosvalley.com\/tr\/wp-json\/wp\/v2\/media?parent=9547"}],"curies":[{"name":"wp","href":"https:\/\/api.w.org\/{rel}","templated":true}]}}