{"id":9541,"date":"2025-03-31T09:58:24","date_gmt":"2025-03-31T09:58:24","guid":{"rendered":"https:\/\/kairosvalley.com\/?page_id=9541"},"modified":"2026-02-02T16:34:34","modified_gmt":"2026-02-02T16:34:34","slug":"inziva-merkezi","status":"publish","type":"page","link":"https:\/\/kairosvalley.com\/tr\/inziva-merkezi\/","title":{"rendered":"\u0130nziva Merkezi"},"content":{"rendered":"<div class=\"wpb-content-wrapper\"><p>[vc_section full_width=&#8221;stretch_row&#8221; full_height=&#8221;yes&#8221; content_placement=&#8221;middle&#8221; woodmart_stretch_content=&#8221;section-stretch&#8221; woodmart_bg_position=&#8221;center-center&#8221; woodmart_css_id=&#8221;67fac3a366851&#8243; responsive_spacing=&#8221;eyJwYXJhbV90eXBlIjoid29vZG1hcnRfcmVzcG9uc2l2ZV9zcGFjaW5nIiwic2VsZWN0b3JfaWQiOiI2N2ZhYzNhMzY2ODUxIiwic2hvcnRjb2RlIjoidmNfc2VjdGlvbiIsImRhdGEiOnsidGFibGV0Ijp7fSwibW9iaWxlIjp7InBhZGRpbmctcmlnaHQiOiIyMHB4IiwicGFkZGluZy1sZWZ0IjoiMjBweCJ9fX0=&#8221; mobile_bg_img_hidden=&#8221;no&#8221; tablet_bg_img_hidden=&#8221;no&#8221; woodmart_parallax=&#8221;1&#8243; woodmart_gradient_switch=&#8221;no&#8221; woodmart_box_shadow=&#8221;no&#8221; wd_z_index=&#8221;no&#8221; woodmart_disable_overflow=&#8221;0&#8243; css=&#8221;.vc_custom_1744487344333{background: #FFFFFF5E url(http:\/\/kairosvalley.com\/wp-content\/uploads\/2025\/04\/in-kapak.jpg?id=9746) !important;}&#8221;][vc_row content_placement=&#8221;middle&#8221; css_animation=&#8221;fadeInUp&#8221; woodmart_css_id=&#8221;67fac375d30a8&#8243; responsive_spacing=&#8221;eyJwYXJhbV90eXBlIjoid29vZG1hcnRfcmVzcG9uc2l2ZV9zcGFjaW5nIiwic2VsZWN0b3JfaWQiOiI2N2ZhYzM3NWQzMGE4Iiwic2hvcnRjb2RlIjoidmNfcm93IiwiZGF0YSI6eyJ0YWJsZXQiOnt9LCJtb2JpbGUiOnt9fX0=&#8221; mobile_bg_img_hidden=&#8221;no&#8221; tablet_bg_img_hidden=&#8221;no&#8221; woodmart_parallax=&#8221;0&#8243; woodmart_gradient_switch=&#8221;no&#8221; woodmart_box_shadow=&#8221;no&#8221; wd_z_index=&#8221;no&#8221; woodmart_disable_overflow=&#8221;0&#8243; row_reverse_mobile=&#8221;0&#8243; row_reverse_tablet=&#8221;0&#8243; css=&#8221;.vc_custom_1744487300512{background-color: #FFFFFFC7 !important;border-radius: 10px !important;}&#8221;][vc_column woodmart_css_id=&#8221;67e86127d6397&#8243; parallax_scroll=&#8221;no&#8221; woodmart_sticky_column=&#8221;false&#8221; wd_collapsible_content_switcher=&#8221;no&#8221; wd_column_role_offcanvas_desktop=&#8221;no&#8221; wd_column_role_offcanvas_tablet=&#8221;no&#8221; wd_column_role_offcanvas_mobile=&#8221;no&#8221; wd_column_role_content_desktop=&#8221;no&#8221; wd_column_role_content_tablet=&#8221;no&#8221; wd_column_role_content_mobile=&#8221;no&#8221; mobile_bg_img_hidden=&#8221;no&#8221; tablet_bg_img_hidden=&#8221;no&#8221; woodmart_parallax=&#8221;0&#8243; woodmart_box_shadow=&#8221;no&#8221; responsive_spacing=&#8221;eyJwYXJhbV90eXBlIjoid29vZG1hcnRfcmVzcG9uc2l2ZV9zcGFjaW5nIiwic2VsZWN0b3JfaWQiOiI2N2U4NjEyN2Q2Mzk3Iiwic2hvcnRjb2RlIjoidmNfY29sdW1uIiwiZGF0YSI6eyJ0YWJsZXQiOnt9LCJtb2JpbGUiOnt9fX0=&#8221; mobile_reset_margin=&#8221;no&#8221; tablet_reset_margin=&#8221;no&#8221; wd_z_index=&#8221;no&#8221;]\n\t\t<div id=\"wd-67eecc8fe48a3\" class=\"title-wrapper wd-wpb wd-set-mb reset-last-child  wd-rs-67eecc8fe48a3 wd-title-color-white wd-title-style-underlined text-center \">\n\t\t\t\t\t\t\t\n\t\t\t\t<div class=\"title-subtitle  subtitle-color-white font-default subtitle-style-default wd-font-weight- wd-fontsize-m\">Ev Sahipli\u011fi Yapt\u0131\u011f\u0131m\u0131z \u0130nzivalar<\/div>\n\t\t\t\n\t\t\t<div class=\"liner-continer\">\n\t\t\t\t<h4 class=\"woodmart-title-container title  wd-font-weight- wd-fontsize-xxxl\" >\u0130nziva Merkezi<\/h4>\n\t\t\t\t\t\t\t<\/div>\n\t\t\t\n\t\t\t\n\t\t\t\n\t\t<\/div>\n\t\t\n\t\t\t\t<div id=\"wd-6980d2004ecc4\" class=\"wd-text-block wd-wpb reset-last-child wd-rs-6980d2004ecc4 text-center wd-fontsize-custom \">\n\t\t\t<p>Kairos Valley; yoga, meditasyon, nefes \u00e7al\u0131\u015fmalar\u0131, aile dizilimleri, somatik iyile\u015fme, holistik deneyimler ve d\u00f6n\u00fc\u015f\u00fcm odakl\u0131 uygulamalar d\u00e2hil olmak \u00fczere \u00e7ok disiplinli retreat programlar\u0131na ev sahipli\u011fi yapmaktad\u0131r. Her retreat, zihin\u2013beden\u2013ruh b\u00fct\u00fcnl\u00fc\u011f\u00fcn\u00fc destekleyecek \u015fekilde, bilin\u00e7li ve profesyonel bir yakla\u015f\u0131mla tasarlan\u0131r.<\/p>\n<p>Retreatiniz s\u00fcresince Kairos Valley t\u00fcm operasyonel ve lojistik s\u00fcre\u00e7leri u\u00e7tan uca y\u00f6netir.<\/p>\n<p>Konaklama, uygun mutfak deneyimi, \u00e7al\u0131\u015fma alanlar\u0131, spa olanaklar\u0131 ve yerinde koordinasyon hizmetleri sayesinde siz yaln\u0131zca kat\u0131l\u0131mc\u0131lar\u0131n\u0131za ve prati\u011finize odaklanabilirsiniz. Amac\u0131m\u0131z; ak\u0131\u015fkan, dengeli ve etkisi uzun s\u00fcre hissedilen bir retreat deneyimi yaratmakt\u0131r.<\/p>\n\t\t<\/div>\n\t\t[\/vc_column][\/vc_row][\/vc_section][vc_row css=&#8221;.vc_custom_1770046443438{padding-top: 40px !important;padding-right: 20px !important;padding-bottom: 40px !important;padding-left: 20px !important;}&#8221; woodmart_css_id=&#8221;6980c38669339&#8243; responsive_spacing=&#8221;eyJwYXJhbV90eXBlIjoid29vZG1hcnRfcmVzcG9uc2l2ZV9zcGFjaW5nIiwic2VsZWN0b3JfaWQiOiI2OTgwYzM4NjY5MzM5Iiwic2hvcnRjb2RlIjoidmNfcm93IiwiZGF0YSI6eyJ0YWJsZXQiOnt9LCJtb2JpbGUiOnt9fX0=&#8221; mobile_bg_img_hidden=&#8221;no&#8221; tablet_bg_img_hidden=&#8221;no&#8221; woodmart_parallax=&#8221;0&#8243; woodmart_gradient_switch=&#8221;no&#8221; woodmart_box_shadow=&#8221;no&#8221; wd_z_index=&#8221;no&#8221; woodmart_disable_overflow=&#8221;0&#8243; row_reverse_mobile=&#8221;0&#8243; row_reverse_tablet=&#8221;0&#8243;][vc_column]\t\t<div id=\"wd-6980d1e3d1df1\" class=\"wd-text-block wd-wpb reset-last-child wd-rs-6980d1e3d1df1 text-center wd-fontsize-custom \">\n\t\t\t<p style=\"text-align: center;\"><strong>Bir Sonraki Retreat\u2019inizi Kairos Valley\u2019de D\u00fczenleyin<\/strong><\/p>\n<p>Kairos Valley; sizleri T\u00fcrkiye\u2019nin b\u00fcy\u00fcleyici Dat\u00e7a Yar\u0131madas\u0131\u2019nda yer alan sakin vadisinde, d\u00f6n\u00fc\u015f\u00fcm odakl\u0131 retreatlerini hayata ge\u00e7irmeye davet ediyor.<\/p>\n<p>T\u0131p biliminin do\u011fum yeri olarak kabul edilen bu topraklarda konumlanan Kairos Valley, denge ve derin ba\u011f kurma prensipleriyle tasarlanm\u0131\u015f b\u00fct\u00fcnc\u00fcl bir retreat ortam\u0131 sunar. Do\u011fan\u0131n kalbinde bulunan alan\u0131m\u0131z, kat\u0131l\u0131mc\u0131lar\u0131n g\u00fcndelik ya\u015fam\u0131n olumsuz etkilerinden s\u0131yr\u0131l\u0131p, i\u00e7sel s\u00fcre\u00e7lerine odaklanmas\u0131n\u0131 destekler.<\/p>\n<p>Hipokrat\u2019\u0131n miras\u0131n\u0131 ta\u015f\u0131yan Antik Knidos Kentine yak\u0131nl\u0131\u011f\u0131yla Kairos Valley, iyile\u015ftirici ve d\u00f6n\u00fc\u015ft\u00fcr\u00fcc\u00fc enerjisiyle sayg\u0131 g\u00f6ren bir co\u011frafyada yer al\u0131r. Yoga, meditasyon, nefes \u00e7al\u0131\u015fmalar\u0131, holistik deneyimler, enerji \u00e7al\u0131\u015fmalar\u0131 ve d\u00f6n\u00fc\u015f\u00fcm temelli programlar i\u00e7in ideal olan bu alan; gizlilik, dinginlik ve derinlik arayan retreatler i\u00e7in g\u00fc\u00e7l\u00fc bir zemin olu\u015fturur.<\/p>\n<p>Kairos Valley, Avrupa\u2019n\u0131n \u00f6nde gelen \u015fehirlerinden kolayca ula\u015f\u0131labilir bir lokasyondad\u0131r. Dalaman veya Bodrum Havalimanlar\u0131\u2019ndan sonra, ger\u00e7ekle\u015ftirilen manzaral\u0131 sahil yolculu\u011fuyla eri\u015fim sa\u011flanabildi\u011fi gibi, Yunanistan\u2019\u0131n Kos Adas\u0131\u2019ndan mevsimsel feribot ba\u011flant\u0131lar\u0131yla da ula\u015f\u0131m m\u00fcmk\u00fcnd\u00fcr. Bu sayede, uluslararas\u0131 kat\u0131l\u0131mc\u0131lar i\u00e7in hem eri\u015filebilir hem de ayr\u0131cal\u0131kl\u0131 bir retreat destinasyonu sunar.<\/p>\n<p>\u0130ster samimi gruplar, ister daha geni\u015f topluluklar i\u00e7in retreat planl\u0131yor olun; Kairos Valley, t\u00fcm lojistik ve operasyonel s\u00fcre\u00e7leri profesyonel bir yakla\u015f\u0131mla \u00fcstlenir. Konaklama, besleyici mutfak deneyimi, kutsal alanlar, spa olanaklar\u0131 ve yerinde koordinasyon hizmetleri sayesinde siz yaln\u0131zca prati\u011finize ve kat\u0131l\u0131mc\u0131lar\u0131n\u0131za odaklan\u0131rs\u0131n\u0131z.<\/p>\n<p>Kairos Valley, vizyonunuzun; do\u011fan\u0131n sessiz g\u00fcc\u00fc, sadelik ve \u00f6zenli hizmet anlay\u0131\u015f\u0131yla bulu\u015ftu\u011fu, etkisi uzun s\u00fcre hissedilen retreat deneyimleri yaratmak i\u00e7in yan\u0131n\u0131zdad\u0131r.<\/p>\n<p>Bir sonraki retreat\u2019inize ev sahipli\u011fi yapmaktan memnuniyet duyar\u0131z.<\/p>\n\t\t<\/div>\n\t\t<div id=\"wd-6980c2e78a975\" class=\" wd-rs-6980c2e78a975  wd-button-wrapper wd-off-anim wpb_animate_when_almost_visible wpb_fadeInUp fadeInUp wd-anim-name_fadeInUp text-center\"><a href=\"https:\/\/kairosvalley.com\/tr\/iletisim-rezervasyon\/\" title=\"\u0130leti\u015fim &amp; Rezervasyon\" class=\"btn btn-color-alt btn-style-bordered btn-shape-semi-round btn-size-default\">DAHA FAZLA B\u0130LG\u0130 AL<\/a><\/div>[\/vc_column][\/vc_row][vc_row full_width=&#8221;stretch_row_content&#8221; woodmart_stretch_content=&#8221;section-stretch-content&#8221; woodmart_disable_overflow=&#8221;1&#8243; woodmart_css_id=&#8221;67e86670e552a&#8221; responsive_spacing=&#8221;eyJwYXJhbV90eXBlIjoid29vZG1hcnRfcmVzcG9uc2l2ZV9zcGFjaW5nIiwic2VsZWN0b3JfaWQiOiI2N2U4NjY3MGU1NTJhIiwic2hvcnRjb2RlIjoidmNfcm93IiwiZGF0YSI6eyJ0YWJsZXQiOnt9LCJtb2JpbGUiOnsibWFyZ2luLWJvdHRvbSI6Ii01MHB4In19fQ==&#8221; mobile_bg_img_hidden=&#8221;no&#8221; tablet_bg_img_hidden=&#8221;no&#8221; woodmart_parallax=&#8221;0&#8243; woodmart_gradient_switch=&#8221;no&#8221; row_reverse_mobile=&#8221;0&#8243; row_reverse_tablet=&#8221;0&#8243; woodmart_box_shadow=&#8221;no&#8221; wd_z_index=&#8221;no&#8221; css=&#8221;.vc_custom_1743283836693{margin-top: 20px !important;margin-bottom: 20px !important;}&#8221;][vc_column woodmart_css_id=&#8221;60f82d56d6526&#8243; responsive_spacing=&#8221;eyJwYXJhbV90eXBlIjoid29vZG1hcnRfcmVzcG9uc2l2ZV9zcGFjaW5nIiwic2VsZWN0b3JfaWQiOiI2MGY4MmQ1NmQ2NTI2Iiwic2hvcnRjb2RlIjoidmNfY29sdW1uIiwiZGF0YSI6eyJ0YWJsZXQiOnsibWFyZ2luLWJvdHRvbSI6IjAifSwibW9iaWxlIjp7fX19&#8243; parallax_scroll=&#8221;no&#8221; mobile_bg_img_hidden=&#8221;no&#8221; tablet_bg_img_hidden=&#8221;no&#8221; woodmart_parallax=&#8221;0&#8243; woodmart_sticky_column=&#8221;false&#8221; mobile_reset_margin=&#8221;no&#8221; tablet_reset_margin=&#8221;no&#8221; css=&#8221;.vc_custom_1626877274491{margin-bottom: -70px !important;}&#8221;]\t\t<div id=\"gallery_729\" class=\"wd-images-gallery wd-wpb wd-rs-67e8648f5f90b photoswipe-images wd-carousel-container wd-wpb\" style=\"--wd-justify-content:center;--wd-align-items:center;\">\n\t\t\t\t\t\t\t<div class=\"wd-carousel-inner\">\n\t\t\t\n\t\t\t<div class=\" wd-carousel wd-grid\"data-speed=\"5000\" data-wrap=\"yes\" data-autoplay=\"yes\" data-scroll_per_page=\"yes\" style=\"--wd-col-lg:6;--wd-col-md:4;--wd-col-sm:2;--wd-gap-lg:20px;--wd-gap-sm:10px;--wd-carousel-overflow: visible\">\n\t\t\t\t\t\t\t\t\t<div class=\"wd-carousel-wrap\">\n\t\t\t\t\n\t\t\t\t\t\t\t\t\t\t\t\t\t\t\t<div class=\"wd-gallery-item wd-carousel-item\">\n\t\t\t\t\t\t\t\t\t\t\t\t\t\t<a href=\"https:\/\/kairosvalley.com\/wp-content\/uploads\/2025\/03\/kairosvalley-1.jpg\" data-elementor-open-lightbox=\"no\" data-index=\"1\" data-width=\"1200\" data-height=\"900\" \n\t\t\t\t\t\t\t\t\t\t\t\t >\n\t\t\t\t\t\t\t\t\n\t\t\t\t\t\t\t\t<img loading=\"lazy\" decoding=\"async\" width=\"1200\" height=\"900\" src=\"https:\/\/kairosvalley.com\/wp-content\/uploads\/2025\/03\/kairosvalley-1.jpg\" class=\"wd-gallery-image image-1\" alt=\"kairos valley\" srcset=\"https:\/\/kairosvalley.com\/wp-content\/uploads\/2025\/03\/kairosvalley-1.jpg 1200w, https:\/\/kairosvalley.com\/wp-content\/uploads\/2025\/03\/kairosvalley-1-400x300.jpg 400w, https:\/\/kairosvalley.com\/wp-content\/uploads\/2025\/03\/kairosvalley-1-1067x800.jpg 1067w, https:\/\/kairosvalley.com\/wp-content\/uploads\/2025\/03\/kairosvalley-1-768x576.jpg 768w\" sizes=\"auto, (max-width: 1200px) 100vw, 1200px\" \/>\n\t\t\t\t\t\t\t\t\t\t\t\t\t\t\t<\/a>\n\t\t\t\t\t\t\t\t\t\t\t\t<\/div>\n\t\t\t\t\t\t\t\t\t\t\t<div class=\"wd-gallery-item wd-carousel-item\">\n\t\t\t\t\t\t\t\t\t\t\t\t\t\t<a href=\"https:\/\/kairosvalley.com\/wp-content\/uploads\/2025\/03\/kairosvalley-2.jpg\" data-elementor-open-lightbox=\"no\" data-index=\"2\" data-width=\"1200\" data-height=\"900\" \n\t\t\t\t\t\t\t\t\t\t\t\t >\n\t\t\t\t\t\t\t\t\n\t\t\t\t\t\t\t\t<img loading=\"lazy\" decoding=\"async\" width=\"1200\" height=\"900\" src=\"https:\/\/kairosvalley.com\/wp-content\/uploads\/2025\/03\/kairosvalley-2.jpg\" class=\"wd-gallery-image image-2\" alt=\"kairos valley\" srcset=\"https:\/\/kairosvalley.com\/wp-content\/uploads\/2025\/03\/kairosvalley-2.jpg 1200w, https:\/\/kairosvalley.com\/wp-content\/uploads\/2025\/03\/kairosvalley-2-400x300.jpg 400w, https:\/\/kairosvalley.com\/wp-content\/uploads\/2025\/03\/kairosvalley-2-1067x800.jpg 1067w, https:\/\/kairosvalley.com\/wp-content\/uploads\/2025\/03\/kairosvalley-2-768x576.jpg 768w\" sizes=\"auto, (max-width: 1200px) 100vw, 1200px\" \/>\n\t\t\t\t\t\t\t\t\t\t\t\t\t\t\t<\/a>\n\t\t\t\t\t\t\t\t\t\t\t\t<\/div>\n\t\t\t\t\t\t\t\t\t\t\t<div class=\"wd-gallery-item wd-carousel-item\">\n\t\t\t\t\t\t\t\t\t\t\t\t\t\t<a href=\"https:\/\/kairosvalley.com\/wp-content\/uploads\/2025\/03\/kairosvalley-3.jpg\" data-elementor-open-lightbox=\"no\" data-index=\"3\" data-width=\"1200\" data-height=\"900\" \n\t\t\t\t\t\t\t\t\t\t\t\t >\n\t\t\t\t\t\t\t\t\n\t\t\t\t\t\t\t\t<img loading=\"lazy\" decoding=\"async\" width=\"1200\" height=\"900\" src=\"https:\/\/kairosvalley.com\/wp-content\/uploads\/2025\/03\/kairosvalley-3.jpg\" class=\"wd-gallery-image image-3\" alt=\"kairos valley\" srcset=\"https:\/\/kairosvalley.com\/wp-content\/uploads\/2025\/03\/kairosvalley-3.jpg 1200w, https:\/\/kairosvalley.com\/wp-content\/uploads\/2025\/03\/kairosvalley-3-400x300.jpg 400w, https:\/\/kairosvalley.com\/wp-content\/uploads\/2025\/03\/kairosvalley-3-1067x800.jpg 1067w, https:\/\/kairosvalley.com\/wp-content\/uploads\/2025\/03\/kairosvalley-3-768x576.jpg 768w\" sizes=\"auto, (max-width: 1200px) 100vw, 1200px\" \/>\n\t\t\t\t\t\t\t\t\t\t\t\t\t\t\t<\/a>\n\t\t\t\t\t\t\t\t\t\t\t\t<\/div>\n\t\t\t\t\t\t\t\t\t\t\t<div class=\"wd-gallery-item wd-carousel-item\">\n\t\t\t\t\t\t\t\t\t\t\t\t\t\t<a href=\"https:\/\/kairosvalley.com\/wp-content\/uploads\/2025\/03\/kairosvalley-4.jpg\" data-elementor-open-lightbox=\"no\" data-index=\"4\" data-width=\"1200\" data-height=\"900\" \n\t\t\t\t\t\t\t\t\t\t\t\t >\n\t\t\t\t\t\t\t\t\n\t\t\t\t\t\t\t\t<img loading=\"lazy\" decoding=\"async\" width=\"1200\" height=\"900\" src=\"https:\/\/kairosvalley.com\/wp-content\/uploads\/2025\/03\/kairosvalley-4.jpg\" class=\"wd-gallery-image image-4\" alt=\"kairos valley\" srcset=\"https:\/\/kairosvalley.com\/wp-content\/uploads\/2025\/03\/kairosvalley-4.jpg 1200w, https:\/\/kairosvalley.com\/wp-content\/uploads\/2025\/03\/kairosvalley-4-400x300.jpg 400w, https:\/\/kairosvalley.com\/wp-content\/uploads\/2025\/03\/kairosvalley-4-1067x800.jpg 1067w, https:\/\/kairosvalley.com\/wp-content\/uploads\/2025\/03\/kairosvalley-4-768x576.jpg 768w\" sizes=\"auto, (max-width: 1200px) 100vw, 1200px\" \/>\n\t\t\t\t\t\t\t\t\t\t\t\t\t\t\t<\/a>\n\t\t\t\t\t\t\t\t\t\t\t\t<\/div>\n\t\t\t\t\t\t\t\t\t\t\t<div class=\"wd-gallery-item wd-carousel-item\">\n\t\t\t\t\t\t\t\t\t\t\t\t\t\t<a href=\"https:\/\/kairosvalley.com\/wp-content\/uploads\/2025\/03\/kairosvalley-5.jpg\" data-elementor-open-lightbox=\"no\" data-index=\"5\" data-width=\"1200\" data-height=\"900\" \n\t\t\t\t\t\t\t\t\t\t\t\t >\n\t\t\t\t\t\t\t\t\n\t\t\t\t\t\t\t\t<img loading=\"lazy\" decoding=\"async\" width=\"1200\" height=\"900\" src=\"https:\/\/kairosvalley.com\/wp-content\/uploads\/2025\/03\/kairosvalley-5.jpg\" class=\"wd-gallery-image image-5\" alt=\"kairos valley\" srcset=\"https:\/\/kairosvalley.com\/wp-content\/uploads\/2025\/03\/kairosvalley-5.jpg 1200w, https:\/\/kairosvalley.com\/wp-content\/uploads\/2025\/03\/kairosvalley-5-400x300.jpg 400w, https:\/\/kairosvalley.com\/wp-content\/uploads\/2025\/03\/kairosvalley-5-1067x800.jpg 1067w, https:\/\/kairosvalley.com\/wp-content\/uploads\/2025\/03\/kairosvalley-5-768x576.jpg 768w\" sizes=\"auto, (max-width: 1200px) 100vw, 1200px\" \/>\n\t\t\t\t\t\t\t\t\t\t\t\t\t\t\t<\/a>\n\t\t\t\t\t\t\t\t\t\t\t\t<\/div>\n\t\t\t\t\t\t\t\t\t\t\t<div class=\"wd-gallery-item wd-carousel-item\">\n\t\t\t\t\t\t\t\t\t\t\t\t\t\t<a href=\"https:\/\/kairosvalley.com\/wp-content\/uploads\/2025\/03\/kairosvalley-11.jpg\" data-elementor-open-lightbox=\"no\" data-index=\"6\" data-width=\"1200\" data-height=\"900\" \n\t\t\t\t\t\t\t\t\t\t\t\t >\n\t\t\t\t\t\t\t\t\n\t\t\t\t\t\t\t\t<img loading=\"lazy\" decoding=\"async\" width=\"1200\" height=\"900\" src=\"https:\/\/kairosvalley.com\/wp-content\/uploads\/2025\/03\/kairosvalley-11.jpg\" class=\"wd-gallery-image image-6\" alt=\"kairos valley\" srcset=\"https:\/\/kairosvalley.com\/wp-content\/uploads\/2025\/03\/kairosvalley-11.jpg 1200w, https:\/\/kairosvalley.com\/wp-content\/uploads\/2025\/03\/kairosvalley-11-400x300.jpg 400w, https:\/\/kairosvalley.com\/wp-content\/uploads\/2025\/03\/kairosvalley-11-1067x800.jpg 1067w, https:\/\/kairosvalley.com\/wp-content\/uploads\/2025\/03\/kairosvalley-11-768x576.jpg 768w\" sizes=\"auto, (max-width: 1200px) 100vw, 1200px\" \/>\n\t\t\t\t\t\t\t\t\t\t\t\t\t\t\t<\/a>\n\t\t\t\t\t\t\t\t\t\t\t\t<\/div>\n\t\t\t\t\t\t\t\t\t\t\t<div class=\"wd-gallery-item wd-carousel-item\">\n\t\t\t\t\t\t\t\t\t\t\t\t\t\t<a href=\"https:\/\/kairosvalley.com\/wp-content\/uploads\/2025\/03\/kairosvalley-7.jpg\" data-elementor-open-lightbox=\"no\" data-index=\"7\" data-width=\"1200\" data-height=\"900\" \n\t\t\t\t\t\t\t\t\t\t\t\t >\n\t\t\t\t\t\t\t\t\n\t\t\t\t\t\t\t\t<img loading=\"lazy\" decoding=\"async\" width=\"1200\" height=\"900\" src=\"https:\/\/kairosvalley.com\/wp-content\/uploads\/2025\/03\/kairosvalley-7.jpg\" class=\"wd-gallery-image image-7\" alt=\"kairos valley\" srcset=\"https:\/\/kairosvalley.com\/wp-content\/uploads\/2025\/03\/kairosvalley-7.jpg 1200w, https:\/\/kairosvalley.com\/wp-content\/uploads\/2025\/03\/kairosvalley-7-400x300.jpg 400w, https:\/\/kairosvalley.com\/wp-content\/uploads\/2025\/03\/kairosvalley-7-1067x800.jpg 1067w, https:\/\/kairosvalley.com\/wp-content\/uploads\/2025\/03\/kairosvalley-7-768x576.jpg 768w\" sizes=\"auto, (max-width: 1200px) 100vw, 1200px\" \/>\n\t\t\t\t\t\t\t\t\t\t\t\t\t\t\t<\/a>\n\t\t\t\t\t\t\t\t\t\t\t\t<\/div>\n\t\t\t\t\t\t\t\t\t\t\t<div class=\"wd-gallery-item wd-carousel-item\">\n\t\t\t\t\t\t\t\t\t\t\t\t\t\t<a href=\"https:\/\/kairosvalley.com\/wp-content\/uploads\/2025\/03\/kairosvalley-6.jpg\" data-elementor-open-lightbox=\"no\" data-index=\"8\" data-width=\"1200\" data-height=\"900\" \n\t\t\t\t\t\t\t\t\t\t\t\t >\n\t\t\t\t\t\t\t\t\n\t\t\t\t\t\t\t\t<img loading=\"lazy\" decoding=\"async\" width=\"1200\" height=\"900\" src=\"https:\/\/kairosvalley.com\/wp-content\/uploads\/2025\/03\/kairosvalley-6.jpg\" class=\"wd-gallery-image image-8\" alt=\"kairos valley\" srcset=\"https:\/\/kairosvalley.com\/wp-content\/uploads\/2025\/03\/kairosvalley-6.jpg 1200w, https:\/\/kairosvalley.com\/wp-content\/uploads\/2025\/03\/kairosvalley-6-400x300.jpg 400w, https:\/\/kairosvalley.com\/wp-content\/uploads\/2025\/03\/kairosvalley-6-1067x800.jpg 1067w, https:\/\/kairosvalley.com\/wp-content\/uploads\/2025\/03\/kairosvalley-6-768x576.jpg 768w\" sizes=\"auto, (max-width: 1200px) 100vw, 1200px\" \/>\n\t\t\t\t\t\t\t\t\t\t\t\t\t\t\t<\/a>\n\t\t\t\t\t\t\t\t\t\t\t\t<\/div>\n\t\t\t\t\t\t\t\t\t\t\t<div class=\"wd-gallery-item wd-carousel-item\">\n\t\t\t\t\t\t\t\t\t\t\t\t\t\t<a href=\"https:\/\/kairosvalley.com\/wp-content\/uploads\/2025\/03\/kairosvalley-8.jpg\" data-elementor-open-lightbox=\"no\" data-index=\"9\" data-width=\"1200\" data-height=\"900\" \n\t\t\t\t\t\t\t\t\t\t\t\t >\n\t\t\t\t\t\t\t\t\n\t\t\t\t\t\t\t\t<img loading=\"lazy\" decoding=\"async\" width=\"1200\" height=\"900\" src=\"https:\/\/kairosvalley.com\/wp-content\/uploads\/2025\/03\/kairosvalley-8.jpg\" class=\"wd-gallery-image image-9\" alt=\"kairos valley\" srcset=\"https:\/\/kairosvalley.com\/wp-content\/uploads\/2025\/03\/kairosvalley-8.jpg 1200w, https:\/\/kairosvalley.com\/wp-content\/uploads\/2025\/03\/kairosvalley-8-400x300.jpg 400w, https:\/\/kairosvalley.com\/wp-content\/uploads\/2025\/03\/kairosvalley-8-1067x800.jpg 1067w, https:\/\/kairosvalley.com\/wp-content\/uploads\/2025\/03\/kairosvalley-8-768x576.jpg 768w\" sizes=\"auto, (max-width: 1200px) 100vw, 1200px\" \/>\n\t\t\t\t\t\t\t\t\t\t\t\t\t\t\t<\/a>\n\t\t\t\t\t\t\t\t\t\t\t\t<\/div>\n\t\t\t\t\t\t\t\t\t\t\t<div class=\"wd-gallery-item wd-carousel-item\">\n\t\t\t\t\t\t\t\t\t\t\t\t\t\t<a href=\"https:\/\/kairosvalley.com\/wp-content\/uploads\/2025\/03\/kairosvalley-9a.jpg\" data-elementor-open-lightbox=\"no\" data-index=\"10\" data-width=\"1200\" data-height=\"900\" \n\t\t\t\t\t\t\t\t\t\t\t\t >\n\t\t\t\t\t\t\t\t\n\t\t\t\t\t\t\t\t<img loading=\"lazy\" decoding=\"async\" width=\"1200\" height=\"900\" src=\"https:\/\/kairosvalley.com\/wp-content\/uploads\/2025\/03\/kairosvalley-9a.jpg\" class=\"wd-gallery-image image-10\" alt=\"kairos valley\" srcset=\"https:\/\/kairosvalley.com\/wp-content\/uploads\/2025\/03\/kairosvalley-9a.jpg 1200w, https:\/\/kairosvalley.com\/wp-content\/uploads\/2025\/03\/kairosvalley-9a-400x300.jpg 400w, https:\/\/kairosvalley.com\/wp-content\/uploads\/2025\/03\/kairosvalley-9a-1067x800.jpg 1067w, https:\/\/kairosvalley.com\/wp-content\/uploads\/2025\/03\/kairosvalley-9a-768x576.jpg 768w\" sizes=\"auto, (max-width: 1200px) 100vw, 1200px\" \/>\n\t\t\t\t\t\t\t\t\t\t\t\t\t\t\t<\/a>\n\t\t\t\t\t\t\t\t\t\t\t\t<\/div>\n\t\t\t\t\t\t\t\t\t\t\t<div class=\"wd-gallery-item wd-carousel-item\">\n\t\t\t\t\t\t\t\t\t\t\t\t\t\t<a href=\"https:\/\/kairosvalley.com\/wp-content\/uploads\/2025\/03\/kairosvalley-10.jpg\" data-elementor-open-lightbox=\"no\" data-index=\"11\" data-width=\"1200\" data-height=\"900\" \n\t\t\t\t\t\t\t\t\t\t\t\t >\n\t\t\t\t\t\t\t\t\n\t\t\t\t\t\t\t\t<img loading=\"lazy\" decoding=\"async\" width=\"1200\" height=\"900\" src=\"https:\/\/kairosvalley.com\/wp-content\/uploads\/2025\/03\/kairosvalley-10.jpg\" class=\"wd-gallery-image image-11\" alt=\"kairos valley\" srcset=\"https:\/\/kairosvalley.com\/wp-content\/uploads\/2025\/03\/kairosvalley-10.jpg 1200w, https:\/\/kairosvalley.com\/wp-content\/uploads\/2025\/03\/kairosvalley-10-400x300.jpg 400w, https:\/\/kairosvalley.com\/wp-content\/uploads\/2025\/03\/kairosvalley-10-1067x800.jpg 1067w, https:\/\/kairosvalley.com\/wp-content\/uploads\/2025\/03\/kairosvalley-10-768x576.jpg 768w\" sizes=\"auto, (max-width: 1200px) 100vw, 1200px\" \/>\n\t\t\t\t\t\t\t\t\t\t\t\t\t\t\t<\/a>\n\t\t\t\t\t\t\t\t\t\t\t\t<\/div>\n\t\t\t\t\t\t\t\t\t\t\t<div class=\"wd-gallery-item wd-carousel-item\">\n\t\t\t\t\t\t\t\t\t\t\t\t\t\t<a href=\"https:\/\/kairosvalley.com\/wp-content\/uploads\/2025\/03\/kairosvalley-12.jpg\" data-elementor-open-lightbox=\"no\" data-index=\"12\" data-width=\"1200\" data-height=\"900\" \n\t\t\t\t\t\t\t\t\t\t\t\t >\n\t\t\t\t\t\t\t\t\n\t\t\t\t\t\t\t\t<img loading=\"lazy\" decoding=\"async\" width=\"1200\" height=\"900\" src=\"https:\/\/kairosvalley.com\/wp-content\/uploads\/2025\/03\/kairosvalley-12.jpg\" class=\"wd-gallery-image image-12\" alt=\"kairos valley\" srcset=\"https:\/\/kairosvalley.com\/wp-content\/uploads\/2025\/03\/kairosvalley-12.jpg 1200w, https:\/\/kairosvalley.com\/wp-content\/uploads\/2025\/03\/kairosvalley-12-400x300.jpg 400w, https:\/\/kairosvalley.com\/wp-content\/uploads\/2025\/03\/kairosvalley-12-1067x800.jpg 1067w, https:\/\/kairosvalley.com\/wp-content\/uploads\/2025\/03\/kairosvalley-12-768x576.jpg 768w\" sizes=\"auto, (max-width: 1200px) 100vw, 1200px\" \/>\n\t\t\t\t\t\t\t\t\t\t\t\t\t\t\t<\/a>\n\t\t\t\t\t\t\t\t\t\t\t\t<\/div>\n\t\t\t\t\t\t\t\t\t\n\t\t\t\t\t\t\t\t\t<\/div>\n\t\t\t\t\t\t\t<\/div>\n\n\t\t\t\t\t\t\t\t\t\t\t\t\t\t<div class=\"wd-nav-arrows wd-pos-sep wd-hover-1 wd-icon-1\">\n\t\t\t<div class=\"wd-btn-arrow wd-prev wd-disabled\">\n\t\t\t\t<div class=\"wd-arrow-inner\"><\/div>\n\t\t\t<\/div>\n\t\t\t<div class=\"wd-btn-arrow wd-next\">\n\t\t\t\t<div class=\"wd-arrow-inner\"><\/div>\n\t\t\t<\/div>\n\t\t<\/div>\n\t\t\t\t\t\t\n\t\t\t\t<\/div>\n\n\t\t\t\t\t\t\t\t\t\t\t\t\t<\/div>\n\t\t[\/vc_column][\/vc_row]<\/p>\n<\/div>","protected":false},"excerpt":{"rendered":"<p>[vc_section full_width=&#8221;stretch_row&#8221; full_height=&#8221;yes&#8221; content_placement=&#8221;middle&#8221; woodmart_stretch_content=&#8221;section-stretch&#8221; woodmart_bg_position=&#8221;center-center&#8221; woodmart_css_id=&#8221;67fac3a366851&#8243; responsive_spacing=&#8221;eyJwYXJhbV90eXBlIjoid29vZG1hcnRfcmVzcG9uc2l2ZV9zcGFjaW5nIiwic2VsZWN0b3JfaWQiOiI2N2ZhYzNhMzY2ODUxIiwic2hvcnRjb2RlIjoidmNfc2VjdGlvbiIsImRhdGEiOnsidGFibGV0Ijp7fSwibW9iaWxlIjp7InBhZGRpbmctcmlnaHQiOiIyMHB4IiwicGFkZGluZy1sZWZ0IjoiMjBweCJ9fX0=&#8221; mobile_bg_img_hidden=&#8221;no&#8221; tablet_bg_img_hidden=&#8221;no&#8221; woodmart_parallax=&#8221;1&#8243; woodmart_gradient_switch=&#8221;no&#8221; woodmart_box_shadow=&#8221;no&#8221; wd_z_index=&#8221;no&#8221; woodmart_disable_overflow=&#8221;0&#8243; css=&#8221;.vc_custom_1744487344333{background: #FFFFFF5E url(http:\/\/kairosvalley.com\/wp-content\/uploads\/2025\/04\/in-kapak.jpg?id=9746) !important;}&#8221;][vc_row content_placement=&#8221;middle&#8221;<\/p>\n","protected":false},"author":1,"featured_media":0,"parent":0,"menu_order":0,"comment_status":"closed","ping_status":"closed","template":"","meta":{"footnotes":""},"class_list":["post-9541","page","type-page","status-publish","hentry"],"_links":{"self":[{"href":"https:\/\/kairosvalley.com\/tr\/wp-json\/wp\/v2\/pages\/9541","targetHints":{"allow":["GET"]}}],"collection":[{"href":"https:\/\/kairosvalley.com\/tr\/wp-json\/wp\/v2\/pages"}],"about":[{"href":"https:\/\/kairosvalley.com\/tr\/wp-json\/wp\/v2\/types\/page"}],"author":[{"embeddable":true,"href":"https:\/\/kairosvalley.com\/tr\/wp-json\/wp\/v2\/users\/1"}],"replies":[{"embeddable":true,"href":"https:\/\/kairosvalley.com\/tr\/wp-json\/wp\/v2\/comments?post=9541"}],"version-history":[{"count":13,"href":"https:\/\/kairosvalley.com\/tr\/wp-json\/wp\/v2\/pages\/9541\/revisions"}],"predecessor-version":[{"id":11065,"href":"https:\/\/kairosvalley.com\/tr\/wp-json\/wp\/v2\/pages\/9541\/revisions\/11065"}],"wp:attachment":[{"href":"https:\/\/kairosvalley.com\/tr\/wp-json\/wp\/v2\/media?parent=9541"}],"curies":[{"name":"wp","href":"https:\/\/api.w.org\/{rel}","templated":true}]}}