{"id":5288,"date":"2021-08-25T09:00:10","date_gmt":"2021-08-25T09:00:10","guid":{"rendered":"http:\/\/dummy.xtemos.com\/woodmart2\/?page_id=5288"},"modified":"2026-03-01T10:46:12","modified_gmt":"2026-03-01T10:46:12","slug":"iletisim-rezervasyon","status":"publish","type":"page","link":"https:\/\/kairosvalley.com\/tr\/iletisim-rezervasyon\/","title":{"rendered":"\u0130leti\u015fim &#038; Rezervasyon"},"content":{"rendered":"<div class=\"wpb-content-wrapper\"><p>[vc_section full_width=&#8221;stretch_row&#8221; full_height=&#8221;yes&#8221; content_placement=&#8221;middle&#8221; woodmart_stretch_content=&#8221;section-stretch&#8221; woodmart_bg_position=&#8221;center-center&#8221; css=&#8221;.vc_custom_1744493016817{padding-top: 80px !important;padding-bottom: 80px !important;background-image: url(http:\/\/kairosvalley.com\/wp-content\/uploads\/2025\/04\/iletisim-1.jpg?id=10170) !important;}&#8221; woodmart_css_id=&#8221;67fad9c196f2c&#8221; responsive_spacing=&#8221;eyJwYXJhbV90eXBlIjoid29vZG1hcnRfcmVzcG9uc2l2ZV9zcGFjaW5nIiwic2VsZWN0b3JfaWQiOiI2N2ZhZDljMTk2ZjJjIiwic2hvcnRjb2RlIjoidmNfc2VjdGlvbiIsImRhdGEiOnsidGFibGV0Ijp7fSwibW9iaWxlIjp7fX19&#8243; mobile_bg_img_hidden=&#8221;no&#8221; tablet_bg_img_hidden=&#8221;no&#8221; woodmart_parallax=&#8221;0&#8243; woodmart_gradient_switch=&#8221;no&#8221; woodmart_box_shadow=&#8221;no&#8221; wd_z_index=&#8221;no&#8221; woodmart_disable_overflow=&#8221;0&#8243;][vc_row][vc_column][vc_empty_space woodmart_hide_large=&#8221;0&#8243; woodmart_hide_medium=&#8221;0&#8243; woodmart_hide_small=&#8221;0&#8243;][\/vc_column][\/vc_row][vc_row css=&#8221;.vc_custom_1744493371681{border-radius: 5px !important;}&#8221; woodmart_css_id=&#8221;67fadb31a1e96&#8243; responsive_spacing=&#8221;eyJwYXJhbV90eXBlIjoid29vZG1hcnRfcmVzcG9uc2l2ZV9zcGFjaW5nIiwic2VsZWN0b3JfaWQiOiI2N2ZhZGIzMWExZTk2Iiwic2hvcnRjb2RlIjoidmNfcm93IiwiZGF0YSI6eyJ0YWJsZXQiOnt9LCJtb2JpbGUiOnt9fX0=&#8221; mobile_bg_img_hidden=&#8221;no&#8221; tablet_bg_img_hidden=&#8221;no&#8221; woodmart_parallax=&#8221;0&#8243; woodmart_gradient_switch=&#8221;no&#8221; woodmart_box_shadow=&#8221;no&#8221; wd_z_index=&#8221;no&#8221; woodmart_disable_overflow=&#8221;0&#8243; row_reverse_mobile=&#8221;0&#8243; row_reverse_tablet=&#8221;0&#8243;][vc_column width=&#8221;1\/2&#8243; css=&#8221;.vc_custom_1744493382114{background-color: #FFFFFFC9 !important;border-radius: 5px !important;}&#8221; woodmart_css_id=&#8221;67fadb3b4df94&#8243; parallax_scroll=&#8221;no&#8221; woodmart_sticky_column=&#8221;false&#8221; wd_collapsible_content_switcher=&#8221;no&#8221; wd_column_role_offcanvas_desktop=&#8221;no&#8221; wd_column_role_offcanvas_tablet=&#8221;no&#8221; wd_column_role_offcanvas_mobile=&#8221;no&#8221; wd_column_role_content_desktop=&#8221;no&#8221; wd_column_role_content_tablet=&#8221;no&#8221; wd_column_role_content_mobile=&#8221;no&#8221; mobile_bg_img_hidden=&#8221;no&#8221; tablet_bg_img_hidden=&#8221;no&#8221; woodmart_parallax=&#8221;0&#8243; woodmart_box_shadow=&#8221;no&#8221; responsive_spacing=&#8221;eyJwYXJhbV90eXBlIjoid29vZG1hcnRfcmVzcG9uc2l2ZV9zcGFjaW5nIiwic2VsZWN0b3JfaWQiOiI2N2ZhZGIzYjRkZjk0Iiwic2hvcnRjb2RlIjoidmNfY29sdW1uIiwiZGF0YSI6eyJ0YWJsZXQiOnt9LCJtb2JpbGUiOnt9fX0=&#8221; mobile_reset_margin=&#8221;no&#8221; tablet_reset_margin=&#8221;no&#8221; wd_z_index=&#8221;no&#8221;]\t\t<div id=\"wd-67fadae5e0404\" class=\"wd-text-block wd-wpb reset-last-child wd-rs-67fadae5e0404 text-center color-scheme-light color-title wd-fontsize-custom font-primary vc_custom_1744493296140\">\n\t\t\t<p>B\u0130ZE <strong>ULA\u015eIN<\/strong><\/p>\n\t\t<\/div>\n\t\t\t\t\t\t\t<div class=\"wd-cf7 wd-wpb wd-rs-678f8dd0c1cc6 vc_custom_1737461209752\">\n\t\t\t\t\n<div class=\"wpcf7 no-js\" id=\"wpcf7-f1938-o1\" lang=\"tr-TR\" dir=\"ltr\" data-wpcf7-id=\"1938\">\n<div class=\"screen-reader-response\"><p role=\"status\" aria-live=\"polite\" aria-atomic=\"true\"><\/p> <ul><\/ul><\/div>\n<form action=\"\/tr\/wp-json\/wp\/v2\/pages\/5288#wpcf7-f1938-o1\" method=\"post\" class=\"wpcf7-form init\" aria-label=\"\u0130leti\u015fim Formu\" novalidate=\"novalidate\" data-status=\"init\">\n<fieldset class=\"hidden-fields-container\"><input type=\"hidden\" name=\"_wpcf7\" value=\"1938\" \/><input type=\"hidden\" name=\"_wpcf7_version\" value=\"6.1.5\" \/><input type=\"hidden\" name=\"_wpcf7_locale\" value=\"tr_TR\" \/><input type=\"hidden\" name=\"_wpcf7_unit_tag\" value=\"wpcf7-f1938-o1\" \/><input type=\"hidden\" name=\"_wpcf7_container_post\" value=\"0\" \/><input type=\"hidden\" name=\"_wpcf7_posted_data_hash\" value=\"\" \/>\n<\/fieldset>\n<div class=\"wd-grid-g\">\n\t<div class=\"wd-grid-f-stretch\">\n\t\t<div class=\"wd-col\">\n\t\t\t<p><label>\u0130S\u0130M SOY\u0130S\u0130M<\/label><span class=\"wpcf7-form-control-wrap\" data-name=\"your-name\"><input size=\"40\" maxlength=\"400\" class=\"wpcf7-form-control wpcf7-text wpcf7-validates-as-required\" aria-required=\"true\" aria-invalid=\"false\" value=\"\" type=\"text\" name=\"your-name\" \/><\/span>\n\t\t\t<\/p>\n\t\t<\/div>\n\t\t<div class=\"wd-col\">\n\t\t\t<p><label>E-POSTA<\/label><span class=\"wpcf7-form-control-wrap\" data-name=\"your-email\"><input size=\"40\" maxlength=\"400\" class=\"wpcf7-form-control wpcf7-email wpcf7-validates-as-required wpcf7-text wpcf7-validates-as-email\" aria-required=\"true\" aria-invalid=\"false\" value=\"\" type=\"email\" name=\"your-email\" \/><\/span>\n\t\t\t<\/p>\n\t\t<\/div>\n\t<\/div>\n\t<div class=\"wd-grid-f-stretch\">\n\t\t<div class=\"wd-col\">\n\t\t\t<p><label>TELEFON<\/label><span class=\"wpcf7-form-control-wrap\" data-name=\"tel-767\"><input size=\"40\" maxlength=\"400\" class=\"wpcf7-form-control wpcf7-tel wpcf7-text wpcf7-validates-as-tel\" aria-invalid=\"false\" value=\"\" type=\"tel\" name=\"tel-767\" \/><\/span>\n\t\t\t<\/p>\n\t\t<\/div>\n\t\t<div class=\"wd-col\">\n\t\t\t<p><label>KONU<\/label><span class=\"wpcf7-form-control-wrap\" data-name=\"text-1\"><input size=\"40\" maxlength=\"400\" class=\"wpcf7-form-control wpcf7-text\" aria-invalid=\"false\" value=\"\" type=\"text\" name=\"text-1\" \/><\/span>\n\t\t\t<\/p>\n\t\t<\/div>\n\t<\/div>\n\t<div>\n\t\t<p><label>MESAJINIZ<\/label><span class=\"wpcf7-form-control-wrap\" data-name=\"your-message\"><textarea cols=\"40\" rows=\"10\" maxlength=\"2000\" class=\"wpcf7-form-control wpcf7-textarea\" aria-invalid=\"false\" name=\"your-message\"><\/textarea><\/span>\n\t\t<\/p>\n\t<\/div>\n\t<div>\n\t\t<p><input class=\"wpcf7-form-control wpcf7-submit has-spinner btn-color-black\" type=\"submit\" value=\"G\u00d6NDER\" \/>\n\t\t<\/p>\n\t<\/div>\n<\/div><p style=\"display: none !important;\" class=\"akismet-fields-container\" data-prefix=\"_wpcf7_ak_\"><label>&#916;<textarea name=\"_wpcf7_ak_hp_textarea\" cols=\"45\" rows=\"8\" maxlength=\"100\"><\/textarea><\/label><input type=\"hidden\" id=\"ak_js_1\" name=\"_wpcf7_ak_js\" value=\"217\"\/><script>document.getElementById( \"ak_js_1\" ).setAttribute( \"value\", ( new Date() ).getTime() );<\/script><\/p><div class=\"wpcf7-response-output\" aria-hidden=\"true\"><\/div>\n<\/form>\n<\/div>\n\t\t\t<\/div>\n\t\t\t\t[\/vc_column][vc_column width=&#8221;1\/2&#8243;]\t\t<div id=\"wd-697f082ab0f7c\" class=\"wd-text-block wd-wpb reset-last-child wd-rs-697f082ab0f7c text-center color-scheme-light color-title wd-fontsize-custom font-alt vc_custom_1769932848691\">\n\t\t\t<p>TES\u0130S KULLANIM SAATLER\u0130M\u0130Z<\/p>\n\t\t<\/div>\n\t\t\t\t<div id=\"wd-69a418b98f405\" class=\"wd-text-block wd-wpb reset-last-child wd-rs-69a418b98f405 text-left color-scheme-light color-title wd-fontsize-custom font-alt vc_custom_1772361963616\">\n\t\t\t<blockquote>\n<p><strong>Resepsiyon<\/strong> : 24 saat<br \/>\n<strong>Havuz<\/strong> : 08:00 &#8211; 19:00<br \/>\n<strong>KaiLotus Restoran<\/strong> : 09:00 &#8211; 22:00<br \/>\n<strong>KaiLotus Restoran Bar<\/strong> : 11:00 &#8211; 00:00<br \/>\n<strong>KaiSpa<\/strong> : 10:00 &#8211; 20:00<br \/>\n<strong>KaiFit<\/strong>&nbsp;: 08:00 &#8211; 20:00<br \/>\n<b>KaiFit Sauna<\/b> : 10:00 &#8211; 18:00<\/p>\n<\/blockquote>\n<p>&nbsp;<\/p>\n\t\t<\/div>\n\t\t\t\t<div id=\"wd-697f0861c9137\" class=\"wd-text-block wd-wpb reset-last-child wd-rs-697f0861c9137 text-left color-scheme-light wd-font-weight-700 color-title wd-fontsize-custom font-alt vc_custom_1769932902630\">\n\t\t\t<blockquote>\n<ul id=\"wd-67f8bb1787133\" class=\" wd-rs-67f8bb1787133 wd-list wd-wpb color-scheme- wd-fontsize-xs wd-type-image wd-style-default text-left vc_custom_1744354089089\">\n<li><span class=\"wd-icon list-icon\"><img loading=\"lazy\" decoding=\"async\" title=\"wd-cursor-light\" src=\"https:\/\/kairosvalley.com\/wp-content\/uploads\/2021\/08\/wd-cursor-light.svg\" width=\"14\" height=\"14\" \/><\/span><span class=\"wd-list-content list-content\">H\u0131z\u0131r\u015fah Mh. H\u0131z\u0131r\u015fah K\u00fcme Evleri No:252 Dat\u00e7a \/ Mu\u011fla<\/span><\/li>\n<li><span class=\"wd-icon list-icon\"><img loading=\"lazy\" decoding=\"async\" title=\"wd-phone-light\" src=\"https:\/\/kairosvalley.com\/wp-content\/uploads\/2021\/08\/wd-phone-light.svg\" width=\"14\" height=\"14\" \/><\/span><span class=\"wd-list-content list-content\">Email: info@kairosvalley.com<\/span><\/li>\n<li><span class=\"wd-icon list-icon\"><img loading=\"lazy\" decoding=\"async\" title=\"wd-phone-light\" src=\"https:\/\/kairosvalley.com\/wp-content\/uploads\/2021\/08\/wd-phone-light.svg\" width=\"14\" height=\"14\" \/><\/span><span class=\"wd-list-content list-content\">Telefon : +90 252 441 26 26<\/span><\/li>\n<li><span class=\"wd-icon list-icon\"><img loading=\"lazy\" decoding=\"async\" title=\"wd-phone-light\" src=\"https:\/\/kairosvalley.com\/wp-content\/uploads\/2021\/08\/wd-phone-light.svg\" width=\"14\" height=\"14\" \/><\/span><span class=\"wd-list-content list-content\">Mobil : +90 554 550 26 69<\/span><\/li>\n<\/ul>\n<\/blockquote>\n\t\t<\/div>\n\t\t[\/vc_column][\/vc_row][\/vc_section][vc_row full_width=&#8221;stretch_row_content_no_spaces&#8221; woodmart_stretch_content=&#8221;section-stretch-content-no-pd&#8221; woodmart_css_id=&#8221;67fadb5322463&#8243; responsive_spacing=&#8221;eyJwYXJhbV90eXBlIjoid29vZG1hcnRfcmVzcG9uc2l2ZV9zcGFjaW5nIiwic2VsZWN0b3JfaWQiOiI2N2ZhZGI1MzIyNDYzIiwic2hvcnRjb2RlIjoidmNfcm93IiwiZGF0YSI6eyJ0YWJsZXQiOnt9LCJtb2JpbGUiOnt9fX0=&#8221; mobile_bg_img_hidden=&#8221;no&#8221; tablet_bg_img_hidden=&#8221;no&#8221; woodmart_parallax=&#8221;0&#8243; woodmart_gradient_switch=&#8221;no&#8221; woodmart_box_shadow=&#8221;no&#8221; wd_z_index=&#8221;no&#8221; woodmart_disable_overflow=&#8221;0&#8243; row_reverse_mobile=&#8221;0&#8243; row_reverse_tablet=&#8221;0&#8243;][vc_column][vc_raw_html css=&#8221;&#8221;]JTNDaWZyYW1lJTIwc3JjJTNEJTIyaHR0cHMlM0ElMkYlMkZ3d3cuZ29vZ2xlLmNvbSUyRm1hcHMlMkZlbWJlZCUzRnBiJTNEJTIxMW0xOCUyMTFtMTIlMjExbTMlMjExZDMxOTYuNzQ2MjgxODcyMzQ4NCUyMTJkMjcuNjM4MzgwNzc1Njk2NzE3JTIxM2QzNi43NTI2NjA2NzAzNzgyMjYlMjEybTMlMjExZjAlMjEyZjAlMjEzZjAlMjEzbTIlMjExaTEwMjQlMjEyaTc2OCUyMTRmMTMuMSUyMTNtMyUyMTFtMiUyMTFzMHgxNGJlMjM3ZTdiZmMwOTdiJTI1M0EweDZkOTE3ZWJjYjJhOTBkM2MlMjEyc0thaXJvcyUyNTIwVmFsbGV5JTI1MjBIZWFsdGglMjUyNk5hdHVyZSUyNTIwUmVzb3J0JTIxNWUwJTIxM20yJTIxMXN0ciUyMTJzdHIlMjE0djE3NDM1MzgzMDk3NjElMjE1bTIlMjExc3RyJTIxMnN0ciUyMiUyMHdpZHRoJTNEJTIyMTkyMCUyMiUyMGhlaWdodCUzRCUyMjUwMCUyMiUyMHN0eWxlJTNEJTIyYm9yZGVyJTNBMCUzQiUyMiUyMGFsbG93ZnVsbHNjcmVlbiUzRCUyMiUyMiUyMGxvYWRpbmclM0QlMjJsYXp5JTIyJTIwcmVmZXJyZXJwb2xpY3klM0QlMjJuby1yZWZlcnJlci13aGVuLWRvd25ncmFkZSUyMiUzRSUzQyUyRmlmcmFtZSUzRQ==[\/vc_raw_html][\/vc_column][\/vc_row]<\/p>\n<\/div>","protected":false},"excerpt":{"rendered":"<p>[vc_section full_width=&#8221;stretch_row&#8221; full_height=&#8221;yes&#8221; content_placement=&#8221;middle&#8221; woodmart_stretch_content=&#8221;section-stretch&#8221; woodmart_bg_position=&#8221;center-center&#8221; css=&#8221;.vc_custom_1744493016817{padding-top: 80px !important;padding-bottom: 80px !important;background-image: url(http:\/\/kairosvalley.com\/wp-content\/uploads\/2025\/04\/iletisim-1.jpg?id=10170) !important;}&#8221; woodmart_css_id=&#8221;67fad9c196f2c&#8221; responsive_spacing=&#8221;eyJwYXJhbV90eXBlIjoid29vZG1hcnRfcmVzcG9uc2l2ZV9zcGFjaW5nIiwic2VsZWN0b3JfaWQiOiI2N2ZhZDljMTk2ZjJjIiwic2hvcnRjb2RlIjoidmNfc2VjdGlvbiIsImRhdGEiOnsidGFibGV0Ijp7fSwibW9iaWxlIjp7fX19&#8243; mobile_bg_img_hidden=&#8221;no&#8221; tablet_bg_img_hidden=&#8221;no&#8221; woodmart_parallax=&#8221;0&#8243; woodmart_gradient_switch=&#8221;no&#8221; woodmart_box_shadow=&#8221;no&#8221;<\/p>\n","protected":false},"author":1,"featured_media":0,"parent":0,"menu_order":0,"comment_status":"closed","ping_status":"closed","template":"","meta":{"footnotes":""},"class_list":["post-5288","page","type-page","status-publish","hentry"],"_links":{"self":[{"href":"https:\/\/kairosvalley.com\/tr\/wp-json\/wp\/v2\/pages\/5288","targetHints":{"allow":["GET"]}}],"collection":[{"href":"https:\/\/kairosvalley.com\/tr\/wp-json\/wp\/v2\/pages"}],"about":[{"href":"https:\/\/kairosvalley.com\/tr\/wp-json\/wp\/v2\/types\/page"}],"author":[{"embeddable":true,"href":"https:\/\/kairosvalley.com\/tr\/wp-json\/wp\/v2\/users\/1"}],"replies":[{"embeddable":true,"href":"https:\/\/kairosvalley.com\/tr\/wp-json\/wp\/v2\/comments?post=5288"}],"version-history":[{"count":20,"href":"https:\/\/kairosvalley.com\/tr\/wp-json\/wp\/v2\/pages\/5288\/revisions"}],"predecessor-version":[{"id":11142,"href":"https:\/\/kairosvalley.com\/tr\/wp-json\/wp\/v2\/pages\/5288\/revisions\/11142"}],"wp:attachment":[{"href":"https:\/\/kairosvalley.com\/tr\/wp-json\/wp\/v2\/media?parent=5288"}],"curies":[{"name":"wp","href":"https:\/\/api.w.org\/{rel}","templated":true}]}}