{"id":10033,"date":"2025-04-10T17:54:44","date_gmt":"2025-04-10T17:54:44","guid":{"rendered":"https:\/\/kairosvalley.com\/?page_id=10033"},"modified":"2025-04-27T06:50:19","modified_gmt":"2025-04-27T06:50:19","slug":"doga-ile-sifa","status":"publish","type":"page","link":"https:\/\/kairosvalley.com\/tr\/doga-ile-sifa\/","title":{"rendered":"Do\u011fa ile \u015eifa"},"content":{"rendered":"<div class=\"wpb-content-wrapper\"><p>[vc_row full_width=&#8221;stretch_row_content&#8221; content_placement=&#8221;middle&#8221; css=&#8221;.vc_custom_1743532793507{padding-top: 100px !important;padding-right: 15px !important;padding-left: 15px !important;}&#8221; woodmart_css_id=&#8221;67ec32f2121d1&#8243; responsive_spacing=&#8221;eyJwYXJhbV90eXBlIjoid29vZG1hcnRfcmVzcG9uc2l2ZV9zcGFjaW5nIiwic2VsZWN0b3JfaWQiOiI2N2VjMzJmMjEyMWQxIiwic2hvcnRjb2RlIjoidmNfcm93IiwiZGF0YSI6eyJ0YWJsZXQiOnt9LCJtb2JpbGUiOnt9fX0=&#8221; mobile_bg_img_hidden=&#8221;no&#8221; tablet_bg_img_hidden=&#8221;no&#8221; woodmart_parallax=&#8221;0&#8243; woodmart_gradient_switch=&#8221;no&#8221; row_reverse_mobile=&#8221;0&#8243; row_reverse_tablet=&#8221;0&#8243; woodmart_disable_overflow=&#8221;0&#8243; woodmart_box_shadow=&#8221;no&#8221; wd_z_index=&#8221;no&#8221;][vc_column scroll_x=&#8221;0&#8243; scroll_y=&#8221;20&#8243; scroll_z=&#8221;0&#8243; parallax_scroll=&#8221;yes&#8221; css=&#8221;.vc_custom_1744740558455{margin-right: 80px !important;padding-top: 40px !important;padding-bottom: 25px !important;background-color: #A8BAA7 !important;}&#8221; offset=&#8221;vc_col-lg-6 vc_col-md-6&#8243; woodmart_css_id=&#8221;67fea0cb868c7&#8243; responsive_spacing=&#8221;eyJwYXJhbV90eXBlIjoid29vZG1hcnRfcmVzcG9uc2l2ZV9zcGFjaW5nIiwic2VsZWN0b3JfaWQiOiI2N2ZlYTBjYjg2OGM3Iiwic2hvcnRjb2RlIjoidmNfY29sdW1uIiwiZGF0YSI6eyJ0YWJsZXQiOnsicGFkZGluZy1ib3R0b20iOiI1NXB4In0sIm1vYmlsZSI6eyJwYWRkaW5nLWJvdHRvbSI6IjBweCIsInBhZGRpbmctbGVmdCI6IjIwcHgifX19&#8243; mobile_bg_img_hidden=&#8221;no&#8221; tablet_bg_img_hidden=&#8221;no&#8221; woodmart_parallax=&#8221;0&#8243; woodmart_sticky_column=&#8221;false&#8221; mobile_reset_margin=&#8221;yes&#8221; tablet_reset_margin=&#8221;yes&#8221; wd_z_index=&#8221;no&#8221; wd_collapsible_content_switcher=&#8221;no&#8221; wd_column_role_offcanvas_desktop=&#8221;no&#8221; wd_column_role_offcanvas_tablet=&#8221;no&#8221; wd_column_role_offcanvas_mobile=&#8221;no&#8221; wd_column_role_content_desktop=&#8221;no&#8221; wd_column_role_content_tablet=&#8221;no&#8221; wd_column_role_content_mobile=&#8221;no&#8221; woodmart_box_shadow=&#8221;no&#8221;]\t\t<div id=\"wd-67fea0a23e743\" data-parallax='{\"y\":\"-30\",\"smoothness\":\"30\"}' class=\"wd-image wd-wpb wd-rs-67fea0a23e743 text-right vc_custom_1744740540871\">\n\t\t\t\n\t\t\t<img loading=\"lazy\" decoding=\"async\" width=\"775\" height=\"350\" src=\"https:\/\/kairosvalley.com\/wp-content\/uploads\/2025\/04\/aroma.jpg\" class=\"attachment-full size-full\" alt=\"\" srcset=\"https:\/\/kairosvalley.com\/wp-content\/uploads\/2025\/04\/aroma.jpg 775w, https:\/\/kairosvalley.com\/wp-content\/uploads\/2025\/04\/aroma-400x181.jpg 400w, https:\/\/kairosvalley.com\/wp-content\/uploads\/2025\/04\/aroma-768x347.jpg 768w\" sizes=\"auto, (max-width: 775px) 100vw, 775px\" \/>\n\t\t\t\t\t<\/div>\n\t\t[\/vc_column][vc_column scroll_x=&#8221;0&#8243; scroll_y=&#8221;20&#8243; scroll_z=&#8221;0&#8243; parallax_scroll=&#8221;yes&#8221; css=&#8221;.vc_custom_1628667942709{margin-left: 65px !important;padding-top: 40px !important;padding-bottom: 30px !important;}&#8221; offset=&#8221;vc_col-lg-5 vc_col-md-6&#8243; woodmart_css_id=&#8221;6113801f21d49&#8243; responsive_spacing=&#8221;eyJwYXJhbV90eXBlIjoid29vZG1hcnRfcmVzcG9uc2l2ZV9zcGFjaW5nIiwic2VsZWN0b3JfaWQiOiI2MTEzODAxZjIxZDQ5Iiwic2hvcnRjb2RlIjoidmNfY29sdW1uIiwiZGF0YSI6eyJ0YWJsZXQiOnt9LCJtb2JpbGUiOnt9fX0=&#8221; mobile_bg_img_hidden=&#8221;no&#8221; tablet_bg_img_hidden=&#8221;no&#8221; woodmart_parallax=&#8221;0&#8243; woodmart_sticky_column=&#8221;false&#8221; mobile_reset_margin=&#8221;yes&#8221; tablet_reset_margin=&#8221;yes&#8221;]\n\t\t<div id=\"wd-67f8047024996\" class=\"title-wrapper wd-wpb wd-set-mb reset-last-child  wd-rs-67f8047024996 wd-title-color-default wd-title-style-default text-left  wd-width-custom wd-underline-colored\">\n\t\t\t\n\t\t\t<div class=\"liner-continer\">\n\t\t\t\t<h4 class=\"woodmart-title-container title  wd-font-weight-400 wd-fontsize-l\" >Aromaterapi Bah\u00e7esi<\/h4>\n\t\t\t\t\t\t\t<\/div>\n\t\t\t\n\t\t\t\n\t\t\t\n\t\t<\/div>\n\t\t\n\t\t\t\t<div id=\"wd-67f80474d6a0c\" class=\"wd-text-block wd-wpb reset-last-child wd-rs-67f80474d6a0c text-left wd-fontsize-s \">\n\t\t\t<p>\u015eifa ve huzurun bir araya geldi\u011fi\u00a0<strong>aromaterapi bah\u00e7emiz<\/strong>, do\u011fan\u0131n iyile\u015ftirici g\u00fcc\u00fcn\u00fc ke\u015ffetmeniz i\u00e7in \u00f6zenle tasarland\u0131. T\u0131bbi nane, limon otu, sardunya, kadife \u00e7i\u00e7e\u011fi ve ekinezya gibi \u015fifal\u0131 bitkiler, sa\u011fl\u0131\u011f\u0131 ve rahatlamay\u0131 destekleyen do\u011fal \u00fcr\u00fcnlere d\u00f6n\u00fc\u015ft\u00fcr\u00fcl\u00fcyor.<\/p>\n<p>Bu de\u011ferli bitkiler;\u00a0<strong>rahatlat\u0131c\u0131 \u00e7aylar, u\u00e7ucu ya\u011flar, masaj ya\u011flar\u0131, do\u011fal takviyeler<\/strong>\u00a0ve taze g\u0131da i\u00e7eriklerinde kullan\u0131larak hem bedeninizi hem de ruhunuzu besleyen benzersiz bir deneyim sunuyor.<\/p>\n\t\t<\/div>\n\t\t<div id=\"wd-680dd38ca376a\" class=\" wd-rs-680dd38ca376a  wd-button-wrapper text-center inline-element\"><a href=\"https:\/\/kairosvalley.com\/tr\/aromaterapi-bahcesi\/\" title=\"Aromaterapi Bah\u00e7esi\" class=\"btn btn-color-primary btn-style-bordered btn-shape-semi-round btn-size-default\">Daha Fazla Bilgi<\/a><\/div>[\/vc_column][\/vc_row][vc_row full_width=&#8221;stretch_row_content&#8221; content_placement=&#8221;middle&#8221; row_reverse_mobile=&#8221;1&#8243; row_reverse_tablet=&#8221;1&#8243; css=&#8221;.vc_custom_1743533003987{margin-top: 40px !important;padding-right: 15px !important;padding-left: 15px !important;}&#8221; woodmart_css_id=&#8221;67ec336d87b10&#8243; responsive_spacing=&#8221;eyJwYXJhbV90eXBlIjoid29vZG1hcnRfcmVzcG9uc2l2ZV9zcGFjaW5nIiwic2VsZWN0b3JfaWQiOiI2N2VjMzM2ZDg3YjEwIiwic2hvcnRjb2RlIjoidmNfcm93IiwiZGF0YSI6eyJ0YWJsZXQiOnt9LCJtb2JpbGUiOnt9fX0=&#8221; mobile_bg_img_hidden=&#8221;no&#8221; tablet_bg_img_hidden=&#8221;no&#8221; woodmart_parallax=&#8221;0&#8243; woodmart_gradient_switch=&#8221;no&#8221; woodmart_disable_overflow=&#8221;0&#8243; woodmart_box_shadow=&#8221;no&#8221; wd_z_index=&#8221;no&#8221;][vc_column scroll_x=&#8221;0&#8243; scroll_y=&#8221;20&#8243; scroll_z=&#8221;0&#8243; woodmart_text_align=&#8221;right&#8221; parallax_scroll=&#8221;yes&#8221; css=&#8221;.vc_custom_1628667933262{margin-right: 65px !important;padding-top: 40px !important;padding-bottom: 30px !important;}&#8221; offset=&#8221;vc_col-lg-offset-1 vc_col-lg-5 vc_col-md-6&#8243; woodmart_css_id=&#8221;61138017208ff&#8221; responsive_spacing=&#8221;eyJwYXJhbV90eXBlIjoid29vZG1hcnRfcmVzcG9uc2l2ZV9zcGFjaW5nIiwic2VsZWN0b3JfaWQiOiI2MTEzODAxNzIwOGZmIiwic2hvcnRjb2RlIjoidmNfY29sdW1uIiwiZGF0YSI6eyJ0YWJsZXQiOnt9LCJtb2JpbGUiOnt9fX0=&#8221; mobile_bg_img_hidden=&#8221;no&#8221; tablet_bg_img_hidden=&#8221;no&#8221; woodmart_parallax=&#8221;0&#8243; woodmart_sticky_column=&#8221;false&#8221; mobile_reset_margin=&#8221;yes&#8221; tablet_reset_margin=&#8221;yes&#8221;]\n\t\t<div id=\"wd-67f8049326e8d\" class=\"title-wrapper wd-wpb wd-set-mb reset-last-child  wd-rs-67f8049326e8d wd-title-color-default wd-title-style-default text-right  wd-width-custom wd-underline-colored\">\n\t\t\t\n\t\t\t<div class=\"liner-continer\">\n\t\t\t\t<h4 class=\"woodmart-title-container title  wd-font-weight-400 wd-fontsize-l\" >Ba\u011f Evi<\/h4>\n\t\t\t\t\t\t\t<\/div>\n\t\t\t\n\t\t\t\n\t\t\t\n\t\t<\/div>\n\t\t\n\t\t\t\t<div id=\"wd-67f8049bed175\" class=\"wd-text-block wd-wpb reset-last-child wd-rs-67f8049bed175 text-right wd-fontsize-s \">\n\t\t\t<p>Ba\u011f\u0131m\u0131z, do\u011fudan bat\u0131ya uzanan \u00f6zel konumuyla, hafif meltemlerin e\u015flik etti\u011fi do\u011fal bir ortamda yeti\u015fen\u00a0<strong>sa\u011flam ve diren\u00e7li asmalar<\/strong>\u00a0bar\u0131nd\u0131r\u0131yor.<\/p>\n<p>Burada\u00a0<strong>Merlot, Shiraz, Cabernet, Narince ve Chardonnay<\/strong>\u00a0gibi se\u00e7kin \u00fcz\u00fcm \u00e7e\u015fitleri, \u00fcst\u00fcn kaliteli \u015faraplar \u00fcretmek i\u00e7in titizlikle yeti\u015ftiriliyor. Her \u00fcz\u00fcm tanesi, do\u011fan\u0131n sundu\u011fu en saf haliyle sofralara ula\u015f\u0131yor.<\/p>\n\t\t<\/div>\n\t\t<div id=\"wd-680dd386d3866\" class=\" wd-rs-680dd386d3866  wd-button-wrapper text-center inline-element\"><a href=\"https:\/\/kairosvalley.com\/tr\/bag-evi\/\" title=\"Ba\u011f Evi\" class=\"btn btn-color-primary btn-style-bordered btn-shape-semi-round btn-size-default\">Daha Fazla Bilgi<\/a><\/div>[\/vc_column][vc_column scroll_x=&#8221;0&#8243; scroll_y=&#8221;20&#8243; scroll_z=&#8221;0&#8243; parallax_scroll=&#8221;yes&#8221; css=&#8221;.vc_custom_1743531586377{margin-left: 80px !important;padding-top: 0px !important;background-color: #A8BAA7 !important;}&#8221; offset=&#8221;vc_col-lg-6 vc_col-md-6&#8243; woodmart_parallax=&#8221;0&#8243; woodmart_sticky_column=&#8221;false&#8221; woodmart_css_id=&#8221;67ec2e379ba7c&#8221; responsive_spacing=&#8221;eyJwYXJhbV90eXBlIjoid29vZG1hcnRfcmVzcG9uc2l2ZV9zcGFjaW5nIiwic2VsZWN0b3JfaWQiOiI2N2VjMmUzNzliYTdjIiwic2hvcnRjb2RlIjoidmNfY29sdW1uIiwiZGF0YSI6eyJ0YWJsZXQiOnsicGFkZGluZy1ib3R0b20iOiIzMHB4In0sIm1vYmlsZSI6e319fQ==&#8221; mobile_bg_img_hidden=&#8221;no&#8221; tablet_bg_img_hidden=&#8221;no&#8221; mobile_reset_margin=&#8221;yes&#8221; tablet_reset_margin=&#8221;yes&#8221; wd_collapsible_content_switcher=&#8221;no&#8221; wd_column_role_offcanvas_desktop=&#8221;no&#8221; wd_column_role_offcanvas_tablet=&#8221;no&#8221; wd_column_role_offcanvas_mobile=&#8221;no&#8221; wd_column_role_content_desktop=&#8221;no&#8221; wd_column_role_content_tablet=&#8221;no&#8221; wd_column_role_content_mobile=&#8221;no&#8221; woodmart_box_shadow=&#8221;no&#8221; wd_z_index=&#8221;no&#8221;]\t\t<div id=\"wd-67f805d2a7eb8\" data-parallax='{\"y\":\"-30\",\"smoothness\":\"30\"}' class=\"wd-image wd-wpb wd-rs-67f805d2a7eb8 text-left vc_custom_1744307674647\">\n\t\t\t\n\t\t\t<img loading=\"lazy\" decoding=\"async\" width=\"775\" height=\"350\" src=\"https:\/\/kairosvalley.com\/wp-content\/uploads\/2025\/04\/bag.jpg\" class=\"attachment-full size-full\" alt=\"\" srcset=\"https:\/\/kairosvalley.com\/wp-content\/uploads\/2025\/04\/bag.jpg 775w, https:\/\/kairosvalley.com\/wp-content\/uploads\/2025\/04\/bag-400x181.jpg 400w, https:\/\/kairosvalley.com\/wp-content\/uploads\/2025\/04\/bag-768x347.jpg 768w\" sizes=\"auto, (max-width: 775px) 100vw, 775px\" \/>\n\t\t\t\t\t<\/div>\n\t\t[\/vc_column][\/vc_row][vc_row full_width=&#8221;stretch_row_content&#8221; content_placement=&#8221;middle&#8221; css=&#8221;.vc_custom_1743532970062{margin-top: 40px !important;padding-right: 15px !important;padding-left: 15px !important;}&#8221; woodmart_css_id=&#8221;67ec339dd303e&#8221; responsive_spacing=&#8221;eyJwYXJhbV90eXBlIjoid29vZG1hcnRfcmVzcG9uc2l2ZV9zcGFjaW5nIiwic2VsZWN0b3JfaWQiOiI2N2VjMzM5ZGQzMDNlIiwic2hvcnRjb2RlIjoidmNfcm93IiwiZGF0YSI6eyJ0YWJsZXQiOnt9LCJtb2JpbGUiOnt9fX0=&#8221; mobile_bg_img_hidden=&#8221;no&#8221; tablet_bg_img_hidden=&#8221;no&#8221; woodmart_parallax=&#8221;0&#8243; woodmart_gradient_switch=&#8221;no&#8221; row_reverse_mobile=&#8221;0&#8243; row_reverse_tablet=&#8221;0&#8243; woodmart_disable_overflow=&#8221;0&#8243; woodmart_box_shadow=&#8221;no&#8221; wd_z_index=&#8221;no&#8221;][vc_column scroll_x=&#8221;0&#8243; scroll_y=&#8221;20&#8243; scroll_z=&#8221;0&#8243; parallax_scroll=&#8221;yes&#8221; css=&#8221;.vc_custom_1743531573598{margin-right: 80px !important;padding-top: 40px !important;padding-bottom: 25px !important;background-color: #A8BAA7 !important;}&#8221; offset=&#8221;vc_col-lg-6 vc_col-md-6&#8243; woodmart_css_id=&#8221;67ec2e028575a&#8221; responsive_spacing=&#8221;eyJwYXJhbV90eXBlIjoid29vZG1hcnRfcmVzcG9uc2l2ZV9zcGFjaW5nIiwic2VsZWN0b3JfaWQiOiI2N2VjMmUwMjg1NzVhIiwic2hvcnRjb2RlIjoidmNfY29sdW1uIiwiZGF0YSI6eyJ0YWJsZXQiOnsicGFkZGluZy1ib3R0b20iOiI1NXB4In0sIm1vYmlsZSI6e319fQ==&#8221; mobile_bg_img_hidden=&#8221;no&#8221; tablet_bg_img_hidden=&#8221;no&#8221; woodmart_parallax=&#8221;0&#8243; woodmart_sticky_column=&#8221;false&#8221; mobile_reset_margin=&#8221;yes&#8221; tablet_reset_margin=&#8221;yes&#8221; wd_z_index=&#8221;no&#8221; wd_collapsible_content_switcher=&#8221;no&#8221; wd_column_role_offcanvas_desktop=&#8221;no&#8221; wd_column_role_offcanvas_tablet=&#8221;no&#8221; wd_column_role_offcanvas_mobile=&#8221;no&#8221; wd_column_role_content_desktop=&#8221;no&#8221; wd_column_role_content_tablet=&#8221;no&#8221; wd_column_role_content_mobile=&#8221;no&#8221; woodmart_box_shadow=&#8221;no&#8221;]\t\t<div id=\"wd-67f81360284c6\" data-parallax='{\"y\":\"-30\",\"smoothness\":\"30\"}' class=\"wd-image wd-wpb wd-rs-67f81360284c6 text-right vc_custom_1744311146720\">\n\t\t\t\n\t\t\t<img loading=\"lazy\" decoding=\"async\" width=\"775\" height=\"350\" src=\"https:\/\/kairosvalley.com\/wp-content\/uploads\/2025\/04\/dgg2.jpg\" class=\"attachment-full size-full\" alt=\"\" srcset=\"https:\/\/kairosvalley.com\/wp-content\/uploads\/2025\/04\/dgg2.jpg 775w, https:\/\/kairosvalley.com\/wp-content\/uploads\/2025\/04\/dgg2-400x181.jpg 400w, https:\/\/kairosvalley.com\/wp-content\/uploads\/2025\/04\/dgg2-768x347.jpg 768w\" sizes=\"auto, (max-width: 775px) 100vw, 775px\" \/>\n\t\t\t\t\t<\/div>\n\t\t[\/vc_column][vc_column scroll_x=&#8221;0&#8243; scroll_y=&#8221;20&#8243; scroll_z=&#8221;0&#8243; parallax_scroll=&#8221;yes&#8221; css=&#8221;.vc_custom_1628667942709{margin-left: 65px !important;padding-top: 40px !important;padding-bottom: 30px !important;}&#8221; offset=&#8221;vc_col-lg-5 vc_col-md-6&#8243; woodmart_css_id=&#8221;6113801f21d49&#8243; responsive_spacing=&#8221;eyJwYXJhbV90eXBlIjoid29vZG1hcnRfcmVzcG9uc2l2ZV9zcGFjaW5nIiwic2VsZWN0b3JfaWQiOiI2MTEzODAxZjIxZDQ5Iiwic2hvcnRjb2RlIjoidmNfY29sdW1uIiwiZGF0YSI6eyJ0YWJsZXQiOnt9LCJtb2JpbGUiOnt9fX0=&#8221; mobile_bg_img_hidden=&#8221;no&#8221; tablet_bg_img_hidden=&#8221;no&#8221; woodmart_parallax=&#8221;0&#8243; woodmart_sticky_column=&#8221;false&#8221; mobile_reset_margin=&#8221;yes&#8221; tablet_reset_margin=&#8221;yes&#8221;]\n\t\t<div id=\"wd-67f804b2b25a8\" class=\"title-wrapper wd-wpb wd-set-mb reset-last-child  wd-rs-67f804b2b25a8 wd-title-color-default wd-title-style-default text-left  wd-width-custom wd-underline-colored\">\n\t\t\t\n\t\t\t<div class=\"liner-continer\">\n\t\t\t\t<h4 class=\"woodmart-title-container title  wd-font-weight-400 wd-fontsize-l\" >Do\u011fa Y\u00fcr\u00fcy\u00fc\u015f Parkuru<\/h4>\n\t\t\t\t\t\t\t<\/div>\n\t\t\t\n\t\t\t\n\t\t\t\n\t\t<\/div>\n\t\t\n\t\t\t\t<div id=\"wd-67f804bda60a5\" class=\"wd-text-block wd-wpb reset-last-child wd-rs-67f804bda60a5 text-left wd-fontsize-s \">\n\t\t\t<div id=\"wd-67eb85cddba59\" class=\"wd-text-block wd-wpb reset-last-child wd-rs-67eb85cddba59 text-center wd-fontsize-custom \">\n<p><strong>2,4 km uzunlu\u011fundaki y\u00fcr\u00fcy\u00fc\u015f parkurumuz<\/strong>, 180 d\u00f6n\u00fcml\u00fck huzur dolu vadinin i\u00e7inde uzanarak nefes kesici manzaralar sunuyor. Hafif bir meltem e\u015fli\u011finde, do\u011fan\u0131n dingin ritmiyle uyum i\u00e7inde y\u00fcr\u00fcyerek benzersiz bir do\u011fa deneyimi ya\u015fayabilirsiniz.<\/div>\n<div class=\"vc_row wpb_row vc_inner vc_row-fluid vc_custom_1743283866119 wd-rs-67e8668df295a\">\n<div class=\"wpb_column vc_column_container vc_col-sm-12 wd-enabled-flex woodmart-sticky-column wd_sticky_offset_150 text-center wd-rs-67e85c381b255\">\n<div class=\"vc_column-inner\">\n<div class=\"wpb_wrapper\"><\/div>\n<\/div>\n<\/div>\n<\/div>\n\t\t<\/div>\n\t\t<div id=\"wd-680dd3a10832f\" class=\" wd-rs-680dd3a10832f  wd-button-wrapper text-center inline-element\"><a href=\"https:\/\/kairosvalley.com\/tr\/doga-yuruyus-parkuru\/\" title=\"Do\u011fa Y\u00fcr\u00fcy\u00fc\u015f Parkuru\" class=\"btn btn-color-primary btn-style-bordered btn-shape-semi-round btn-size-default\">Daha Fazla Bilgi<\/a><\/div>[\/vc_column][\/vc_row]<\/p>\n<\/div>","protected":false},"excerpt":{"rendered":"<p>[vc_row full_width=&#8221;stretch_row_content&#8221; content_placement=&#8221;middle&#8221; css=&#8221;.vc_custom_1743532793507{padding-top: 100px !important;padding-right: 15px !important;padding-left: 15px !important;}&#8221; woodmart_css_id=&#8221;67ec32f2121d1&#8243; responsive_spacing=&#8221;eyJwYXJhbV90eXBlIjoid29vZG1hcnRfcmVzcG9uc2l2ZV9zcGFjaW5nIiwic2VsZWN0b3JfaWQiOiI2N2VjMzJmMjEyMWQxIiwic2hvcnRjb2RlIjoidmNfcm93IiwiZGF0YSI6eyJ0YWJsZXQiOnt9LCJtb2JpbGUiOnt9fX0=&#8221; mobile_bg_img_hidden=&#8221;no&#8221; tablet_bg_img_hidden=&#8221;no&#8221; woodmart_parallax=&#8221;0&#8243; woodmart_gradient_switch=&#8221;no&#8221; row_reverse_mobile=&#8221;0&#8243; row_reverse_tablet=&#8221;0&#8243; woodmart_disable_overflow=&#8221;0&#8243; woodmart_box_shadow=&#8221;no&#8221;<\/p>\n","protected":false},"author":1,"featured_media":0,"parent":0,"menu_order":0,"comment_status":"closed","ping_status":"closed","template":"","meta":{"footnotes":""},"class_list":["post-10033","page","type-page","status-publish","hentry"],"_links":{"self":[{"href":"https:\/\/kairosvalley.com\/tr\/wp-json\/wp\/v2\/pages\/10033","targetHints":{"allow":["GET"]}}],"collection":[{"href":"https:\/\/kairosvalley.com\/tr\/wp-json\/wp\/v2\/pages"}],"about":[{"href":"https:\/\/kairosvalley.com\/tr\/wp-json\/wp\/v2\/types\/page"}],"author":[{"embeddable":true,"href":"https:\/\/kairosvalley.com\/tr\/wp-json\/wp\/v2\/users\/1"}],"replies":[{"embeddable":true,"href":"https:\/\/kairosvalley.com\/tr\/wp-json\/wp\/v2\/comments?post=10033"}],"version-history":[{"count":5,"href":"https:\/\/kairosvalley.com\/tr\/wp-json\/wp\/v2\/pages\/10033\/revisions"}],"predecessor-version":[{"id":10857,"href":"https:\/\/kairosvalley.com\/tr\/wp-json\/wp\/v2\/pages\/10033\/revisions\/10857"}],"wp:attachment":[{"href":"https:\/\/kairosvalley.com\/tr\/wp-json\/wp\/v2\/media?parent=10033"}],"curies":[{"name":"wp","href":"https:\/\/api.w.org\/{rel}","templated":true}]}}