{"id":10027,"date":"2025-04-10T17:42:58","date_gmt":"2025-04-10T17:42:58","guid":{"rendered":"https:\/\/kairosvalley.com\/?page_id=10027"},"modified":"2025-04-27T06:56:22","modified_gmt":"2025-04-27T06:56:22","slug":"sanat-atolyeler","status":"publish","type":"page","link":"https:\/\/kairosvalley.com\/tr\/sanat-atolyeler\/","title":{"rendered":"Sanat &#038; At\u00f6lyeler"},"content":{"rendered":"<div class=\"wpb-content-wrapper\"><p>[vc_row full_width=&#8221;stretch_row_content&#8221; content_placement=&#8221;middle&#8221; css=&#8221;.vc_custom_1743532793507{padding-top: 100px !important;padding-right: 15px !important;padding-left: 15px !important;}&#8221; woodmart_css_id=&#8221;67ec32f2121d1&#8243; responsive_spacing=&#8221;eyJwYXJhbV90eXBlIjoid29vZG1hcnRfcmVzcG9uc2l2ZV9zcGFjaW5nIiwic2VsZWN0b3JfaWQiOiI2N2VjMzJmMjEyMWQxIiwic2hvcnRjb2RlIjoidmNfcm93IiwiZGF0YSI6eyJ0YWJsZXQiOnt9LCJtb2JpbGUiOnt9fX0=&#8221; mobile_bg_img_hidden=&#8221;no&#8221; tablet_bg_img_hidden=&#8221;no&#8221; woodmart_parallax=&#8221;0&#8243; woodmart_gradient_switch=&#8221;no&#8221; row_reverse_mobile=&#8221;0&#8243; row_reverse_tablet=&#8221;0&#8243; woodmart_disable_overflow=&#8221;0&#8243; woodmart_box_shadow=&#8221;no&#8221; wd_z_index=&#8221;no&#8221;][vc_column scroll_x=&#8221;0&#8243; scroll_y=&#8221;20&#8243; scroll_z=&#8221;0&#8243; parallax_scroll=&#8221;yes&#8221; css=&#8221;.vc_custom_1744740794137{margin-right: 80px !important;padding-top: 40px !important;padding-bottom: 25px !important;background-color: #A8BAA7 !important;}&#8221; offset=&#8221;vc_col-lg-6 vc_col-md-6&#8243; woodmart_css_id=&#8221;67fea1b64341a&#8221; responsive_spacing=&#8221;eyJwYXJhbV90eXBlIjoid29vZG1hcnRfcmVzcG9uc2l2ZV9zcGFjaW5nIiwic2VsZWN0b3JfaWQiOiI2N2ZlYTFiNjQzNDFhIiwic2hvcnRjb2RlIjoidmNfY29sdW1uIiwiZGF0YSI6eyJ0YWJsZXQiOnsicGFkZGluZy1ib3R0b20iOiI1NXB4In0sIm1vYmlsZSI6eyJwYWRkaW5nLWJvdHRvbSI6IjBweCIsInBhZGRpbmctbGVmdCI6IjIwcHgifX19&#8243; mobile_bg_img_hidden=&#8221;no&#8221; tablet_bg_img_hidden=&#8221;no&#8221; woodmart_parallax=&#8221;0&#8243; woodmart_sticky_column=&#8221;false&#8221; mobile_reset_margin=&#8221;yes&#8221; tablet_reset_margin=&#8221;yes&#8221; wd_z_index=&#8221;no&#8221; wd_collapsible_content_switcher=&#8221;no&#8221; wd_column_role_offcanvas_desktop=&#8221;no&#8221; wd_column_role_offcanvas_tablet=&#8221;no&#8221; wd_column_role_offcanvas_mobile=&#8221;no&#8221; wd_column_role_content_desktop=&#8221;no&#8221; wd_column_role_content_tablet=&#8221;no&#8221; wd_column_role_content_mobile=&#8221;no&#8221; woodmart_box_shadow=&#8221;no&#8221;]\t\t<div id=\"wd-67fea1a974354\" data-parallax='{\"y\":\"-30\",\"smoothness\":\"30\"}' class=\"wd-image wd-wpb wd-rs-67fea1a974354 text-right vc_custom_1744740787453\">\n\t\t\t\n\t\t\t<img loading=\"lazy\" decoding=\"async\" width=\"775\" height=\"350\" src=\"https:\/\/kairosvalley.com\/wp-content\/uploads\/2025\/04\/snt.jpg\" class=\"attachment-full size-full\" alt=\"\" srcset=\"https:\/\/kairosvalley.com\/wp-content\/uploads\/2025\/04\/snt.jpg 775w, https:\/\/kairosvalley.com\/wp-content\/uploads\/2025\/04\/snt-400x181.jpg 400w, https:\/\/kairosvalley.com\/wp-content\/uploads\/2025\/04\/snt-768x347.jpg 768w\" sizes=\"auto, (max-width: 775px) 100vw, 775px\" \/>\n\t\t\t\t\t<\/div>\n\t\t[\/vc_column][vc_column scroll_x=&#8221;0&#8243; scroll_y=&#8221;20&#8243; scroll_z=&#8221;0&#8243; parallax_scroll=&#8221;yes&#8221; css=&#8221;.vc_custom_1628667942709{margin-left: 65px !important;padding-top: 40px !important;padding-bottom: 30px !important;}&#8221; offset=&#8221;vc_col-lg-5 vc_col-md-6&#8243; woodmart_css_id=&#8221;6113801f21d49&#8243; responsive_spacing=&#8221;eyJwYXJhbV90eXBlIjoid29vZG1hcnRfcmVzcG9uc2l2ZV9zcGFjaW5nIiwic2VsZWN0b3JfaWQiOiI2MTEzODAxZjIxZDQ5Iiwic2hvcnRjb2RlIjoidmNfY29sdW1uIiwiZGF0YSI6eyJ0YWJsZXQiOnt9LCJtb2JpbGUiOnt9fX0=&#8221; mobile_bg_img_hidden=&#8221;no&#8221; tablet_bg_img_hidden=&#8221;no&#8221; woodmart_parallax=&#8221;0&#8243; woodmart_sticky_column=&#8221;false&#8221; mobile_reset_margin=&#8221;yes&#8221; tablet_reset_margin=&#8221;yes&#8221;]\n\t\t<div id=\"wd-67f802e067052\" class=\"title-wrapper wd-wpb wd-set-mb reset-last-child  wd-rs-67f802e067052 wd-title-color-default wd-title-style-default text-left  wd-width-custom wd-underline-colored\">\n\t\t\t\n\t\t\t<div class=\"liner-continer\">\n\t\t\t\t<h4 class=\"woodmart-title-container title  wd-font-weight-400 wd-fontsize-l\" >Sanat &amp; El Sanatlar\u0131 St\u00fcdyosu<\/h4>\n\t\t\t\t\t\t\t<\/div>\n\t\t\t\n\t\t\t\n\t\t\t\n\t\t<\/div>\n\t\t\n\t\t\t\t<div id=\"wd-67f802e7c7dd4\" class=\"wd-text-block wd-wpb reset-last-child wd-rs-67f802e7c7dd4 text-left wd-fontsize-s \">\n\t\t\t<p>Sanat st\u00fcdyomuz ve galerimiz,\u00a0<strong>\u00fcnl\u00fc T\u00fcrkolog M\u00fcberra G\u00fcl\u00f6ks\u00fcz<\/strong>\u00a0y\u00f6netiminde, geleneksel T\u00fcrk el sanatlar\u0131 ve tuval \u00fczerine resim tekniklerini ke\u015ffetmenize olanak tan\u0131yor. Hem grup at\u00f6lyeleri hem de bireysel dersler ile sanata dair kendinizi ifade edebilece\u011finiz keyifli bir alan sunuyoruz.<\/p>\n<p>Galeri b\u00f6l\u00fcm\u00fcm\u00fczde,\u00a0<strong>T\u00fcrk k\u00fclt\u00fcr\u00fcn\u00fcn zengin miras\u0131n\u0131 ve sanatsal esteti\u011fini yans\u0131tan eserler<\/strong>\u00a0sergileniyor. Sanatla i\u00e7 i\u00e7e, ilham dolu bir ortamda kendinizi ke\u015ffetmeye davetlisiniz.<\/p>\n\t\t<\/div>\n\t\t<div id=\"wd-680dd5004c327\" class=\" wd-rs-680dd5004c327  wd-button-wrapper text-center inline-element\"><a href=\"https:\/\/kairosvalley.com\/tr\/sanat-el-sanatlari-studyosu\/\" title=\"Sanat &amp; El Sanatlar\u0131 St\u00fcdyosu\" class=\"btn btn-color-primary btn-style-bordered btn-shape-semi-round btn-size-default\">Daha Fazla Bilgi<\/a><\/div>[\/vc_column][\/vc_row][vc_row full_width=&#8221;stretch_row_content&#8221; content_placement=&#8221;middle&#8221; row_reverse_mobile=&#8221;1&#8243; row_reverse_tablet=&#8221;1&#8243; css=&#8221;.vc_custom_1743533003987{margin-top: 40px !important;padding-right: 15px !important;padding-left: 15px !important;}&#8221; woodmart_css_id=&#8221;67ec336d87b10&#8243; responsive_spacing=&#8221;eyJwYXJhbV90eXBlIjoid29vZG1hcnRfcmVzcG9uc2l2ZV9zcGFjaW5nIiwic2VsZWN0b3JfaWQiOiI2N2VjMzM2ZDg3YjEwIiwic2hvcnRjb2RlIjoidmNfcm93IiwiZGF0YSI6eyJ0YWJsZXQiOnt9LCJtb2JpbGUiOnt9fX0=&#8221; mobile_bg_img_hidden=&#8221;no&#8221; tablet_bg_img_hidden=&#8221;no&#8221; woodmart_parallax=&#8221;0&#8243; woodmart_gradient_switch=&#8221;no&#8221; woodmart_disable_overflow=&#8221;0&#8243; woodmart_box_shadow=&#8221;no&#8221; wd_z_index=&#8221;no&#8221;][vc_column scroll_x=&#8221;0&#8243; scroll_y=&#8221;20&#8243; scroll_z=&#8221;0&#8243; woodmart_text_align=&#8221;right&#8221; parallax_scroll=&#8221;yes&#8221; css=&#8221;.vc_custom_1628667933262{margin-right: 65px !important;padding-top: 40px !important;padding-bottom: 30px !important;}&#8221; offset=&#8221;vc_col-lg-offset-1 vc_col-lg-5 vc_col-md-6&#8243; woodmart_css_id=&#8221;61138017208ff&#8221; responsive_spacing=&#8221;eyJwYXJhbV90eXBlIjoid29vZG1hcnRfcmVzcG9uc2l2ZV9zcGFjaW5nIiwic2VsZWN0b3JfaWQiOiI2MTEzODAxNzIwOGZmIiwic2hvcnRjb2RlIjoidmNfY29sdW1uIiwiZGF0YSI6eyJ0YWJsZXQiOnt9LCJtb2JpbGUiOnt9fX0=&#8221; mobile_bg_img_hidden=&#8221;no&#8221; tablet_bg_img_hidden=&#8221;no&#8221; woodmart_parallax=&#8221;0&#8243; woodmart_sticky_column=&#8221;false&#8221; mobile_reset_margin=&#8221;yes&#8221; tablet_reset_margin=&#8221;yes&#8221;]\n\t\t<div id=\"wd-67f802fe9fbbb\" class=\"title-wrapper wd-wpb wd-set-mb reset-last-child  wd-rs-67f802fe9fbbb wd-title-color-default wd-title-style-default text-right  wd-width-custom wd-underline-colored\">\n\t\t\t\n\t\t\t<div class=\"liner-continer\">\n\t\t\t\t<h4 class=\"woodmart-title-container title  wd-font-weight-400 wd-fontsize-l\" >Seramik St\u00fcdyosu<\/h4>\n\t\t\t\t\t\t\t<\/div>\n\t\t\t\n\t\t\t\n\t\t\t\n\t\t<\/div>\n\t\t\n\t\t\t\t<div id=\"wd-67f8030ac3dfc\" class=\"wd-text-block wd-wpb reset-last-child wd-rs-67f8030ac3dfc text-right wd-fontsize-s \">\n\t\t\t<p>B\u00fcy\u00fcleyici bir\u00a0<strong>ta\u015f yel de\u011firmeninde<\/strong>\u00a0konumlanan seramik st\u00fcdyomuz,\u00a0<strong>\u00fcnl\u00fc seramik sanat\u00e7\u0131s\u0131 Ece Ba\u015fak Bi\u00e7er<\/strong>\u00a0taraf\u0131ndan y\u00f6netilmektedir.<\/p>\n<p>Her seviyeye uygun at\u00f6lyeler ve e\u011fitimler sunan bu \u00f6zel alan, ayn\u0131 zamanda\u00a0<strong>benzersiz seramik tasar\u0131mlar\u0131n\u0131n yer ald\u0131\u011f\u0131 bir ma\u011fazaya<\/strong>\u00a0da ev sahipli\u011fi yap\u0131yor. Seramik sanat\u0131n\u0131 ke\u015ffetmek, \u00f6\u011frenmek ve yarat\u0131c\u0131 s\u00fcre\u00e7lerin tad\u0131n\u0131 \u00e7\u0131karmak i\u00e7in ilham verici bir atmosfer sizi bekliyor.<\/p>\n\t\t<\/div>\n\t\t<div id=\"wd-680dd50c972ee\" class=\" wd-rs-680dd50c972ee  wd-button-wrapper text-center inline-element\"><a href=\"https:\/\/kairosvalley.com\/tr\/seramik-studyosu\/\" title=\"Seramik St\u00fcdyosu\" class=\"btn btn-color-primary btn-style-bordered btn-shape-semi-round btn-size-default\">Daha Fazla Bilgi<\/a><\/div>[\/vc_column][vc_column scroll_x=&#8221;0&#8243; scroll_y=&#8221;20&#8243; scroll_z=&#8221;0&#8243; parallax_scroll=&#8221;yes&#8221; css=&#8221;.vc_custom_1743531586377{margin-left: 80px !important;padding-top: 0px !important;background-color: #A8BAA7 !important;}&#8221; offset=&#8221;vc_col-lg-6 vc_col-md-6&#8243; woodmart_parallax=&#8221;0&#8243; woodmart_sticky_column=&#8221;false&#8221; woodmart_css_id=&#8221;67ec2e379ba7c&#8221; responsive_spacing=&#8221;eyJwYXJhbV90eXBlIjoid29vZG1hcnRfcmVzcG9uc2l2ZV9zcGFjaW5nIiwic2VsZWN0b3JfaWQiOiI2N2VjMmUzNzliYTdjIiwic2hvcnRjb2RlIjoidmNfY29sdW1uIiwiZGF0YSI6eyJ0YWJsZXQiOnsicGFkZGluZy1ib3R0b20iOiIzMHB4In0sIm1vYmlsZSI6e319fQ==&#8221; mobile_bg_img_hidden=&#8221;no&#8221; tablet_bg_img_hidden=&#8221;no&#8221; mobile_reset_margin=&#8221;yes&#8221; tablet_reset_margin=&#8221;yes&#8221; wd_collapsible_content_switcher=&#8221;no&#8221; wd_column_role_offcanvas_desktop=&#8221;no&#8221; wd_column_role_offcanvas_tablet=&#8221;no&#8221; wd_column_role_offcanvas_mobile=&#8221;no&#8221; wd_column_role_content_desktop=&#8221;no&#8221; wd_column_role_content_tablet=&#8221;no&#8221; wd_column_role_content_mobile=&#8221;no&#8221; woodmart_box_shadow=&#8221;no&#8221; wd_z_index=&#8221;no&#8221;]\t\t<div id=\"wd-67f803f5236fb\" data-parallax='{\"y\":\"-30\",\"smoothness\":\"30\"}' class=\"wd-image wd-wpb wd-rs-67f803f5236fb text-left vc_custom_1744307194538\">\n\t\t\t\n\t\t\t<img loading=\"lazy\" decoding=\"async\" width=\"775\" height=\"350\" src=\"https:\/\/kairosvalley.com\/wp-content\/uploads\/2025\/04\/serm.jpg\" class=\"attachment-full size-full\" alt=\"\" srcset=\"https:\/\/kairosvalley.com\/wp-content\/uploads\/2025\/04\/serm.jpg 775w, https:\/\/kairosvalley.com\/wp-content\/uploads\/2025\/04\/serm-400x181.jpg 400w, https:\/\/kairosvalley.com\/wp-content\/uploads\/2025\/04\/serm-768x347.jpg 768w\" sizes=\"auto, (max-width: 775px) 100vw, 775px\" \/>\n\t\t\t\t\t<\/div>\n\t\t[\/vc_column][\/vc_row]<\/p>\n<\/div>","protected":false},"excerpt":{"rendered":"<p>[vc_row full_width=&#8221;stretch_row_content&#8221; content_placement=&#8221;middle&#8221; css=&#8221;.vc_custom_1743532793507{padding-top: 100px !important;padding-right: 15px !important;padding-left: 15px !important;}&#8221; woodmart_css_id=&#8221;67ec32f2121d1&#8243; responsive_spacing=&#8221;eyJwYXJhbV90eXBlIjoid29vZG1hcnRfcmVzcG9uc2l2ZV9zcGFjaW5nIiwic2VsZWN0b3JfaWQiOiI2N2VjMzJmMjEyMWQxIiwic2hvcnRjb2RlIjoidmNfcm93IiwiZGF0YSI6eyJ0YWJsZXQiOnt9LCJtb2JpbGUiOnt9fX0=&#8221; mobile_bg_img_hidden=&#8221;no&#8221; tablet_bg_img_hidden=&#8221;no&#8221; woodmart_parallax=&#8221;0&#8243; woodmart_gradient_switch=&#8221;no&#8221; row_reverse_mobile=&#8221;0&#8243; row_reverse_tablet=&#8221;0&#8243; woodmart_disable_overflow=&#8221;0&#8243; woodmart_box_shadow=&#8221;no&#8221;<\/p>\n","protected":false},"author":1,"featured_media":0,"parent":0,"menu_order":0,"comment_status":"closed","ping_status":"closed","template":"","meta":{"footnotes":""},"class_list":["post-10027","page","type-page","status-publish","hentry"],"_links":{"self":[{"href":"https:\/\/kairosvalley.com\/tr\/wp-json\/wp\/v2\/pages\/10027","targetHints":{"allow":["GET"]}}],"collection":[{"href":"https:\/\/kairosvalley.com\/tr\/wp-json\/wp\/v2\/pages"}],"about":[{"href":"https:\/\/kairosvalley.com\/tr\/wp-json\/wp\/v2\/types\/page"}],"author":[{"embeddable":true,"href":"https:\/\/kairosvalley.com\/tr\/wp-json\/wp\/v2\/users\/1"}],"replies":[{"embeddable":true,"href":"https:\/\/kairosvalley.com\/tr\/wp-json\/wp\/v2\/comments?post=10027"}],"version-history":[{"count":5,"href":"https:\/\/kairosvalley.com\/tr\/wp-json\/wp\/v2\/pages\/10027\/revisions"}],"predecessor-version":[{"id":10866,"href":"https:\/\/kairosvalley.com\/tr\/wp-json\/wp\/v2\/pages\/10027\/revisions\/10866"}],"wp:attachment":[{"href":"https:\/\/kairosvalley.com\/tr\/wp-json\/wp\/v2\/media?parent=10027"}],"curies":[{"name":"wp","href":"https:\/\/api.w.org\/{rel}","templated":true}]}}