{"id":10020,"date":"2025-04-10T17:32:18","date_gmt":"2025-04-10T17:32:18","guid":{"rendered":"https:\/\/kairosvalley.com\/?page_id=10020"},"modified":"2025-04-27T06:51:15","modified_gmt":"2025-04-27T06:51:15","slug":"fitness","status":"publish","type":"page","link":"https:\/\/kairosvalley.com\/tr\/fitness\/","title":{"rendered":"Fitness"},"content":{"rendered":"<div class=\"wpb-content-wrapper\"><p>[vc_row full_width=&#8221;stretch_row_content&#8221; content_placement=&#8221;middle&#8221; css=&#8221;.vc_custom_1743532793507{padding-top: 100px !important;padding-right: 15px !important;padding-left: 15px !important;}&#8221; woodmart_css_id=&#8221;67ec32f2121d1&#8243; responsive_spacing=&#8221;eyJwYXJhbV90eXBlIjoid29vZG1hcnRfcmVzcG9uc2l2ZV9zcGFjaW5nIiwic2VsZWN0b3JfaWQiOiI2N2VjMzJmMjEyMWQxIiwic2hvcnRjb2RlIjoidmNfcm93IiwiZGF0YSI6eyJ0YWJsZXQiOnt9LCJtb2JpbGUiOnt9fX0=&#8221; mobile_bg_img_hidden=&#8221;no&#8221; tablet_bg_img_hidden=&#8221;no&#8221; woodmart_parallax=&#8221;0&#8243; woodmart_gradient_switch=&#8221;no&#8221; row_reverse_mobile=&#8221;0&#8243; row_reverse_tablet=&#8221;0&#8243; woodmart_disable_overflow=&#8221;0&#8243; woodmart_box_shadow=&#8221;no&#8221; wd_z_index=&#8221;no&#8221;][vc_column scroll_x=&#8221;0&#8243; scroll_y=&#8221;20&#8243; scroll_z=&#8221;0&#8243; parallax_scroll=&#8221;yes&#8221; css=&#8221;.vc_custom_1744740477096{margin-right: 80px !important;padding-top: 40px !important;padding-bottom: 25px !important;background-color: #A8BAA7 !important;}&#8221; offset=&#8221;vc_col-lg-6 vc_col-md-6&#8243; woodmart_css_id=&#8221;67fea079b1403&#8243; responsive_spacing=&#8221;eyJwYXJhbV90eXBlIjoid29vZG1hcnRfcmVzcG9uc2l2ZV9zcGFjaW5nIiwic2VsZWN0b3JfaWQiOiI2N2ZlYTA3OWIxNDAzIiwic2hvcnRjb2RlIjoidmNfY29sdW1uIiwiZGF0YSI6eyJ0YWJsZXQiOnsicGFkZGluZy1ib3R0b20iOiI1NXB4In0sIm1vYmlsZSI6eyJwYWRkaW5nLWJvdHRvbSI6IjBweCIsInBhZGRpbmctbGVmdCI6IjIwcHgifX19&#8243; mobile_bg_img_hidden=&#8221;no&#8221; tablet_bg_img_hidden=&#8221;no&#8221; woodmart_parallax=&#8221;0&#8243; woodmart_sticky_column=&#8221;false&#8221; mobile_reset_margin=&#8221;yes&#8221; tablet_reset_margin=&#8221;yes&#8221; wd_z_index=&#8221;no&#8221; wd_collapsible_content_switcher=&#8221;no&#8221; wd_column_role_offcanvas_desktop=&#8221;no&#8221; wd_column_role_offcanvas_tablet=&#8221;no&#8221; wd_column_role_offcanvas_mobile=&#8221;no&#8221; wd_column_role_content_desktop=&#8221;no&#8221; wd_column_role_content_tablet=&#8221;no&#8221; wd_column_role_content_mobile=&#8221;no&#8221; woodmart_box_shadow=&#8221;no&#8221;]\t\t<div id=\"wd-67fea046ddc15\" data-parallax='{\"y\":\"-30\",\"smoothness\":\"30\"}' class=\"wd-image wd-wpb wd-rs-67fea046ddc15 text-right vc_custom_1744740454376\">\n\t\t\t\n\t\t\t<img loading=\"lazy\" decoding=\"async\" width=\"775\" height=\"350\" src=\"https:\/\/kairosvalley.com\/wp-content\/uploads\/2025\/04\/fit.jpg\" class=\"attachment-full size-full\" alt=\"\" srcset=\"https:\/\/kairosvalley.com\/wp-content\/uploads\/2025\/04\/fit.jpg 775w, https:\/\/kairosvalley.com\/wp-content\/uploads\/2025\/04\/fit-400x181.jpg 400w, https:\/\/kairosvalley.com\/wp-content\/uploads\/2025\/04\/fit-768x347.jpg 768w\" sizes=\"auto, (max-width: 775px) 100vw, 775px\" \/>\n\t\t\t\t\t<\/div>\n\t\t[\/vc_column][vc_column scroll_x=&#8221;0&#8243; scroll_y=&#8221;20&#8243; scroll_z=&#8221;0&#8243; parallax_scroll=&#8221;yes&#8221; css=&#8221;.vc_custom_1628667942709{margin-left: 65px !important;padding-top: 40px !important;padding-bottom: 30px !important;}&#8221; offset=&#8221;vc_col-lg-5 vc_col-md-6&#8243; woodmart_css_id=&#8221;6113801f21d49&#8243; responsive_spacing=&#8221;eyJwYXJhbV90eXBlIjoid29vZG1hcnRfcmVzcG9uc2l2ZV9zcGFjaW5nIiwic2VsZWN0b3JfaWQiOiI2MTEzODAxZjIxZDQ5Iiwic2hvcnRjb2RlIjoidmNfY29sdW1uIiwiZGF0YSI6eyJ0YWJsZXQiOnt9LCJtb2JpbGUiOnt9fX0=&#8221; mobile_bg_img_hidden=&#8221;no&#8221; tablet_bg_img_hidden=&#8221;no&#8221; woodmart_parallax=&#8221;0&#8243; woodmart_sticky_column=&#8221;false&#8221; mobile_reset_margin=&#8221;yes&#8221; tablet_reset_margin=&#8221;yes&#8221;]\n\t\t<div id=\"wd-67f8000ce98a7\" class=\"title-wrapper wd-wpb wd-set-mb reset-last-child  wd-rs-67f8000ce98a7 wd-title-color-default wd-title-style-default text-left  wd-width-custom wd-underline-colored\">\n\t\t\t\n\t\t\t<div class=\"liner-continer\">\n\t\t\t\t<h4 class=\"woodmart-title-container title  wd-font-weight-400 wd-fontsize-l\" >Spor Salonu<\/h4>\n\t\t\t\t\t\t\t<\/div>\n\t\t\t\n\t\t\t\n\t\t\t\n\t\t<\/div>\n\t\t\n\t\t\t\t<div id=\"wd-67f80014aa891\" class=\"wd-text-block wd-wpb reset-last-child wd-rs-67f80014aa891 text-left wd-fontsize-s \">\n\t\t\t<p>Fitness yolculu\u011funuzu desteklemek ve sa\u011fl\u0131\u011f\u0131n\u0131z\u0131 g\u00fc\u00e7lendirmek i\u00e7in tasarlanan spor salonumuz, do\u011fayla uyum i\u00e7inde hareket etme imk\u00e2n\u0131 sunuyor.<\/p>\n<p><strong>Son Teknoloji Technogym Kablo Ekipmanlar\u0131<\/strong>\u00a0\u2013 Her fitness seviyesine uygun, verimli ve \u00e7ok y\u00f6nl\u00fc g\u00fc\u00e7 antrenmanlar\u0131 i\u00e7in \u00f6zel olarak tasarland\u0131.<\/p>\n<p><strong>Buhar &amp; Sauna Odalar\u0131<\/strong>\u00a0\u2013 Do\u011fan\u0131n huzur verici manzaralar\u0131 e\u015fli\u011finde gev\u015feyip yenilenmeniz i\u00e7in m\u00fckemmel bir ortam sunar.<\/p>\n<p>Sa\u011fl\u0131k ve huzurun bulu\u015ftu\u011fu bu \u00f6zel fitness deneyimine kat\u0131larak,\u00a0<strong>hedeflerinize do\u011fayla uyum i\u00e7inde ula\u015fabilirsiniz<\/strong><\/p>\n\t\t<\/div>\n\t\t<div id=\"wd-680dd3c3abccd\" class=\" wd-rs-680dd3c3abccd  wd-button-wrapper text-center inline-element\"><a href=\"https:\/\/kairosvalley.com\/tr\/spor-salonu\/\" title=\"Spor Salonu\" class=\"btn btn-color-primary btn-style-bordered btn-shape-semi-round btn-size-default\">Daha Fazla Bilgi<\/a><\/div>[\/vc_column][\/vc_row][vc_row full_width=&#8221;stretch_row_content&#8221; content_placement=&#8221;middle&#8221; row_reverse_mobile=&#8221;1&#8243; row_reverse_tablet=&#8221;1&#8243; css=&#8221;.vc_custom_1743533003987{margin-top: 40px !important;padding-right: 15px !important;padding-left: 15px !important;}&#8221; woodmart_css_id=&#8221;67ec336d87b10&#8243; responsive_spacing=&#8221;eyJwYXJhbV90eXBlIjoid29vZG1hcnRfcmVzcG9uc2l2ZV9zcGFjaW5nIiwic2VsZWN0b3JfaWQiOiI2N2VjMzM2ZDg3YjEwIiwic2hvcnRjb2RlIjoidmNfcm93IiwiZGF0YSI6eyJ0YWJsZXQiOnt9LCJtb2JpbGUiOnt9fX0=&#8221; mobile_bg_img_hidden=&#8221;no&#8221; tablet_bg_img_hidden=&#8221;no&#8221; woodmart_parallax=&#8221;0&#8243; woodmart_gradient_switch=&#8221;no&#8221; woodmart_disable_overflow=&#8221;0&#8243; woodmart_box_shadow=&#8221;no&#8221; wd_z_index=&#8221;no&#8221;][vc_column scroll_x=&#8221;0&#8243; scroll_y=&#8221;20&#8243; scroll_z=&#8221;0&#8243; woodmart_text_align=&#8221;right&#8221; parallax_scroll=&#8221;yes&#8221; css=&#8221;.vc_custom_1628667933262{margin-right: 65px !important;padding-top: 40px !important;padding-bottom: 30px !important;}&#8221; offset=&#8221;vc_col-lg-offset-1 vc_col-lg-5 vc_col-md-6&#8243; woodmart_css_id=&#8221;61138017208ff&#8221; responsive_spacing=&#8221;eyJwYXJhbV90eXBlIjoid29vZG1hcnRfcmVzcG9uc2l2ZV9zcGFjaW5nIiwic2VsZWN0b3JfaWQiOiI2MTEzODAxNzIwOGZmIiwic2hvcnRjb2RlIjoidmNfY29sdW1uIiwiZGF0YSI6eyJ0YWJsZXQiOnt9LCJtb2JpbGUiOnt9fX0=&#8221; mobile_bg_img_hidden=&#8221;no&#8221; tablet_bg_img_hidden=&#8221;no&#8221; woodmart_parallax=&#8221;0&#8243; woodmart_sticky_column=&#8221;false&#8221; mobile_reset_margin=&#8221;yes&#8221; tablet_reset_margin=&#8221;yes&#8221;]\n\t\t<div id=\"wd-67f800218163d\" class=\"title-wrapper wd-wpb wd-set-mb reset-last-child  wd-rs-67f800218163d wd-title-color-default wd-title-style-default text-right  wd-width-custom wd-underline-colored\">\n\t\t\t\n\t\t\t<div class=\"liner-continer\">\n\t\t\t\t<h4 class=\"woodmart-title-container title  wd-font-weight-400 wd-fontsize-l\" >Pilates<\/h4>\n\t\t\t\t\t\t\t<\/div>\n\t\t\t\n\t\t\t\n\t\t\t\n\t\t<\/div>\n\t\t\n\t\t\t\t<div id=\"wd-67f8002dce26f\" class=\"wd-text-block wd-wpb reset-last-child wd-rs-67f8002dce26f text-right wd-fontsize-s \">\n\t\t\t<p>Merkez b\u00f6lgenizi g\u00fc\u00e7lendirin, esnekli\u011finizi art\u0131r\u0131n ve dengeyi geli\u015ftirin!<\/p>\n<p><strong>Reformer ve Mat Pilates derslerimiz<\/strong>, her seviyeye uygun olarak tasarland\u0131 ve destekleyici, motive edici bir ortamda wellness hedeflerinize ula\u015fman\u0131za yard\u0131mc\u0131 oluyor.<\/p>\n<p>Bedeniniz ve zihniniz i\u00e7in\u00a0<strong>g\u00fc\u00e7lendirici ve yenileyici<\/strong>\u00a0bir deneyim sizi bekliyor!<\/p>\n\t\t<\/div>\n\t\t<div id=\"wd-680dd3ccb2e1e\" class=\" wd-rs-680dd3ccb2e1e  wd-button-wrapper text-center inline-element\"><a href=\"https:\/\/kairosvalley.com\/tr\/pilates\/\" title=\"Pilates\" class=\"btn btn-color-primary btn-style-bordered btn-shape-semi-round btn-size-default\">Daha Fazla Bilgi<\/a><\/div>[\/vc_column][vc_column scroll_x=&#8221;0&#8243; scroll_y=&#8221;20&#8243; scroll_z=&#8221;0&#8243; parallax_scroll=&#8221;yes&#8221; css=&#8221;.vc_custom_1743531586377{margin-left: 80px !important;padding-top: 0px !important;background-color: #A8BAA7 !important;}&#8221; offset=&#8221;vc_col-lg-6 vc_col-md-6&#8243; woodmart_parallax=&#8221;0&#8243; woodmart_sticky_column=&#8221;false&#8221; woodmart_css_id=&#8221;67ec2e379ba7c&#8221; responsive_spacing=&#8221;eyJwYXJhbV90eXBlIjoid29vZG1hcnRfcmVzcG9uc2l2ZV9zcGFjaW5nIiwic2VsZWN0b3JfaWQiOiI2N2VjMmUzNzliYTdjIiwic2hvcnRjb2RlIjoidmNfY29sdW1uIiwiZGF0YSI6eyJ0YWJsZXQiOnsicGFkZGluZy1ib3R0b20iOiIzMHB4In0sIm1vYmlsZSI6e319fQ==&#8221; mobile_bg_img_hidden=&#8221;no&#8221; tablet_bg_img_hidden=&#8221;no&#8221; mobile_reset_margin=&#8221;yes&#8221; tablet_reset_margin=&#8221;yes&#8221; wd_collapsible_content_switcher=&#8221;no&#8221; wd_column_role_offcanvas_desktop=&#8221;no&#8221; wd_column_role_offcanvas_tablet=&#8221;no&#8221; wd_column_role_offcanvas_mobile=&#8221;no&#8221; wd_column_role_content_desktop=&#8221;no&#8221; wd_column_role_content_tablet=&#8221;no&#8221; wd_column_role_content_mobile=&#8221;no&#8221; woodmart_box_shadow=&#8221;no&#8221; wd_z_index=&#8221;no&#8221;]\t\t<div id=\"wd-67f802076fea0\" data-parallax='{\"y\":\"-30\",\"smoothness\":\"30\"}' class=\"wd-image wd-wpb wd-rs-67f802076fea0 text-left vc_custom_1744306702291\">\n\t\t\t\n\t\t\t<img loading=\"lazy\" decoding=\"async\" width=\"775\" height=\"350\" src=\"https:\/\/kairosvalley.com\/wp-content\/uploads\/2025\/04\/ref.jpg\" class=\"attachment-full size-full\" alt=\"\" srcset=\"https:\/\/kairosvalley.com\/wp-content\/uploads\/2025\/04\/ref.jpg 775w, https:\/\/kairosvalley.com\/wp-content\/uploads\/2025\/04\/ref-400x181.jpg 400w, https:\/\/kairosvalley.com\/wp-content\/uploads\/2025\/04\/ref-768x347.jpg 768w\" sizes=\"auto, (max-width: 775px) 100vw, 775px\" \/>\n\t\t\t\t\t<\/div>\n\t\t[\/vc_column][\/vc_row][vc_row full_width=&#8221;stretch_row_content&#8221; content_placement=&#8221;middle&#8221; css=&#8221;.vc_custom_1743532970062{margin-top: 40px !important;padding-right: 15px !important;padding-left: 15px !important;}&#8221; woodmart_css_id=&#8221;67ec339dd303e&#8221; responsive_spacing=&#8221;eyJwYXJhbV90eXBlIjoid29vZG1hcnRfcmVzcG9uc2l2ZV9zcGFjaW5nIiwic2VsZWN0b3JfaWQiOiI2N2VjMzM5ZGQzMDNlIiwic2hvcnRjb2RlIjoidmNfcm93IiwiZGF0YSI6eyJ0YWJsZXQiOnt9LCJtb2JpbGUiOnt9fX0=&#8221; mobile_bg_img_hidden=&#8221;no&#8221; tablet_bg_img_hidden=&#8221;no&#8221; woodmart_parallax=&#8221;0&#8243; woodmart_gradient_switch=&#8221;no&#8221; row_reverse_mobile=&#8221;0&#8243; row_reverse_tablet=&#8221;0&#8243; woodmart_disable_overflow=&#8221;0&#8243; woodmart_box_shadow=&#8221;no&#8221; wd_z_index=&#8221;no&#8221;][vc_column scroll_x=&#8221;0&#8243; scroll_y=&#8221;20&#8243; scroll_z=&#8221;0&#8243; parallax_scroll=&#8221;yes&#8221; css=&#8221;.vc_custom_1743531573598{margin-right: 80px !important;padding-top: 40px !important;padding-bottom: 25px !important;background-color: #A8BAA7 !important;}&#8221; offset=&#8221;vc_col-lg-6 vc_col-md-6&#8243; woodmart_css_id=&#8221;67ec2e028575a&#8221; responsive_spacing=&#8221;eyJwYXJhbV90eXBlIjoid29vZG1hcnRfcmVzcG9uc2l2ZV9zcGFjaW5nIiwic2VsZWN0b3JfaWQiOiI2N2VjMmUwMjg1NzVhIiwic2hvcnRjb2RlIjoidmNfY29sdW1uIiwiZGF0YSI6eyJ0YWJsZXQiOnsicGFkZGluZy1ib3R0b20iOiI1NXB4In0sIm1vYmlsZSI6e319fQ==&#8221; mobile_bg_img_hidden=&#8221;no&#8221; tablet_bg_img_hidden=&#8221;no&#8221; woodmart_parallax=&#8221;0&#8243; woodmart_sticky_column=&#8221;false&#8221; mobile_reset_margin=&#8221;yes&#8221; tablet_reset_margin=&#8221;yes&#8221; wd_z_index=&#8221;no&#8221; wd_collapsible_content_switcher=&#8221;no&#8221; wd_column_role_offcanvas_desktop=&#8221;no&#8221; wd_column_role_offcanvas_tablet=&#8221;no&#8221; wd_column_role_offcanvas_mobile=&#8221;no&#8221; wd_column_role_content_desktop=&#8221;no&#8221; wd_column_role_content_tablet=&#8221;no&#8221; wd_column_role_content_mobile=&#8221;no&#8221; woodmart_box_shadow=&#8221;no&#8221;]\t\t<div id=\"wd-67f8021162030\" data-parallax='{\"y\":\"-30\",\"smoothness\":\"30\"}' class=\"wd-image wd-wpb wd-rs-67f8021162030 text-right vc_custom_1744306710276\">\n\t\t\t\n\t\t\t<img loading=\"lazy\" decoding=\"async\" width=\"775\" height=\"350\" src=\"https:\/\/kairosvalley.com\/wp-content\/uploads\/2025\/04\/hav.jpg\" class=\"attachment-full size-full\" alt=\"\" srcset=\"https:\/\/kairosvalley.com\/wp-content\/uploads\/2025\/04\/hav.jpg 775w, https:\/\/kairosvalley.com\/wp-content\/uploads\/2025\/04\/hav-400x181.jpg 400w, https:\/\/kairosvalley.com\/wp-content\/uploads\/2025\/04\/hav-768x347.jpg 768w\" sizes=\"auto, (max-width: 775px) 100vw, 775px\" \/>\n\t\t\t\t\t<\/div>\n\t\t[\/vc_column][vc_column scroll_x=&#8221;0&#8243; scroll_y=&#8221;20&#8243; scroll_z=&#8221;0&#8243; parallax_scroll=&#8221;yes&#8221; css=&#8221;.vc_custom_1628667942709{margin-left: 65px !important;padding-top: 40px !important;padding-bottom: 30px !important;}&#8221; offset=&#8221;vc_col-lg-5 vc_col-md-6&#8243; woodmart_css_id=&#8221;6113801f21d49&#8243; responsive_spacing=&#8221;eyJwYXJhbV90eXBlIjoid29vZG1hcnRfcmVzcG9uc2l2ZV9zcGFjaW5nIiwic2VsZWN0b3JfaWQiOiI2MTEzODAxZjIxZDQ5Iiwic2hvcnRjb2RlIjoidmNfY29sdW1uIiwiZGF0YSI6eyJ0YWJsZXQiOnt9LCJtb2JpbGUiOnt9fX0=&#8221; mobile_bg_img_hidden=&#8221;no&#8221; tablet_bg_img_hidden=&#8221;no&#8221; woodmart_parallax=&#8221;0&#8243; woodmart_sticky_column=&#8221;false&#8221; mobile_reset_margin=&#8221;yes&#8221; tablet_reset_margin=&#8221;yes&#8221;]\n\t\t<div id=\"wd-67f800777c167\" class=\"title-wrapper wd-wpb wd-set-mb reset-last-child  wd-rs-67f800777c167 wd-title-color-default wd-title-style-default text-left  wd-width-custom wd-underline-colored\">\n\t\t\t\n\t\t\t<div class=\"liner-continer\">\n\t\t\t\t<h4 class=\"woodmart-title-container title  wd-font-weight-400 wd-fontsize-l\" >A\u00e7\u0131k Y\u00fczme Havuzu<\/h4>\n\t\t\t\t\t\t\t<\/div>\n\t\t\t\n\t\t\t\n\t\t\t\n\t\t<\/div>\n\t\t\n\t\t\t\t<div id=\"wd-67f8008d397be\" class=\"wd-text-block wd-wpb reset-last-child wd-rs-67f8008d397be text-left wd-fontsize-s \">\n\t\t\t<p><strong>5 kulvarl\u0131, profesyonel \u00f6l\u00e7\u00fclere sahip y\u00fczme havuzumuz<\/strong>, hem su sporlar\u0131 hem de keyifli bir y\u00fczme deneyimi i\u00e7in ideal bir alan sunuyor:<\/p>\n<p><strong>\u00d6zellikler:<\/strong><br \/>\n\u2714\u00a0<strong>Boyutlar:<\/strong>\u00a020 metre uzunluk, 10 metre geni\u015flik<br \/>\n\u2714\u00a0<strong>Kulvarlar:<\/strong>\u00a0Her biri 2 metre geni\u015fli\u011finde 5 kulvar, dip kulvar i\u015faretleriyle donat\u0131lm\u0131\u015ft\u0131r<br \/>\n\u2714\u00a0<strong>G\u00fcvenlik:<\/strong>\u00a0Kaymaz zemin kaplamas\u0131 ve drenaj sistemiyle g\u00fcvenli bir y\u00fczme deneyimi<\/p>\n<p><strong>Ek olarak havuz alan\u0131nda:<\/strong><br \/>\n\u2714 A\u00e7\u0131k du\u015flar<br \/>\n\u2714 Konforlu oturma ve dinlenme alanlar\u0131<br \/>\n\u2714 \u015eemsiye ve pergola gibi g\u00f6lgelikler<\/p>\n<p><strong>\u00d6zel su alt\u0131 ve g\u00fcverte ayd\u0131nlatmalar\u0131 sayesinde ak\u015fam saatlerinde de keyifli bir y\u00fczme deneyimi sizi bekliyor!<\/strong><\/p>\n\t\t<\/div>\n\t\t<div id=\"wd-680dd3d815942\" class=\" wd-rs-680dd3d815942  wd-button-wrapper text-center inline-element\"><a href=\"https:\/\/kairosvalley.com\/tr\/acik-yuzme-havuzu\/\" title=\"A\u00e7\u0131k Y\u00fczme Havuzu\" class=\"btn btn-color-primary btn-style-bordered btn-shape-semi-round btn-size-default\">Daha Fazla Bilgi<\/a><\/div>[\/vc_column][\/vc_row]<\/p>\n<\/div>","protected":false},"excerpt":{"rendered":"<p>[vc_row full_width=&#8221;stretch_row_content&#8221; content_placement=&#8221;middle&#8221; css=&#8221;.vc_custom_1743532793507{padding-top: 100px !important;padding-right: 15px !important;padding-left: 15px !important;}&#8221; woodmart_css_id=&#8221;67ec32f2121d1&#8243; responsive_spacing=&#8221;eyJwYXJhbV90eXBlIjoid29vZG1hcnRfcmVzcG9uc2l2ZV9zcGFjaW5nIiwic2VsZWN0b3JfaWQiOiI2N2VjMzJmMjEyMWQxIiwic2hvcnRjb2RlIjoidmNfcm93IiwiZGF0YSI6eyJ0YWJsZXQiOnt9LCJtb2JpbGUiOnt9fX0=&#8221; mobile_bg_img_hidden=&#8221;no&#8221; tablet_bg_img_hidden=&#8221;no&#8221; woodmart_parallax=&#8221;0&#8243; woodmart_gradient_switch=&#8221;no&#8221; row_reverse_mobile=&#8221;0&#8243; row_reverse_tablet=&#8221;0&#8243; woodmart_disable_overflow=&#8221;0&#8243; woodmart_box_shadow=&#8221;no&#8221;<\/p>\n","protected":false},"author":1,"featured_media":0,"parent":0,"menu_order":0,"comment_status":"closed","ping_status":"closed","template":"","meta":{"footnotes":""},"class_list":["post-10020","page","type-page","status-publish","hentry"],"_links":{"self":[{"href":"https:\/\/kairosvalley.com\/tr\/wp-json\/wp\/v2\/pages\/10020","targetHints":{"allow":["GET"]}}],"collection":[{"href":"https:\/\/kairosvalley.com\/tr\/wp-json\/wp\/v2\/pages"}],"about":[{"href":"https:\/\/kairosvalley.com\/tr\/wp-json\/wp\/v2\/types\/page"}],"author":[{"embeddable":true,"href":"https:\/\/kairosvalley.com\/tr\/wp-json\/wp\/v2\/users\/1"}],"replies":[{"embeddable":true,"href":"https:\/\/kairosvalley.com\/tr\/wp-json\/wp\/v2\/comments?post=10020"}],"version-history":[{"count":5,"href":"https:\/\/kairosvalley.com\/tr\/wp-json\/wp\/v2\/pages\/10020\/revisions"}],"predecessor-version":[{"id":10859,"href":"https:\/\/kairosvalley.com\/tr\/wp-json\/wp\/v2\/pages\/10020\/revisions\/10859"}],"wp:attachment":[{"href":"https:\/\/kairosvalley.com\/tr\/wp-json\/wp\/v2\/media?parent=10020"}],"curies":[{"name":"wp","href":"https:\/\/api.w.org\/{rel}","templated":true}]}}